{"id":4597,"date":"2023-02-22T12:52:03","date_gmt":"2023-02-22T12:52:03","guid":{"rendered":"https:\/\/edisongold.com\/o-podjetju\/"},"modified":"2025-12-09T11:14:17","modified_gmt":"2025-12-09T11:14:17","slug":"informazioni-sullazienda","status":"publish","type":"page","link":"https:\/\/edisongold.com\/it\/informazioni-sullazienda\/","title":{"rendered":"Informazioni sull&#8217;azienda"},"content":{"rendered":"<div class=\"fusion-fullwidth fullwidth-box fusion-builder-row-1 fusion-flex-container has-pattern-background has-mask-background nonhundred-percent-fullwidth non-hundred-percent-height-scrolling\" style=\"--awb-border-radius-top-left:0px;--awb-border-radius-top-right:0px;--awb-border-radius-bottom-right:0px;--awb-border-radius-bottom-left:0px;--awb-flex-wrap:wrap;\" ><div class=\"fusion-builder-row fusion-row fusion-flex-align-items-flex-start fusion-flex-content-wrap\" style=\"max-width:1996.8px;margin-left: calc(-4% \/ 2 );margin-right: calc(-4% \/ 2 );\"><div class=\"fusion-layout-column fusion_builder_column fusion-builder-column-0 fusion_builder_column_1_1 1_1 fusion-flex-column\" style=\"--awb-bg-size:cover;--awb-width-large:100%;--awb-margin-top-large:0px;--awb-spacing-right-large:1.92%;--awb-margin-bottom-large:20px;--awb-spacing-left-large:1.92%;--awb-width-medium:100%;--awb-order-medium:0;--awb-spacing-right-medium:1.92%;--awb-spacing-left-medium:1.92%;--awb-width-small:100%;--awb-order-small:0;--awb-spacing-right-small:1.92%;--awb-spacing-left-small:1.92%;\"><div class=\"fusion-column-wrapper fusion-column-has-shadow fusion-flex-justify-content-flex-start fusion-content-layout-column\"><div class=\"fusion-text fusion-text-1\"><p>Edisongold \u00e8 un marchio di propriet\u00e0 della Edisontrade d.o.o., societ\u00e0 la quale si occupa a livello professionale nel settore d\u2019acquisto e vendita di metalli preziosi (banco metalli). La societ\u00e0 Edisontrade, d.o.o., \u00e8 presente nell\u2019industria orafa dal 1990, invece la nostra tradizione famigliare in questo settore risale al lontano 1850. Pertanto, siamo tra i pochi che possono valutare professionalmente il Vostro oro usato. Ci impegniamo a rendere i nostri prezzi d\u2019acquisto nel compro oro pi\u00f9 alti possibili, ci\u00f2 dimostra il nostro rispetto per i nostri clienti e per l&#8217;oro stesso.<\/p>\n<p>Da decenni collaboriamo con la zecca Argor-Heraeus SA di conseguenza abbiamo aperto l\u2019ufficio-banco metalli a Capodistria. Siamo gli unici in questo settore, con molti anni di esperienza, ad offrirvi un\u2019ampia scelta di oro da investimento in stock, valutazioni e pagamenti immediati nel compro oro tutto in un unico posto. L\u2019azienda si basa su professionalit\u00e0, affidabilit\u00e0, discrezione, sicurezza e una visione positiva del futuro. La nostra sede \u00e8 situata in una location discreta ed \u00e8 attrezzata secondo gli standard europei<br \/>\nper banco metalli. Ogni cliente entra singolarmente per garantire la propria privacy e sicurezza, per i clienti pi\u00f9 esigenti che intendono acquistare quantit\u00e0 maggiori, abbiamo un\u2019area appositamente dedicata. Tutti gli articoli pubblicati sul nostro sito sono disponibili in pronta consegna!<\/p>\n<p>Pertanto i nostri clienti possono effettuare l\u2019acquisto praticamente in pochi minuti.<\/p>\n<\/div><div class=\"fusion-title title fusion-title-1 fusion-sep-none fusion-title-text fusion-title-size-four\" style=\"--awb-text-color:var(--awb-color5);--awb-font-size:26px;\"><h4 class=\"fusion-title-heading title-heading-left\" style=\"font-family:var(--awb-typography1-font-family);font-weight:var(--awb-typography1-font-weight);font-style:var(--awb-typography1-font-style);margin:0;letter-spacing:var(--awb-typography1-letter-spacing);text-transform:var(--awb-typography1-text-transform);font-size:1em;line-height:var(--awb-typography1-line-height);\">PERCH\u00c9 INVESTIRE IN ORO<\/h4><\/div><div class=\"fusion-text fusion-text-2\"><p>Il valore dell\u2019oro continuer\u00e0 a salire finch\u00e9 ci sar\u00e0 domanda, soprattutto finch\u00e9 durer\u00e0 questo periodo di crisi. L\u2019oro \u00e8 una valuta globale, il suo valore \u00e8 immutabile, mentre i titoli e persino le valute possono perdere anche tutto il loro valore. Le valute cambiano, i paesi cambiano, ma l&#8217;oro esiste ancora e mantiene il suo valore sin da quando l&#8217;uomo l&#8217;ha scoperto. Perci\u00f2 se avete del capitale libero, comprate l\u2019oro da investimento perch\u00e9 \u00e8 uno dei pi\u00f9 sicuri investimenti a lungo termine.<\/p>\n<\/div><div class=\"fusion-title title fusion-title-2 fusion-sep-none fusion-title-text fusion-title-size-four\" style=\"--awb-text-color:var(--awb-color5);--awb-font-size:26px;\"><h4 class=\"fusion-title-heading title-heading-left\" style=\"font-family:var(--awb-typography1-font-family);font-weight:var(--awb-typography1-font-weight);font-style:var(--awb-typography1-font-style);margin:0;letter-spacing:var(--awb-typography1-letter-spacing);text-transform:var(--awb-typography1-text-transform);font-size:1em;line-height:var(--awb-typography1-line-height);\">IL NOSTRO ORO DA INVESTIMENTO:<\/h4><\/div><div class=\"fusion-builder-row fusion-builder-row-inner fusion-row fusion-flex-align-items-flex-start fusion-flex-content-wrap\" style=\"width:104% !important;max-width:104% !important;margin-left: calc(-4% \/ 2 );margin-right: calc(-4% \/ 2 );\"><div class=\"fusion-layout-column fusion_builder_column_inner fusion-builder-nested-column-0 fusion_builder_column_inner_3_4 3_4 fusion-flex-column\" style=\"--awb-bg-size:cover;--awb-width-large:75%;--awb-margin-top-large:0px;--awb-spacing-right-large:2.56%;--awb-margin-bottom-large:20px;--awb-spacing-left-large:2.56%;--awb-width-medium:75%;--awb-order-medium:0;--awb-spacing-right-medium:2.56%;--awb-spacing-left-medium:2.56%;--awb-width-small:100%;--awb-order-small:0;--awb-spacing-right-small:1.92%;--awb-spacing-left-small:1.92%;\"><div class=\"fusion-column-wrapper fusion-column-has-shadow fusion-flex-justify-content-flex-start fusion-content-layout-column\"><div class=\"fusion-text fusion-text-3\"><ul>\n<li>lingotti d\u2019oro della rinomata zecca svizzera Argor-Heraeus SA. Il pi\u00f9 grande fornitore mondiale di metalli preziosi \u00e8 il gruppo tedesco Heraeus, al quale appartiene<br \/>\nanche la Argor-Heraeus SA di Mendrisio. I prodotti Heraeus sono i pi\u00f9 conosciuti e apprezzati al mondo infatti non c\u2019\u00e8 luogo, dove i loro prodotti non sono giunti.<\/li>\n<\/ul>\n<\/div><\/div><\/div><div class=\"fusion-layout-column fusion_builder_column_inner fusion-builder-nested-column-1 fusion_builder_column_inner_1_4 1_4 fusion-flex-column\" style=\"--awb-bg-size:cover;--awb-width-large:25%;--awb-margin-top-large:0px;--awb-spacing-right-large:7.68%;--awb-margin-bottom-large:20px;--awb-spacing-left-large:7.68%;--awb-width-medium:25%;--awb-order-medium:0;--awb-spacing-right-medium:7.68%;--awb-spacing-left-medium:7.68%;--awb-width-small:100%;--awb-order-small:0;--awb-spacing-right-small:1.92%;--awb-spacing-left-small:1.92%;\"><div class=\"fusion-column-wrapper fusion-column-has-shadow fusion-flex-justify-content-flex-start fusion-content-layout-column\"><div class=\"fusion-image-element \" style=\"--awb-max-width:120px;--awb-caption-title-font-family:var(--h2_typography-font-family);--awb-caption-title-font-weight:var(--h2_typography-font-weight);--awb-caption-title-font-style:var(--h2_typography-font-style);--awb-caption-title-size:var(--h2_typography-font-size);--awb-caption-title-transform:var(--h2_typography-text-transform);--awb-caption-title-line-height:var(--h2_typography-line-height);--awb-caption-title-letter-spacing:var(--h2_typography-letter-spacing);\"><span class=\" fusion-imageframe imageframe-none imageframe-1 hover-type-none\"><img decoding=\"async\" width=\"300\" height=\"298\" title=\"argor_rumen\" src=\"https:\/\/edisongold.com\/wp-content\/uploads\/2023\/03\/argor_rumen.png\" alt class=\"img-responsive wp-image-4074\" srcset=\"https:\/\/edisongold.com\/wp-content\/uploads\/2023\/03\/argor_rumen-200x199.png 200w, https:\/\/edisongold.com\/wp-content\/uploads\/2023\/03\/argor_rumen.png 300w\" sizes=\"(max-width: 768px) 100vw, 300px\" \/><\/span><\/div><\/div><\/div><\/div><div class=\"fusion-builder-row fusion-builder-row-inner fusion-row fusion-flex-align-items-flex-start fusion-flex-content-wrap\" style=\"width:104% !important;max-width:104% !important;margin-left: calc(-4% \/ 2 );margin-right: calc(-4% \/ 2 );\"><div class=\"fusion-layout-column fusion_builder_column_inner fusion-builder-nested-column-2 fusion_builder_column_inner_1_2 1_2 fusion-flex-column fusion-flex-align-self-stretch\" style=\"--awb-bg-size:cover;--awb-width-large:50%;--awb-margin-top-large:0px;--awb-spacing-right-large:3.84%;--awb-margin-bottom-large:20px;--awb-spacing-left-large:3.84%;--awb-width-medium:50%;--awb-order-medium:0;--awb-spacing-right-medium:3.84%;--awb-spacing-left-medium:3.84%;--awb-width-small:100%;--awb-order-small:0;--awb-spacing-right-small:1.92%;--awb-spacing-left-small:1.92%;\"><div class=\"fusion-column-wrapper fusion-column-has-shadow fusion-flex-justify-content-flex-start fusion-content-layout-row\"><div class=\"fusion-text fusion-text-4\"><ul>\n<li>monete d\u2019oro da investimento delle seguenti zecche:\n<ul>\n<li>M\u00dcNZE \u00d6STERREICH \u00e8 il pi\u00f9 popolare in Slovenia, poich\u00e9 non c&amp;#39;\u00e8 persona che non abbia mai sentito parlare dei ducati e filarmonici austriaci;<\/li>\n<li>UNITED STATES MINT \u00e8 meglio conosciuta per le sue aquile e bisonti americani;<\/li>\n<li>ROYAL CANADIAN MINT \u00e8 conosciuta soprattutto per la foglia d\u2019acero canadese;<\/li>\n<li>PERTH MINT AUSTRALIA \u00e8 conosciuta soprattutto per i canguri e per le sue versioni del calendario lunare;<\/li>\n<li>La ROYAL MINT \u00e8 una delle zecche pi\u00f9 antiche e riconoscibili al mondo, la loro moneta pi\u00f9 popolare \u00e8 la sterlina d\u2019oro.<\/li>\n<\/ul>\n<\/li>\n<\/ul>\n<\/div><\/div><\/div><div class=\"fusion-layout-column fusion_builder_column_inner fusion-builder-nested-column-3 fusion_builder_column_inner_1_2 1_2 fusion-flex-column fusion-flex-align-self-stretch\" style=\"--awb-bg-size:cover;--awb-width-large:50%;--awb-margin-top-large:0px;--awb-spacing-right-large:3.84%;--awb-margin-bottom-large:20px;--awb-spacing-left-large:3.84%;--awb-width-medium:50%;--awb-order-medium:0;--awb-spacing-right-medium:3.84%;--awb-spacing-left-medium:3.84%;--awb-width-small:100%;--awb-order-small:0;--awb-spacing-right-small:1.92%;--awb-spacing-left-small:1.92%;\"><div class=\"fusion-column-wrapper fusion-column-has-shadow fusion-flex-justify-content-flex-start fusion-content-layout-row fusion-flex-align-items-center\"><div class=\"fusion-image-element sm-text-align-center\" style=\"text-align:left;--awb-margin-right:10px;--awb-max-width:150px;--awb-caption-title-font-family:var(--h2_typography-font-family);--awb-caption-title-font-weight:var(--h2_typography-font-weight);--awb-caption-title-font-style:var(--h2_typography-font-style);--awb-caption-title-size:var(--h2_typography-font-size);--awb-caption-title-transform:var(--h2_typography-text-transform);--awb-caption-title-line-height:var(--h2_typography-line-height);--awb-caption-title-letter-spacing:var(--h2_typography-letter-spacing);\"><span class=\" fusion-imageframe imageframe-none imageframe-2 hover-type-none\"><img decoding=\"async\" width=\"2362\" height=\"1847\" title=\"MOe-Logo_sasa\" src=\"https:\/\/edisongold.com\/wp-content\/uploads\/2023\/03\/MOe-Logo_sasa.png\" alt class=\"img-responsive wp-image-4078\" srcset=\"https:\/\/edisongold.com\/wp-content\/uploads\/2023\/03\/MOe-Logo_sasa-200x156.png 200w, https:\/\/edisongold.com\/wp-content\/uploads\/2023\/03\/MOe-Logo_sasa-400x313.png 400w, https:\/\/edisongold.com\/wp-content\/uploads\/2023\/03\/MOe-Logo_sasa-600x469.png 600w, https:\/\/edisongold.com\/wp-content\/uploads\/2023\/03\/MOe-Logo_sasa-800x626.png 800w, https:\/\/edisongold.com\/wp-content\/uploads\/2023\/03\/MOe-Logo_sasa-1200x938.png 1200w, https:\/\/edisongold.com\/wp-content\/uploads\/2023\/03\/MOe-Logo_sasa.png 2362w\" sizes=\"(max-width: 768px) 100vw, 1200px\" \/><\/span><\/div><div class=\"fusion-image-element sm-text-align-center\" style=\"text-align:left;--awb-margin-right:10px;--awb-max-width:150px;--awb-caption-title-font-family:var(--h2_typography-font-family);--awb-caption-title-font-weight:var(--h2_typography-font-weight);--awb-caption-title-font-style:var(--h2_typography-font-style);--awb-caption-title-size:var(--h2_typography-font-size);--awb-caption-title-transform:var(--h2_typography-text-transform);--awb-caption-title-line-height:var(--h2_typography-line-height);--awb-caption-title-letter-spacing:var(--h2_typography-letter-spacing);\"><span class=\" fusion-imageframe imageframe-none imageframe-3 hover-type-none\"><img decoding=\"async\" width=\"427\" height=\"365\" title=\"United-States-Mint-Logo-Dark\" src=\"https:\/\/edisongold.com\/wp-content\/uploads\/2023\/03\/United-States-Mint-Logo-Dark-e1679476183716.webp\" alt class=\"img-responsive wp-image-4096\" srcset=\"https:\/\/edisongold.com\/wp-content\/uploads\/2023\/03\/United-States-Mint-Logo-Dark-e1679476183716-250x214.webp 250w, https:\/\/edisongold.com\/wp-content\/uploads\/2023\/03\/United-States-Mint-Logo-Dark-e1679476183716.webp 427w\" sizes=\"(max-width: 427px) 100vw, 427px\" \/><\/span><\/div><div class=\"fusion-image-element sm-text-align-center\" style=\"text-align:left;--awb-margin-right:25px;--awb-max-width:150px;--awb-caption-title-font-family:var(--h2_typography-font-family);--awb-caption-title-font-weight:var(--h2_typography-font-weight);--awb-caption-title-font-style:var(--h2_typography-font-style);--awb-caption-title-size:var(--h2_typography-font-size);--awb-caption-title-transform:var(--h2_typography-text-transform);--awb-caption-title-line-height:var(--h2_typography-line-height);--awb-caption-title-letter-spacing:var(--h2_typography-letter-spacing);\"><span class=\" fusion-imageframe imageframe-none imageframe-4 hover-type-none\"><img decoding=\"async\" width=\"1200\" height=\"601\" title=\"Royal_Canadian_Mint_Logo_sasa\" src=\"https:\/\/edisongold.com\/wp-content\/uploads\/2023\/03\/Royal_Canadian_Mint_Logo_sasa.png\" alt class=\"img-responsive wp-image-4086\" srcset=\"https:\/\/edisongold.com\/wp-content\/uploads\/2023\/03\/Royal_Canadian_Mint_Logo_sasa-200x100.png 200w, https:\/\/edisongold.com\/wp-content\/uploads\/2023\/03\/Royal_Canadian_Mint_Logo_sasa-400x200.png 400w, https:\/\/edisongold.com\/wp-content\/uploads\/2023\/03\/Royal_Canadian_Mint_Logo_sasa-600x301.png 600w, https:\/\/edisongold.com\/wp-content\/uploads\/2023\/03\/Royal_Canadian_Mint_Logo_sasa-800x401.png 800w, https:\/\/edisongold.com\/wp-content\/uploads\/2023\/03\/Royal_Canadian_Mint_Logo_sasa.png 1200w\" sizes=\"(max-width: 768px) 100vw, 1200px\" \/><\/span><\/div><div class=\"fusion-image-element sm-text-align-center\" style=\"text-align:left;--awb-margin-right:25px;--awb-max-width:150px;--awb-caption-title-font-family:var(--h2_typography-font-family);--awb-caption-title-font-weight:var(--h2_typography-font-weight);--awb-caption-title-font-style:var(--h2_typography-font-style);--awb-caption-title-size:var(--h2_typography-font-size);--awb-caption-title-transform:var(--h2_typography-text-transform);--awb-caption-title-line-height:var(--h2_typography-line-height);--awb-caption-title-letter-spacing:var(--h2_typography-letter-spacing);\"><span class=\" fusion-imageframe imageframe-none imageframe-5 hover-type-none\"><img decoding=\"async\" width=\"1749\" height=\"486\" title=\"perth_sasa\" src=\"https:\/\/edisongold.com\/wp-content\/uploads\/2023\/03\/perth_sasa.png\" alt class=\"img-responsive wp-image-4082\" srcset=\"https:\/\/edisongold.com\/wp-content\/uploads\/2023\/03\/perth_sasa-200x56.png 200w, https:\/\/edisongold.com\/wp-content\/uploads\/2023\/03\/perth_sasa-400x111.png 400w, https:\/\/edisongold.com\/wp-content\/uploads\/2023\/03\/perth_sasa-600x167.png 600w, https:\/\/edisongold.com\/wp-content\/uploads\/2023\/03\/perth_sasa-800x222.png 800w, https:\/\/edisongold.com\/wp-content\/uploads\/2023\/03\/perth_sasa-1200x333.png 1200w, https:\/\/edisongold.com\/wp-content\/uploads\/2023\/03\/perth_sasa.png 1749w\" sizes=\"(max-width: 768px) 100vw, 1200px\" \/><\/span><\/div><div class=\"fusion-image-element sm-text-align-center\" style=\"text-align:left;--awb-max-width:150px;--awb-caption-title-font-family:var(--h2_typography-font-family);--awb-caption-title-font-weight:var(--h2_typography-font-weight);--awb-caption-title-font-style:var(--h2_typography-font-style);--awb-caption-title-size:var(--h2_typography-font-size);--awb-caption-title-transform:var(--h2_typography-text-transform);--awb-caption-title-line-height:var(--h2_typography-line-height);--awb-caption-title-letter-spacing:var(--h2_typography-letter-spacing);\"><span class=\" fusion-imageframe imageframe-none imageframe-6 hover-type-none\"><img decoding=\"async\" width=\"5705\" height=\"2125\" title=\"Royal mint_sasa\" src=\"https:\/\/edisongold.com\/wp-content\/uploads\/2023\/03\/Royal-mint_sasa.png\" alt class=\"img-responsive wp-image-4090\" srcset=\"https:\/\/edisongold.com\/wp-content\/uploads\/2023\/03\/Royal-mint_sasa-200x74.png 200w, https:\/\/edisongold.com\/wp-content\/uploads\/2023\/03\/Royal-mint_sasa-400x149.png 400w, https:\/\/edisongold.com\/wp-content\/uploads\/2023\/03\/Royal-mint_sasa-600x223.png 600w, https:\/\/edisongold.com\/wp-content\/uploads\/2023\/03\/Royal-mint_sasa-800x298.png 800w, https:\/\/edisongold.com\/wp-content\/uploads\/2023\/03\/Royal-mint_sasa-1200x447.png 1200w, https:\/\/edisongold.com\/wp-content\/uploads\/2023\/03\/Royal-mint_sasa.png 5705w\" sizes=\"(max-width: 768px) 100vw, 1200px\" \/><\/span><\/div><\/div><\/div><\/div><div class=\"fusion-text fusion-text-5\"><ul>\n<li>altre monete d\u2019oro con ulteriore valore numismatico<br \/>\n(Assieme alle monete d\u2019oro da investimento abbiamo in stock anche monete d\u2019oro con ulteriore valore numismatico.)<\/li>\n<\/ul>\n<\/div><div class=\"fusion-title title fusion-title-3 fusion-sep-none fusion-title-text fusion-title-size-four\" style=\"--awb-text-color:var(--awb-color5);--awb-font-size:26px;\"><h4 class=\"fusion-title-heading title-heading-left\" style=\"font-family:var(--awb-typography1-font-family);font-weight:var(--awb-typography1-font-weight);font-style:var(--awb-typography1-font-style);margin:0;letter-spacing:var(--awb-typography1-letter-spacing);text-transform:var(--awb-typography1-text-transform);font-size:1em;line-height:var(--awb-typography1-line-height);\">COMPRO ORO<\/h4><\/div><div class=\"fusion-text fusion-text-6\"><p>Oltre a vendere oro da investimento, offriamo anche servizio di compro oro. I nostri prezzi d\u2019acquisto sono i migliori del mercato sloveno. Vantiamo di una lunga tradizione nel settore orafo, pertanto possiamo sfruttare la nostra esperienza per una valutazione professionale del vostro oro usato. I prezzi d\u2019acquisto sono pubblicati sul nostro sito web: www.edisongold.com e vengono aggiornati regolarmente per riflettere le fluttuazioni del prezzo dell\u2019oro sul mercato globale. I prezzi pubblicati sono validi per piccole quantit\u00e0 di oro; per quantit\u00e0 maggiori offriamo prezzi ancora migliori! Oltre all\u2019oro, acquistiamo anche tutte le forme di argento: monete, argenteria, gioielli, ecc.<\/p>\n<p>Ci distinguiamo per pagamenti immediati sul compro oro!<\/p>\n<p>Noi acquistiamo realmente ai prezzi pi\u00f9 alti del mercato sloveno, ci\u00f2 significa che da nessun\u2019altra parte in Slovenia otterrete un prezzo migliore! I nostri clienti non avranno mai sorprese spiacevoli con valutazioni inferiore a quelle pubblicate sul nostro sito web, piuttosto valutazioni addirittura superiori per quantit\u00e0 maggiori!<\/p>\n<p>Tutto questo lo potete trovare nella nostra sede, che si trova al primo piano dell\u2019edificio direzionale Rotonda-\u010cebelnjak, in Ankaranska cesta 7b, a Capodistria, oppure a Lubiana in via Savska 9.<\/p>\n<\/div><div class=\"fusion-text fusion-text-7\"><p><a href=\"https:\/\/edisongold.com\/it\/trattamento-dei-dati-personali\/\">Trattamento dei dati personali<\/a><\/p>\n<\/div><\/div><\/div><\/div><\/div>\n","protected":false},"excerpt":{"rendered":"","protected":false},"author":1,"featured_media":0,"parent":0,"menu_order":0,"comment_status":"closed","ping_status":"closed","template":"100-width.php","meta":{"_acf_changed":false,"footnotes":""},"class_list":["post-4597","page","type-page","status-publish","hentry"],"acf":[],"yoast_head":"<!-- This site is optimized with the Yoast SEO plugin v26.8 - https:\/\/yoast.com\/product\/yoast-seo-wordpress\/ -->\n<title>Informazioni sull&#039;azienda - Edisongold<\/title>\n<meta name=\"description\" content=\"In Edisontrade d.o.o. Ci occupiamo di oreficeria dal 1990 e la nostra tradizione familiare nell&#039;oreficeria risale al 1850.\" \/>\n<meta name=\"robots\" content=\"index, follow, max-snippet:-1, max-image-preview:large, max-video-preview:-1\" \/>\n<link rel=\"canonical\" href=\"https:\/\/edisongold.com\/it\/informazioni-sullazienda\/\" \/>\n<meta property=\"og:locale\" content=\"it_IT\" \/>\n<meta property=\"og:type\" content=\"article\" \/>\n<meta property=\"og:title\" content=\"Informazioni sull&#039;azienda - Edisongold\" \/>\n<meta property=\"og:description\" content=\"In Edisontrade d.o.o. Ci occupiamo di oreficeria dal 1990 e la nostra tradizione familiare nell&#039;oreficeria risale al 1850.\" \/>\n<meta property=\"og:url\" content=\"https:\/\/edisongold.com\/it\/informazioni-sullazienda\/\" \/>\n<meta property=\"og:site_name\" content=\"Edisongold\" \/>\n<meta property=\"article:modified_time\" content=\"2025-12-09T11:14:17+00:00\" \/>\n<meta name=\"twitter:card\" content=\"summary_large_image\" \/>\n<meta name=\"twitter:label1\" content=\"Tempo di lettura stimato\" \/>\n\t<meta name=\"twitter:data1\" content=\"15 minuti\" \/>\n<script type=\"application\/ld+json\" class=\"yoast-schema-graph\">{\"@context\":\"https:\/\/schema.org\",\"@graph\":[{\"@type\":\"WebPage\",\"@id\":\"https:\/\/edisongold.com\/it\/informazioni-sullazienda\/\",\"url\":\"https:\/\/edisongold.com\/it\/informazioni-sullazienda\/\",\"name\":\"Informazioni sull'azienda - Edisongold\",\"isPartOf\":{\"@id\":\"https:\/\/edisongold.com\/#website\"},\"datePublished\":\"2023-02-22T12:52:03+00:00\",\"dateModified\":\"2025-12-09T11:14:17+00:00\",\"description\":\"In Edisontrade d.o.o. Ci occupiamo di oreficeria dal 1990 e la nostra tradizione familiare nell'oreficeria risale al 1850.\",\"breadcrumb\":{\"@id\":\"https:\/\/edisongold.com\/it\/informazioni-sullazienda\/#breadcrumb\"},\"inLanguage\":\"it-IT\",\"potentialAction\":[{\"@type\":\"ReadAction\",\"target\":[\"https:\/\/edisongold.com\/it\/informazioni-sullazienda\/\"]}]},{\"@type\":\"BreadcrumbList\",\"@id\":\"https:\/\/edisongold.com\/it\/informazioni-sullazienda\/#breadcrumb\",\"itemListElement\":[{\"@type\":\"ListItem\",\"position\":1,\"name\":\"Home\",\"item\":\"https:\/\/edisongold.com\/it\/\"},{\"@type\":\"ListItem\",\"position\":2,\"name\":\"Informazioni sull&#8217;azienda\"}]},{\"@type\":\"WebSite\",\"@id\":\"https:\/\/edisongold.com\/#website\",\"url\":\"https:\/\/edisongold.com\/\",\"name\":\"Edisongold\",\"description\":\"\",\"potentialAction\":[{\"@type\":\"SearchAction\",\"target\":{\"@type\":\"EntryPoint\",\"urlTemplate\":\"https:\/\/edisongold.com\/?s={search_term_string}\"},\"query-input\":{\"@type\":\"PropertyValueSpecification\",\"valueRequired\":true,\"valueName\":\"search_term_string\"}}],\"inLanguage\":\"it-IT\"}]}<\/script>\n<!-- \/ Yoast SEO plugin. -->","yoast_head_json":{"title":"Informazioni sull'azienda - Edisongold","description":"In Edisontrade d.o.o. Ci occupiamo di oreficeria dal 1990 e la nostra tradizione familiare nell'oreficeria risale al 1850.","robots":{"index":"index","follow":"follow","max-snippet":"max-snippet:-1","max-image-preview":"max-image-preview:large","max-video-preview":"max-video-preview:-1"},"canonical":"https:\/\/edisongold.com\/it\/informazioni-sullazienda\/","og_locale":"it_IT","og_type":"article","og_title":"Informazioni sull'azienda - Edisongold","og_description":"In Edisontrade d.o.o. Ci occupiamo di oreficeria dal 1990 e la nostra tradizione familiare nell'oreficeria risale al 1850.","og_url":"https:\/\/edisongold.com\/it\/informazioni-sullazienda\/","og_site_name":"Edisongold","article_modified_time":"2025-12-09T11:14:17+00:00","twitter_card":"summary_large_image","twitter_misc":{"Tempo di lettura stimato":"15 minuti"},"schema":{"@context":"https:\/\/schema.org","@graph":[{"@type":"WebPage","@id":"https:\/\/edisongold.com\/it\/informazioni-sullazienda\/","url":"https:\/\/edisongold.com\/it\/informazioni-sullazienda\/","name":"Informazioni sull'azienda - Edisongold","isPartOf":{"@id":"https:\/\/edisongold.com\/#website"},"datePublished":"2023-02-22T12:52:03+00:00","dateModified":"2025-12-09T11:14:17+00:00","description":"In Edisontrade d.o.o. Ci occupiamo di oreficeria dal 1990 e la nostra tradizione familiare nell'oreficeria risale al 1850.","breadcrumb":{"@id":"https:\/\/edisongold.com\/it\/informazioni-sullazienda\/#breadcrumb"},"inLanguage":"it-IT","potentialAction":[{"@type":"ReadAction","target":["https:\/\/edisongold.com\/it\/informazioni-sullazienda\/"]}]},{"@type":"BreadcrumbList","@id":"https:\/\/edisongold.com\/it\/informazioni-sullazienda\/#breadcrumb","itemListElement":[{"@type":"ListItem","position":1,"name":"Home","item":"https:\/\/edisongold.com\/it\/"},{"@type":"ListItem","position":2,"name":"Informazioni sull&#8217;azienda"}]},{"@type":"WebSite","@id":"https:\/\/edisongold.com\/#website","url":"https:\/\/edisongold.com\/","name":"Edisongold","description":"","potentialAction":[{"@type":"SearchAction","target":{"@type":"EntryPoint","urlTemplate":"https:\/\/edisongold.com\/?s={search_term_string}"},"query-input":{"@type":"PropertyValueSpecification","valueRequired":true,"valueName":"search_term_string"}}],"inLanguage":"it-IT"}]}},"_links":{"self":[{"href":"https:\/\/edisongold.com\/it\/wp-json\/wp\/v2\/pages\/4597","targetHints":{"allow":["GET"]}}],"collection":[{"href":"https:\/\/edisongold.com\/it\/wp-json\/wp\/v2\/pages"}],"about":[{"href":"https:\/\/edisongold.com\/it\/wp-json\/wp\/v2\/types\/page"}],"author":[{"embeddable":true,"href":"https:\/\/edisongold.com\/it\/wp-json\/wp\/v2\/users\/1"}],"replies":[{"embeddable":true,"href":"https:\/\/edisongold.com\/it\/wp-json\/wp\/v2\/comments?post=4597"}],"version-history":[{"count":6,"href":"https:\/\/edisongold.com\/it\/wp-json\/wp\/v2\/pages\/4597\/revisions"}],"predecessor-version":[{"id":10209,"href":"https:\/\/edisongold.com\/it\/wp-json\/wp\/v2\/pages\/4597\/revisions\/10209"}],"wp:attachment":[{"href":"https:\/\/edisongold.com\/it\/wp-json\/wp\/v2\/media?parent=4597"}],"curies":[{"name":"wp","href":"https:\/\/api.w.org\/{rel}","templated":true}]}}