{"id":3538,"date":"2023-02-23T12:13:10","date_gmt":"2023-02-23T12:13:10","guid":{"rendered":"https:\/\/edisongold.com\/placilo\/"},"modified":"2025-12-09T11:17:16","modified_gmt":"2025-12-09T11:17:16","slug":"pagamenti","status":"publish","type":"page","link":"https:\/\/edisongold.com\/it\/pagamenti\/","title":{"rendered":"Pagamenti"},"content":{"rendered":"<div class=\"fusion-fullwidth fullwidth-box fusion-builder-row-1 fusion-flex-container has-pattern-background has-mask-background nonhundred-percent-fullwidth non-hundred-percent-height-scrolling\" style=\"--awb-border-radius-top-left:0px;--awb-border-radius-top-right:0px;--awb-border-radius-bottom-right:0px;--awb-border-radius-bottom-left:0px;--awb-flex-wrap:wrap;\" ><div class=\"fusion-builder-row fusion-row fusion-flex-align-items-flex-start fusion-flex-content-wrap\" style=\"max-width:1996.8px;margin-left: calc(-4% \/ 2 );margin-right: calc(-4% \/ 2 );\"><div class=\"fusion-layout-column fusion_builder_column fusion-builder-column-0 fusion_builder_column_1_1 1_1 fusion-flex-column\" style=\"--awb-bg-size:cover;--awb-width-large:100%;--awb-margin-top-large:0px;--awb-spacing-right-large:1.92%;--awb-margin-bottom-large:20px;--awb-spacing-left-large:1.92%;--awb-width-medium:100%;--awb-order-medium:0;--awb-spacing-right-medium:1.92%;--awb-spacing-left-medium:1.92%;--awb-width-small:100%;--awb-order-small:0;--awb-spacing-right-small:1.92%;--awb-spacing-left-small:1.92%;\"><div class=\"fusion-column-wrapper fusion-column-has-shadow fusion-flex-justify-content-flex-start fusion-content-layout-column\"><div class=\"fusion-text fusion-text-1\"><p><strong>LA PROCEDURA D&#8217;ACQUISTO NEL NOSTRO PUNTO VENDITA:<\/strong><\/p>\n<ul>\n<li>Durante l&#8217;orario di trading presso la nostra sede Edisongold (dal luned\u00ec al gioved\u00ec, dalle 9:00 alle 17:00, e il venerd\u00ec, dalle 9:00 alle 13:00), elaboriamo un preventivo basato sul prezzo attuale.<\/li>\n<li>Il nostro listino prezzi segue le quotazioni correnti sul mercato, il che provoca un costante cambiamento dei prezzi. Pertanto, il preventivo emesso ha validit\u00e0 solo per un&#8217;ora. Indipendentemente da eventuali cambiamenti nelle quotazioni di mercato durante questo periodo, il prezzo per voi rimane invariato, poich\u00e9 lo fissiamo al momento della vostra richiesta. \u00c8 necessario saldare il preventivo e inviarci la conferma di pagamento entro quest&#8217;ora.<\/li>\n<li>Nel caso in cui il prodotto sia disponibile a magazzino, la transazione viene eseguita immediatamente. Se il prodotto non \u00e8 disponibile, il normale termine di consegna \u00e8 tra tre e dieci giorni, tuttavia, in casi eccezionali, questo periodo pu\u00f2 essere pi\u00f9 lungo. Vi informeremo in tempo sulla possibilit\u00e0 di ritirare il prodotto via telefono o email.<\/li>\n<li>Il pagamento in contanti, in conformit\u00e0 con la Legge sulla prevenzione del riciclaggio di denaro e del finanziamento del terrorismo (ZPPDFT-1), \u00e8 limitato a un importo di \u20ac 5.000,00. Le transazioni che superano tale importo devono essere effettuate tramite bonifico bancario.<\/li>\n<li>Non accettiamo pagamenti con carte di credito o altre carte di pagamento, i pagamenti sono possibili solo tramite bonifico bancario o in contanti fino a \u20ac 5.000,00.<\/li>\n<\/ul>\n<p><strong>LA PROCEDURA D&#8217;ACQUISTO ONLINE:<br \/>\n<\/strong><\/p>\n<ul>\n<li>Vi invieremo un preventivo via email.<\/li>\n<li>A causa delle fluttuazioni dei prezzi, il termine per il saldo del preventivo \u00e8 limitato ad un&#8217;ora. Durante questo intervallo, nonostante le possibili variazioni dei prezzi, il prezzo che abbiamo fissato al momento della vostra richiesta rimane valido per voi.<\/li>\n<li>Entro il tempo stabilito, \u00e8 necessario saldare il preventivo e inviarci una conferma di pagamento via email o fax.<\/li>\n<li>Al ricevimento della conferma di pagamento, se la merce \u00e8 disponibile, possiamo procedere immediatamente con il ritiro. Se la merce non \u00e8 disponibile, il normale termine di consegna \u00e8 tra tre e dieci giorni, ma in casi eccezionali questo periodo pu\u00f2 essere pi\u00f9 lungo. Vi informeremo in tempo utile sulla possibilit\u00e0 di ritiro tramite telefono o email.<\/li>\n<li>Al momento del ritiro, \u00e8 necessario presentare un documento d&#8217;identit\u00e0 valido per confermare l&#8217;identit\u00e0.<\/li>\n<\/ul>\n<\/div><div class=\"fusion-title title fusion-title-1 fusion-sep-none fusion-title-text fusion-title-size-four\" style=\"--awb-text-color:var(--awb-color5);--awb-font-size:26px;\"><h4 class=\"fusion-title-heading title-heading-left\" style=\"font-family:var(--awb-typography1-font-family);font-weight:var(--awb-typography1-font-weight);font-style:var(--awb-typography1-font-style);margin:0;letter-spacing:var(--awb-typography1-letter-spacing);text-transform:var(--awb-typography1-text-transform);font-size:1em;line-height:var(--awb-typography1-line-height);\">La compravendita dell oro in Slovenia \u00e8 essente dalla tassa IVA!<\/h4><\/div><div class=\"fusion-text fusion-text-2\"><p>In Slovenia, le transazioni con l&#8217;oro da investimento, che includono sia l&#8217;acquisto che la vendita, non sono tassate. Questo significa che gli investitori non pagano l&#8217;IVA. Per le persone fisiche, anche i guadagni di capitale, cio\u00e8 la differenza tra il prezzo di acquisto e quello di vendita dell&#8217;oro, non sono tassati. Tuttavia, per le entit\u00e0 giuridiche e gli imprenditori individuali, in base alla spiegazione fornita dall&#8217;ufficio delle imposte, l&#8217;oro \u00e8 considerato alla stregua di altri investimenti finanziari. La differenza tra il prezzo di acquisto e quello di vendita viene tassata come guadagno di capitale, insieme ad altri redditi tassabili (in conformit\u00e0 con gli articoli 118 e 119 del ZDDV-1).<\/p>\n<\/div><\/div><\/div><\/div><\/div>\n","protected":false},"excerpt":{"rendered":"","protected":false},"author":1,"featured_media":0,"parent":0,"menu_order":0,"comment_status":"closed","ping_status":"closed","template":"100-width.php","meta":{"_acf_changed":false,"footnotes":""},"class_list":["post-3538","page","type-page","status-publish","hentry"],"acf":[],"yoast_head":"<!-- This site is optimized with the Yoast SEO plugin v26.8 - https:\/\/yoast.com\/product\/yoast-seo-wordpress\/ -->\n<title>Pagamenti - Edisongold<\/title>\n<meta name=\"description\" content=\"Pagamento facile e sicuro per i tuoi investimenti in oro. Scopri le opzioni di pagamento di Edisongold e inizia oggi il tuo viaggio di investimento!\" \/>\n<meta name=\"robots\" content=\"index, follow, max-snippet:-1, max-image-preview:large, max-video-preview:-1\" \/>\n<link rel=\"canonical\" href=\"https:\/\/edisongold.com\/it\/pagamenti\/\" \/>\n<meta property=\"og:locale\" content=\"it_IT\" \/>\n<meta property=\"og:type\" content=\"article\" \/>\n<meta property=\"og:title\" content=\"Pagamenti - Edisongold\" \/>\n<meta property=\"og:description\" content=\"Pagamento facile e sicuro per i tuoi investimenti in oro. Scopri le opzioni di pagamento di Edisongold e inizia oggi il tuo viaggio di investimento!\" \/>\n<meta property=\"og:url\" content=\"https:\/\/edisongold.com\/it\/pagamenti\/\" \/>\n<meta property=\"og:site_name\" content=\"Edisongold\" \/>\n<meta property=\"article:modified_time\" content=\"2025-12-09T11:17:16+00:00\" \/>\n<meta name=\"twitter:card\" content=\"summary_large_image\" \/>\n<meta name=\"twitter:label1\" content=\"Tempo di lettura stimato\" \/>\n\t<meta name=\"twitter:data1\" content=\"5 minuti\" \/>\n<script type=\"application\/ld+json\" class=\"yoast-schema-graph\">{\"@context\":\"https:\/\/schema.org\",\"@graph\":[{\"@type\":\"WebPage\",\"@id\":\"https:\/\/edisongold.com\/it\/pagamenti\/\",\"url\":\"https:\/\/edisongold.com\/it\/pagamenti\/\",\"name\":\"Pagamenti - Edisongold\",\"isPartOf\":{\"@id\":\"https:\/\/edisongold.com\/#website\"},\"datePublished\":\"2023-02-23T12:13:10+00:00\",\"dateModified\":\"2025-12-09T11:17:16+00:00\",\"description\":\"Pagamento facile e sicuro per i tuoi investimenti in oro. Scopri le opzioni di pagamento di Edisongold e inizia oggi il tuo viaggio di investimento!\",\"breadcrumb\":{\"@id\":\"https:\/\/edisongold.com\/it\/pagamenti\/#breadcrumb\"},\"inLanguage\":\"it-IT\",\"potentialAction\":[{\"@type\":\"ReadAction\",\"target\":[\"https:\/\/edisongold.com\/it\/pagamenti\/\"]}]},{\"@type\":\"BreadcrumbList\",\"@id\":\"https:\/\/edisongold.com\/it\/pagamenti\/#breadcrumb\",\"itemListElement\":[{\"@type\":\"ListItem\",\"position\":1,\"name\":\"Home\",\"item\":\"https:\/\/edisongold.com\/it\/\"},{\"@type\":\"ListItem\",\"position\":2,\"name\":\"Pagamenti\"}]},{\"@type\":\"WebSite\",\"@id\":\"https:\/\/edisongold.com\/#website\",\"url\":\"https:\/\/edisongold.com\/\",\"name\":\"Edisongold\",\"description\":\"\",\"potentialAction\":[{\"@type\":\"SearchAction\",\"target\":{\"@type\":\"EntryPoint\",\"urlTemplate\":\"https:\/\/edisongold.com\/?s={search_term_string}\"},\"query-input\":{\"@type\":\"PropertyValueSpecification\",\"valueRequired\":true,\"valueName\":\"search_term_string\"}}],\"inLanguage\":\"it-IT\"}]}<\/script>\n<!-- \/ Yoast SEO plugin. -->","yoast_head_json":{"title":"Pagamenti - Edisongold","description":"Pagamento facile e sicuro per i tuoi investimenti in oro. Scopri le opzioni di pagamento di Edisongold e inizia oggi il tuo viaggio di investimento!","robots":{"index":"index","follow":"follow","max-snippet":"max-snippet:-1","max-image-preview":"max-image-preview:large","max-video-preview":"max-video-preview:-1"},"canonical":"https:\/\/edisongold.com\/it\/pagamenti\/","og_locale":"it_IT","og_type":"article","og_title":"Pagamenti - Edisongold","og_description":"Pagamento facile e sicuro per i tuoi investimenti in oro. Scopri le opzioni di pagamento di Edisongold e inizia oggi il tuo viaggio di investimento!","og_url":"https:\/\/edisongold.com\/it\/pagamenti\/","og_site_name":"Edisongold","article_modified_time":"2025-12-09T11:17:16+00:00","twitter_card":"summary_large_image","twitter_misc":{"Tempo di lettura stimato":"5 minuti"},"schema":{"@context":"https:\/\/schema.org","@graph":[{"@type":"WebPage","@id":"https:\/\/edisongold.com\/it\/pagamenti\/","url":"https:\/\/edisongold.com\/it\/pagamenti\/","name":"Pagamenti - Edisongold","isPartOf":{"@id":"https:\/\/edisongold.com\/#website"},"datePublished":"2023-02-23T12:13:10+00:00","dateModified":"2025-12-09T11:17:16+00:00","description":"Pagamento facile e sicuro per i tuoi investimenti in oro. Scopri le opzioni di pagamento di Edisongold e inizia oggi il tuo viaggio di investimento!","breadcrumb":{"@id":"https:\/\/edisongold.com\/it\/pagamenti\/#breadcrumb"},"inLanguage":"it-IT","potentialAction":[{"@type":"ReadAction","target":["https:\/\/edisongold.com\/it\/pagamenti\/"]}]},{"@type":"BreadcrumbList","@id":"https:\/\/edisongold.com\/it\/pagamenti\/#breadcrumb","itemListElement":[{"@type":"ListItem","position":1,"name":"Home","item":"https:\/\/edisongold.com\/it\/"},{"@type":"ListItem","position":2,"name":"Pagamenti"}]},{"@type":"WebSite","@id":"https:\/\/edisongold.com\/#website","url":"https:\/\/edisongold.com\/","name":"Edisongold","description":"","potentialAction":[{"@type":"SearchAction","target":{"@type":"EntryPoint","urlTemplate":"https:\/\/edisongold.com\/?s={search_term_string}"},"query-input":{"@type":"PropertyValueSpecification","valueRequired":true,"valueName":"search_term_string"}}],"inLanguage":"it-IT"}]}},"_links":{"self":[{"href":"https:\/\/edisongold.com\/it\/wp-json\/wp\/v2\/pages\/3538","targetHints":{"allow":["GET"]}}],"collection":[{"href":"https:\/\/edisongold.com\/it\/wp-json\/wp\/v2\/pages"}],"about":[{"href":"https:\/\/edisongold.com\/it\/wp-json\/wp\/v2\/types\/page"}],"author":[{"embeddable":true,"href":"https:\/\/edisongold.com\/it\/wp-json\/wp\/v2\/users\/1"}],"replies":[{"embeddable":true,"href":"https:\/\/edisongold.com\/it\/wp-json\/wp\/v2\/comments?post=3538"}],"version-history":[{"count":4,"href":"https:\/\/edisongold.com\/it\/wp-json\/wp\/v2\/pages\/3538\/revisions"}],"predecessor-version":[{"id":10213,"href":"https:\/\/edisongold.com\/it\/wp-json\/wp\/v2\/pages\/3538\/revisions\/10213"}],"wp:attachment":[{"href":"https:\/\/edisongold.com\/it\/wp-json\/wp\/v2\/media?parent=3538"}],"curies":[{"name":"wp","href":"https:\/\/api.w.org\/{rel}","templated":true}]}}