{"id":3526,"date":"2023-02-16T14:30:21","date_gmt":"2023-02-16T14:30:21","guid":{"rendered":"https:\/\/edisongold.com\/pogoji-poslovanja\/"},"modified":"2026-02-16T08:47:58","modified_gmt":"2026-02-16T08:47:58","slug":"termini-e-condizioni","status":"publish","type":"page","link":"https:\/\/edisongold.com\/it\/termini-e-condizioni\/","title":{"rendered":"Termini e condizioni"},"content":{"rendered":"<div class=\"fusion-fullwidth fullwidth-box fusion-builder-row-1 fusion-flex-container has-pattern-background has-mask-background nonhundred-percent-fullwidth non-hundred-percent-height-scrolling margin-left-right-auto max-width-1600\" style=\"--awb-border-radius-top-left:0px;--awb-border-radius-top-right:0px;--awb-border-radius-bottom-right:0px;--awb-border-radius-bottom-left:0px;--awb-flex-wrap:wrap;\" ><div class=\"fusion-builder-row fusion-row fusion-flex-align-items-flex-start fusion-flex-content-wrap\" style=\"max-width:1996.8px;margin-left: calc(-4% \/ 2 );margin-right: calc(-4% \/ 2 );\"><div class=\"fusion-layout-column fusion_builder_column fusion-builder-column-0 fusion_builder_column_1_1 1_1 fusion-flex-column\" style=\"--awb-bg-size:cover;--awb-width-large:100%;--awb-margin-top-large:0px;--awb-spacing-right-large:1.92%;--awb-margin-bottom-large:20px;--awb-spacing-left-large:1.92%;--awb-width-medium:100%;--awb-order-medium:0;--awb-spacing-right-medium:1.92%;--awb-spacing-left-medium:1.92%;--awb-width-small:100%;--awb-order-small:0;--awb-spacing-right-small:1.92%;--awb-spacing-left-small:1.92%;\"><div class=\"fusion-column-wrapper fusion-column-has-shadow fusion-flex-justify-content-flex-start fusion-content-layout-column\"><div class=\"fusion-text fusion-text-1\"><p>Le condizioni generali costituiscono parte integrale di qualsiasi contratto e sono sempre a disposizione dei clienti per iscritto presso i nostri uffici a Capopdistria, in via Ancarano 7b, in Slovenia, oltre che sul nostro sito.<br \/>\nIl cliente fa un\u2019offerta per l\u2019acquisto o vendita per iscritto, in persona (firma il contratto) o via e-mail o fax (contratto in seguito) all\u2019interno del nostro orario di lavoro.<br \/>\nIl contratto \u00e8 concluso il momento in cui il cliente ha pagato l\u2019intero prezzo d\u2019acquisto, sul conto della nostra societ\u00e0.<br \/>\nIl contratto \u00e8 soggetto a prezzi attuali del nostro listino prezzi. Nel caso in cui il prezzo \u00e8 cambiato, e anche nel processo di post rettifiche sul sito, il cliente viene informato immediatamente.<br \/>\nIl costo del trasporto protetto di metalli preziosi dal fornitore della societ\u00e0 per la sede della nostra azienda in via Ancarano 7b, Capodistria \u00e8 gia incluso nel prezzo.<br \/>\nIl prezzo di contratto \u00e8 valido per la consegna presso i nostri uffici in via Ancarano 7b a Capodistria. In caso di consegna da parte del cliente presso l\u2019indirizzo del cliente \u00e8 sempre tenuto a pagare i costi delle spedizioni.<br \/>\nIl committente deve versare l\u2019intero prezzo di acquisto in anticipo, al pi\u00f9 tardi entro 24 ore dal ordine. Ci\u00f2 \u00e8 necessario per garantire il prezzo del contratto dei metalli preziosi dal fornitore.<br \/>\nSe il cliente paga un prezzo di acquisto per parte terza, si richiede una dichiarazione scritta della persona quale effettua il pagamento, che il pagamento \u00e8 stato effettuato per conto terzo e non esistono impedimenti alla consegna del sottoscrittore.<br \/>\nIl cliente \u00e8 consapevole del fatto che la nostra azienda acquista metalli preziosi da grossisti, e in caso di determinate condizioni di mercato (ad esempio l\u2019aumento della domanda, emergenza, ecc.) si riserva il diritto di prorogare la data di consegna.<br \/>\nLa nostra azienda non \u00e8 obbligata ad accettare qualsiasi contratto per l\u2019acquisto o la vendita, ma si mantiene ancora tale potere discrezionale.<br \/>\nLa nostra azienda \u00e8 rigorosa nel tener conto delle disposizioni giuridiche per la protezione dei dati personali.<br \/>\nIn caso di controversie, il cliente e la nostra societ\u00e0 si impegnano reciprocamente, che cercherano di risolvere le dispute per via consensuale, nel caso ci\u00f2 non pervenga tutte le controversie saranno risolte presso il Tribunale di Capodistria tenedo conto dell codice penale della Repubblica di Slovenia.<br \/>\nCi riserviamo il diritto di fornire prodotti equivalenti e qualitativamente equivalenti dei produttori di pari qualit\u00e0. In ogni caso, la purezza dimostrata dei lingotti d\u2019oro \u00e8 999,9 \/ 1000. Le dimensioni dei lingotti d\u2019oro (lo stesso peso totale) dei diversi produttori pu\u00f2 variare di dimensione (altezza, larghezza, spessore).<\/p>\n<\/div><div class=\"fusion-title title fusion-title-1 fusion-sep-none fusion-title-text fusion-title-size-four\" style=\"--awb-text-color:var(--awb-color5);--awb-font-size:20px;\"><h4 class=\"fusion-title-heading title-heading-left\" style=\"font-family:&quot;Playfair Display&quot;;font-style:normal;font-weight:700;margin:0;letter-spacing:var(--awb-typography1-letter-spacing);text-transform:var(--awb-typography1-text-transform);font-size:1em;line-height:var(--awb-typography1-line-height);\"><a href=\"https:\/\/edisongold.com\/it\/condizioni-generali-di-vendita\/\">CONDIZIONI GENERALI DI VENDITA<\/a><\/h4><\/div><div class=\"fusion-title title fusion-title-2 fusion-sep-none fusion-title-text fusion-title-size-four\" style=\"--awb-text-color:var(--awb-color5);--awb-font-size:26px;\"><h4 class=\"fusion-title-heading title-heading-left\" style=\"font-family:&quot;Playfair Display&quot;;font-style:normal;font-weight:700;margin:0;letter-spacing:var(--awb-typography1-letter-spacing);text-transform:var(--awb-typography1-text-transform);font-size:1em;line-height:var(--awb-typography1-line-height);\">ESENZIONE DI RESPONSABILIT\u00c0<\/h4><\/div><div class=\"fusion-text fusion-text-2\"><p>Il sito web Edisontrade.com \u00e8 mantenuto e curato al livello pi\u00f9 professionalmente possibile. Tuttavia, la societ\u00e0 Edisontrade, d.o.o. non garantisce l\u2019attualit\u00e0, l\u2019esattezza e la correttezza delle informazioni sul sito. Tutte le informazioni sul sito web sono soggetto a modifiche senza preavviso.<\/p>\n<\/div><div class=\"fusion-title title fusion-title-3 fusion-sep-none fusion-title-text fusion-title-size-four\" style=\"--awb-text-color:var(--awb-color5);--awb-font-size:26px;\"><h4 class=\"fusion-title-heading title-heading-left\" style=\"font-family:&quot;Playfair Display&quot;;font-style:normal;font-weight:700;margin:0;letter-spacing:var(--awb-typography1-letter-spacing);text-transform:var(--awb-typography1-text-transform);font-size:1em;line-height:var(--awb-typography1-line-height);\">TUTELA DELLA PRIVACY<\/h4><\/div><div class=\"fusion-text fusion-text-3\"><p>L\u2019azienda Edisontrade d.o.o. opera in conformit\u00e0 con la legge sulla protezione dei dati personali. Il nostro principio di base \u00e8 la professionalit\u00e0 rigorosa nel trattare i clienti con discrezione per quanto riguarda l\u2019identit\u00e0 delle parti e il tipo e la quantit\u00e0 dei ordini.<\/p>\n<\/div><div class=\"fusion-title title fusion-title-4 fusion-sep-none fusion-title-text fusion-title-size-four\" style=\"--awb-text-color:var(--awb-color5);--awb-font-size:26px;\"><h4 class=\"fusion-title-heading title-heading-left\" style=\"font-family:&quot;Playfair Display&quot;;font-style:normal;font-weight:700;margin:0;letter-spacing:var(--awb-typography1-letter-spacing);text-transform:var(--awb-typography1-text-transform);font-size:1em;line-height:var(--awb-typography1-line-height);\">RESPONSABILE DELL\u2019ELABORAZIONE DEI DATI PERSONALI<\/h4><\/div><div class=\"fusion-text fusion-text-4\"><p>Responsabile del trattamento dei dati personali nel senso, come stabilito nel Regolamento sulla protezione dei dati personali dell\u2019UE e della legge applicabile che regola la sicurezza dei dati personali \u2013 GDPR:<\/p>\n<p>Edisontrade d.o.o.<br \/>\nAnkaranska cesta 7b. 6000 Koper,<br \/>\nSlovenija<br \/>\nTelefon: +386\/(0)590 87 640<br \/>\ne-mail: info@edisongold.com<br \/>\nPi\u00f9 informazioni sui contatti si possono ottenere sul sito web www.edisongold.com.<\/p>\n<\/div><div class=\"fusion-title title fusion-title-5 fusion-sep-none fusion-title-text fusion-title-size-four\" style=\"--awb-text-color:var(--awb-color5);--awb-font-size:26px;\"><h4 class=\"fusion-title-heading title-heading-left\" style=\"font-family:&quot;Playfair Display&quot;;font-style:normal;font-weight:700;margin:0;letter-spacing:var(--awb-typography1-letter-spacing);text-transform:var(--awb-typography1-text-transform);font-size:1em;line-height:var(--awb-typography1-line-height);\">CONSENSO<\/h4><\/div><div class=\"fusion-text fusion-text-5\"><p>I dati personali che vengono forniti quando si completa o invia un modulo, una registrazione, una domanda o un modulo d\u2019ordine sono trattati da Edisontrade con il vostro consenso chiaro e inequivocabile basato sull\u2019articolo 6 (1), (a) del Regolamento generale sulla protezione di Dati personali (GDPR). Al fine di migliorare la qualit\u00e0 dei nostri prodotti e servizi e per scopi statistici, per quanto riguarda le e-mail che vi inviamo, elaboriamo anche informazioni sulle visualizzazioni dei messaggi ricevuti e sui clic sui collegamenti nei messaggi ricevuti.<\/p>\n<p>Potete ritirare il vostro consenso in qualsiasi momento tramite e-mail all\u2019indirizzo info@edisontrade.com. In caso di ritiro del consenso, non useremo pi\u00f9 le vostre informazioni. Qualsiasi revoca del consenso non pregiudica la legalit\u00e0 del trattamento dei dati personali dell\u2019utente prima che sia stato effettuato il ritiro.<\/p>\n<\/div><div class=\"fusion-title title fusion-title-6 fusion-sep-none fusion-title-text fusion-title-size-four\" style=\"--awb-text-color:var(--awb-color5);--awb-font-size:26px;\"><h4 class=\"fusion-title-heading title-heading-left\" style=\"font-family:&quot;Playfair Display&quot;;font-style:normal;font-weight:700;margin:0;letter-spacing:var(--awb-typography1-letter-spacing);text-transform:var(--awb-typography1-text-transform);font-size:1em;line-height:var(--awb-typography1-line-height);\">I VOSTRI DIRITTI<\/h4><\/div><div class=\"fusion-text fusion-text-6\"><p>In conformit\u00e0 con le disposizioni del Regolamento Generale UE sulla protezione dei dati personali, hai il diritto di accedere ai tuoi dati personali, il diritto di rettifica, il diritto di essere cancellato, il diritto di essere trasferito, il diritto di richiedere il limitazione del trattamento dei dati personali e il diritto di opporsi. Potete rivedere e modificare le vostre informazioni in qualsiasi momento.<\/p>\n<p>Per esercitare i vostri diritti o per ottenere ulteriori informazioni, potete contattarci all\u2019indirizzo info@edisontrade.com. Risponderemo alle vostre richieste in conformit\u00e0 con la GDPR.<\/p>\n<p>Se ritenete che i vostri diritti o regolamenti sulla protezione dei dati personali siano violati, potete fare appello all\u2019autorit\u00e0 nazionale competente, Commissario responsabile della Repubblica di Slovenia (Zalo\u0161ka 59, 1000 Lubiana, telefono: 01 230 97 30, fax: 01 230 97 78, gp.ip@ip-rs.si).<\/p>\n<\/div><div class=\"fusion-title title fusion-title-7 fusion-sep-none fusion-title-text fusion-title-size-four\" style=\"--awb-text-color:var(--awb-color5);--awb-font-size:26px;\"><h4 class=\"fusion-title-heading title-heading-left\" style=\"font-family:&quot;Playfair Display&quot;;font-style:normal;font-weight:700;margin:0;letter-spacing:var(--awb-typography1-letter-spacing);text-transform:var(--awb-typography1-text-transform);font-size:1em;line-height:var(--awb-typography1-line-height);\">TEMPO DI CONSERVAZIONE DEI DATI PERSONALI<\/h4><\/div><div class=\"fusion-text fusion-text-7\"><p>Edisontrade d.o.o. conserva le vostre informazioni personali finch\u00e9 \u00e8 necessario allo scopo di inviare un\u2019offerta per l\u2019acquisto di oro al prezzo di borsa o per effettuare un acquisto online e un\u2019esperienza utente migliore a cui vi siete abbonati o sottoscritti.<\/p>\n<p>Nel caso in cui non desiderate pi\u00f9 ricevere contenuti da Edisontrade, o se ritirate il consenso al trattamento dei dati personali per questo scopo, bloccheremo i vostri dati nel sistema Edisontrade.<br \/>\nIl periodo di conservazione dei dati personali pu\u00f2 variare in base alla legislazione settoriale applicabile. Nel caso in cui la normativa settoriale applicabile preveda scadenze obbligatorie per la conservazione dei dati personali, Edisontrade cancella i dati personali dopo la scadenza del termine obbligatorio.<\/p>\n<\/div><div class=\"fusion-title title fusion-title-8 fusion-sep-none fusion-title-text fusion-title-size-four\" style=\"--awb-text-color:var(--awb-color5);--awb-font-size:26px;\"><h4 class=\"fusion-title-heading title-heading-left\" style=\"font-family:&quot;Playfair Display&quot;;font-style:normal;font-weight:700;margin:0;letter-spacing:var(--awb-typography1-letter-spacing);text-transform:var(--awb-typography1-text-transform);font-size:1em;line-height:var(--awb-typography1-line-height);\">COOKIES<\/h4><\/div><div class=\"fusion-text fusion-text-8\"><p>I cookie forniscono un\u2019esperienza del sito pi\u00f9 user-friendly. L\u2019interattivit\u00e0 tra l\u2019utente e il sito \u00e8 pi\u00f9 rapida e semplice con l\u2019aiuto dei cookie. Con il loro aiuto, il sito ricorda le preferenze e le preferenze individuali, in modo che l\u2019utente visualizzi automaticamente il contenuto che desidera e nel modo in cui vuole mostrarlo alla prossima visita.<\/p>\n<p>I cookie ci permettono di personalizzare il sito in base alle vostre esigenze. Con l\u2019aiuto dei cookie, identifichiamo il dispositivo per regolare la visualizzazione del contenuto.<\/p>\n<\/div><div class=\"fusion-title title fusion-title-9 fusion-sep-none fusion-title-text fusion-title-size-four\" style=\"--awb-text-color:var(--awb-color5);--awb-font-size:26px;\"><h4 class=\"fusion-title-heading title-heading-left\" style=\"font-family:&quot;Playfair Display&quot;;font-style:normal;font-weight:700;margin:0;letter-spacing:var(--awb-typography1-letter-spacing);text-transform:var(--awb-typography1-text-transform);font-size:1em;line-height:var(--awb-typography1-line-height);\">ELIMINAZIONE DATI<\/h4><\/div><div class=\"fusion-text fusion-text-9\"><p>Inserisci l\u2019indirizzo email e ti forniremo tutte le informazioni che sono state registrate sul nostro sito e quali rimuoveremo a vostra richiesta.<\/p>\n<\/div><div class=\"fusion-text fusion-text-10\"><p><a href=\"https:\/\/edisongold.com\/it\/trattamento-dei-dati-personali\/\">Trattamento dei dati personali<\/a><\/p>\n<\/div><\/div><\/div><\/div><\/div>\n","protected":false},"excerpt":{"rendered":"","protected":false},"author":1,"featured_media":0,"parent":0,"menu_order":0,"comment_status":"closed","ping_status":"closed","template":"100-width.php","meta":{"_acf_changed":false,"footnotes":""},"class_list":["post-3526","page","type-page","status-publish","hentry"],"acf":[],"yoast_head":"<!-- This site is optimized with the Yoast SEO plugin v26.8 - https:\/\/yoast.com\/product\/yoast-seo-wordpress\/ -->\n<title>Termini e condizioni - Edisongold<\/title>\n<meta name=\"robots\" content=\"index, follow, max-snippet:-1, max-image-preview:large, max-video-preview:-1\" \/>\n<link rel=\"canonical\" href=\"https:\/\/edisongold.com\/it\/termini-e-condizioni\/\" \/>\n<meta property=\"og:locale\" content=\"it_IT\" \/>\n<meta property=\"og:type\" content=\"article\" \/>\n<meta property=\"og:title\" content=\"Termini e condizioni - Edisongold\" \/>\n<meta property=\"og:url\" content=\"https:\/\/edisongold.com\/it\/termini-e-condizioni\/\" \/>\n<meta property=\"og:site_name\" content=\"Edisongold\" \/>\n<meta property=\"article:modified_time\" content=\"2026-02-16T08:47:58+00:00\" \/>\n<meta name=\"twitter:card\" content=\"summary_large_image\" \/>\n<meta name=\"twitter:label1\" content=\"Tempo di lettura stimato\" \/>\n\t<meta name=\"twitter:data1\" content=\"6 minuti\" \/>\n<script type=\"application\/ld+json\" class=\"yoast-schema-graph\">{\"@context\":\"https:\/\/schema.org\",\"@graph\":[{\"@type\":\"WebPage\",\"@id\":\"https:\/\/edisongold.com\/it\/termini-e-condizioni\/\",\"url\":\"https:\/\/edisongold.com\/it\/termini-e-condizioni\/\",\"name\":\"Termini e condizioni - Edisongold\",\"isPartOf\":{\"@id\":\"https:\/\/edisongold.com\/#website\"},\"datePublished\":\"2023-02-16T14:30:21+00:00\",\"dateModified\":\"2026-02-16T08:47:58+00:00\",\"breadcrumb\":{\"@id\":\"https:\/\/edisongold.com\/it\/termini-e-condizioni\/#breadcrumb\"},\"inLanguage\":\"it-IT\",\"potentialAction\":[{\"@type\":\"ReadAction\",\"target\":[\"https:\/\/edisongold.com\/it\/termini-e-condizioni\/\"]}]},{\"@type\":\"BreadcrumbList\",\"@id\":\"https:\/\/edisongold.com\/it\/termini-e-condizioni\/#breadcrumb\",\"itemListElement\":[{\"@type\":\"ListItem\",\"position\":1,\"name\":\"Home\",\"item\":\"https:\/\/edisongold.com\/it\/\"},{\"@type\":\"ListItem\",\"position\":2,\"name\":\"Termini e condizioni\"}]},{\"@type\":\"WebSite\",\"@id\":\"https:\/\/edisongold.com\/#website\",\"url\":\"https:\/\/edisongold.com\/\",\"name\":\"Edisongold\",\"description\":\"\",\"potentialAction\":[{\"@type\":\"SearchAction\",\"target\":{\"@type\":\"EntryPoint\",\"urlTemplate\":\"https:\/\/edisongold.com\/?s={search_term_string}\"},\"query-input\":{\"@type\":\"PropertyValueSpecification\",\"valueRequired\":true,\"valueName\":\"search_term_string\"}}],\"inLanguage\":\"it-IT\"}]}<\/script>\n<!-- \/ Yoast SEO plugin. -->","yoast_head_json":{"title":"Termini e condizioni - Edisongold","robots":{"index":"index","follow":"follow","max-snippet":"max-snippet:-1","max-image-preview":"max-image-preview:large","max-video-preview":"max-video-preview:-1"},"canonical":"https:\/\/edisongold.com\/it\/termini-e-condizioni\/","og_locale":"it_IT","og_type":"article","og_title":"Termini e condizioni - Edisongold","og_url":"https:\/\/edisongold.com\/it\/termini-e-condizioni\/","og_site_name":"Edisongold","article_modified_time":"2026-02-16T08:47:58+00:00","twitter_card":"summary_large_image","twitter_misc":{"Tempo di lettura stimato":"6 minuti"},"schema":{"@context":"https:\/\/schema.org","@graph":[{"@type":"WebPage","@id":"https:\/\/edisongold.com\/it\/termini-e-condizioni\/","url":"https:\/\/edisongold.com\/it\/termini-e-condizioni\/","name":"Termini e condizioni - Edisongold","isPartOf":{"@id":"https:\/\/edisongold.com\/#website"},"datePublished":"2023-02-16T14:30:21+00:00","dateModified":"2026-02-16T08:47:58+00:00","breadcrumb":{"@id":"https:\/\/edisongold.com\/it\/termini-e-condizioni\/#breadcrumb"},"inLanguage":"it-IT","potentialAction":[{"@type":"ReadAction","target":["https:\/\/edisongold.com\/it\/termini-e-condizioni\/"]}]},{"@type":"BreadcrumbList","@id":"https:\/\/edisongold.com\/it\/termini-e-condizioni\/#breadcrumb","itemListElement":[{"@type":"ListItem","position":1,"name":"Home","item":"https:\/\/edisongold.com\/it\/"},{"@type":"ListItem","position":2,"name":"Termini e condizioni"}]},{"@type":"WebSite","@id":"https:\/\/edisongold.com\/#website","url":"https:\/\/edisongold.com\/","name":"Edisongold","description":"","potentialAction":[{"@type":"SearchAction","target":{"@type":"EntryPoint","urlTemplate":"https:\/\/edisongold.com\/?s={search_term_string}"},"query-input":{"@type":"PropertyValueSpecification","valueRequired":true,"valueName":"search_term_string"}}],"inLanguage":"it-IT"}]}},"_links":{"self":[{"href":"https:\/\/edisongold.com\/it\/wp-json\/wp\/v2\/pages\/3526","targetHints":{"allow":["GET"]}}],"collection":[{"href":"https:\/\/edisongold.com\/it\/wp-json\/wp\/v2\/pages"}],"about":[{"href":"https:\/\/edisongold.com\/it\/wp-json\/wp\/v2\/types\/page"}],"author":[{"embeddable":true,"href":"https:\/\/edisongold.com\/it\/wp-json\/wp\/v2\/users\/1"}],"replies":[{"embeddable":true,"href":"https:\/\/edisongold.com\/it\/wp-json\/wp\/v2\/comments?post=3526"}],"version-history":[{"count":11,"href":"https:\/\/edisongold.com\/it\/wp-json\/wp\/v2\/pages\/3526\/revisions"}],"predecessor-version":[{"id":10759,"href":"https:\/\/edisongold.com\/it\/wp-json\/wp\/v2\/pages\/3526\/revisions\/10759"}],"wp:attachment":[{"href":"https:\/\/edisongold.com\/it\/wp-json\/wp\/v2\/media?parent=3526"}],"curies":[{"name":"wp","href":"https:\/\/api.w.org\/{rel}","templated":true}]}}