{"id":10710,"date":"2026-02-06T07:50:41","date_gmt":"2026-02-06T07:50:41","guid":{"rendered":"https:\/\/edisongold.com\/splosni-pogoji-poslovanja\/"},"modified":"2026-02-06T08:09:54","modified_gmt":"2026-02-06T08:09:54","slug":"condizioni-generali-di-vendita","status":"publish","type":"page","link":"https:\/\/edisongold.com\/it\/condizioni-generali-di-vendita\/","title":{"rendered":"CONDIZIONI GENERALI DI VENDITA"},"content":{"rendered":"<div class=\"fusion-fullwidth fullwidth-box fusion-builder-row-1 fusion-flex-container has-pattern-background has-mask-background nonhundred-percent-fullwidth non-hundred-percent-height-scrolling margin-left-right-auto max-width-1600\" style=\"--awb-border-radius-top-left:0px;--awb-border-radius-top-right:0px;--awb-border-radius-bottom-right:0px;--awb-border-radius-bottom-left:0px;--awb-flex-wrap:wrap;\" ><div class=\"fusion-builder-row fusion-row fusion-flex-align-items-flex-start fusion-flex-content-wrap\" style=\"max-width:1996.8px;margin-left: calc(-4% \/ 2 );margin-right: calc(-4% \/ 2 );\"><div class=\"fusion-layout-column fusion_builder_column fusion-builder-column-0 fusion_builder_column_1_1 1_1 fusion-flex-column\" style=\"--awb-bg-size:cover;--awb-width-large:100%;--awb-margin-top-large:0px;--awb-spacing-right-large:1.92%;--awb-margin-bottom-large:20px;--awb-spacing-left-large:1.92%;--awb-width-medium:100%;--awb-order-medium:0;--awb-spacing-right-medium:1.92%;--awb-spacing-left-medium:1.92%;--awb-width-small:100%;--awb-order-small:0;--awb-spacing-right-small:1.92%;--awb-spacing-left-small:1.92%;\"><div class=\"fusion-column-wrapper fusion-column-has-shadow fusion-flex-justify-content-flex-start fusion-content-layout-column\"><div class=\"fusion-title title fusion-title-1 fusion-sep-none fusion-title-text fusion-title-size-four\" style=\"--awb-text-color:var(--awb-color5);--awb-font-size:26px;\"><h4 class=\"fusion-title-heading title-heading-left\" style=\"font-family:&quot;Playfair Display&quot;;font-style:normal;font-weight:700;margin:0;letter-spacing:var(--awb-typography1-letter-spacing);text-transform:var(--awb-typography1-text-transform);font-size:1em;line-height:var(--awb-typography1-line-height);\"><p>CONDIZIONI GENERALI DI VENDITA<br \/>\nper il commercio di metalli preziosi della societ\u00e0 Edisontrade d.o.o.<\/p><\/h4><\/div><div class=\"fusion-text fusion-text-1\"><p><strong>1. Disposizioni generali<\/strong><\/p>\n<p>Le presenti Condizioni Generali di Vendita (di seguito: Condizioni Generali) disciplinano il rapporto tra la societ\u00e0 Edisontrade d.o.o. (di seguito: fornitore) e i clienti ovvero gli utenti del sito internet del fornitore (di seguito: cliente).<\/p>\n<p>Le Condizioni Generali sono sempre disponibili ai clienti:<\/p>\n<p>in forma scritta presso i locali commerciali della societ\u00e0 Edisontrade d.o.o., e<\/p>\n<p>24 ore su 24 sul sito internet ufficiale della societ\u00e0 www.edisongold.com.<\/p>\n<p>Si applicano le Condizioni Generali vigenti al momento in cui la societ\u00e0 Edisontrade d.o.o. ha accettato l\u2019ordine del cliente.<\/p>\n<p><strong>2. Dati del fornitore<\/strong><\/p>\n<p>Edisontrade d.o.o.<br \/>\nSede legale: Ankaranska cesta 7B, 6000 Koper \u2013 Capodistria<br \/>\nNumero di registrazione: 5431328000<br \/>\nPartita IVA: SI63332191<br \/>\nE-mail: info@edisongold.com<br \/>\nSito internet: www.edisongold.com<\/p>\n<p><strong>3. Ambito di applicazione<\/strong><\/p>\n<p>Le presenti Condizioni Generali si applicano a:<\/p>\n<p>vendita di oro da investimento e altri metalli preziosi (oro da investimento, argento, platino, palladio),<\/p>\n<p>acquisto di metalli preziosi,<\/p>\n<p>ordini online,<\/p>\n<p>pagamenti, consegna e ritiro della merce.<\/p>\n<p>Per le questioni non espressamente disciplinate dalle presenti condizioni si applicano le normative della Repubblica di Slovenia e dell\u2019Unione Europea, in particolare il Codice delle obbligazioni, la Legge sulla tutela dei consumatori (ZVPot-1), la Legge sulla protezione dei dati personali (ZVOP-2), il Regolamento generale sulla protezione dei dati \u2013 GDPR e le altre normative vigenti.<\/p>\n<p><strong>4. Invio dell\u2019ordine<\/strong><\/p>\n<p>Per garantire trasparenza, verificabilit\u00e0 e tracciabilit\u00e0, il cliente pu\u00f2 effettuare l\u2019ordine di acquisto o vendita di metalli preziosi esclusivamente in forma scritta:<\/p>\n<p>personalmente presso la filiale Edisongold Koper, Ankaranska cesta 7b, 6000 Koper (con firma dell\u2019ordine),<\/p>\n<p>personalmente presso la filiale Edisongold Ljubljana, Savska cesta 9, 1000 Ljubljana (con firma dell\u2019ordine),<\/p>\n<p>tramite posta elettronica,<\/p>\n<p>tramite collegamento internet sicuro (ordini online) sul sito ufficiale della societ\u00e0 Edisontrade \u2013 www.edisongold.com<\/p>\n<p>, durante l\u2019orario di apertura.<\/p>\n<p>Con l\u2019invio dell\u2019ordine il cliente conferma di essere a conoscenza delle Condizioni Generali, di averle comprese e di accettarle integralmente.<\/p>\n<p><strong>5. Conclusione del contratto di vendita<\/strong><\/p>\n<p>5.1<\/p>\n<p>Il contratto si considera concluso nel momento in cui la societ\u00e0 Edisontrade d.o.o. conferma (accetta) l\u2019ordine del cliente emettendo, sulla base dell\u2019ordine online, una fattura proforma con i prezzi dei prodotti durante l\u2019orario di apertura della filiale:<\/p>\n<p>lun \u2013 gio: 09.00 \u2013 17.00<\/p>\n<p>ven: 09.00 \u2013 13.00<\/p>\n<p>5.2<\/p>\n<p>Il prezzo concordato \u00e8 il prezzo valido al momento dell\u2019accettazione dell\u2019ordine da parte della societ\u00e0 Edisontrade d.o.o.<\/p>\n<p>Il cliente \u00e8 informato che il prezzo pu\u00f2 variare tra il momento dell\u2019invio dell\u2019ordine e la sua conferma a causa delle oscillazioni dei mercati dei metalli preziosi.<\/p>\n<p>5.3<\/p>\n<p>Dopo l\u2019accettazione dell\u2019ordine, la societ\u00e0 Edisontrade d.o.o. procede immediatamente al blocco del prezzo e all\u2019ordine della merce presso il fornitore o la raffineria.<\/p>\n<p>5.4<\/p>\n<p>Il cliente \u00e8 espressamente informato che i prezzi dei metalli preziosi sono direttamente collegati ai mercati finanziari sui quali la societ\u00e0 Edisontrade d.o.o. non ha alcuna influenza. Nei contratti conclusi a distanza, dopo l\u2019accettazione dell\u2019ordine, il cliente non ha diritto di recesso ai sensi della Legge sulla tutela dei consumatori (ZVPot-1).<\/p>\n<p>5.5<\/p>\n<p>In caso di recesso ingiustificato dall\u2019ordine, fornitura di dati non veritieri o mancato adempimento degli obblighi da parte del cliente, il cliente \u00e8 tenuto a pagare alla societ\u00e0 Edisontrade d.o.o. una penale contrattuale pari al 10% del valore dell\u2019ordine, salvo diversa disposizione di legge.<\/p>\n<p><strong>6. Acquisti tramite il sito internet<\/strong><\/p>\n<p>6.1<\/p>\n<p>Per gli ordini effettuati tramite il sito internet (www.edisongold.com<\/p>\n<p>) della societ\u00e0 Edisontrade d.o.o. si applicano le presenti Condizioni Generali, salvo diversa indicazione espressa per singoli casi.<\/p>\n<p>6.2<\/p>\n<p>Prima della conferma dell\u2019ordine, il cliente deve confermare di accettare le Condizioni Generali. \u00c8 valido il prezzo pubblicato al momento della conferma dell\u2019ordine.<\/p>\n<p>6.3<\/p>\n<p>Fino alla conferma dell\u2019ordine il cliente pu\u00f2 liberamente aggiungere o rimuovere prodotti dal carrello.<\/p>\n<p>6.4<\/p>\n<p>Con la conferma dell\u2019ordine il contratto tra il cliente e la societ\u00e0 Edisontrade d.o.o. si considera concluso e il cliente accetta le presenti Condizioni Generali.<\/p>\n<p><strong>7. LBMA FIXING \u2013 regime speciale di negoziazione<\/strong><\/p>\n<p>7.1<\/p>\n<p>In caso di circostanze straordinarie sul mercato dei metalli preziosi, la societ\u00e0 Edisontrade d.o.o. pu\u00f2 stabilire un regime speciale di negoziazione, in cui gli acquisti sono possibili esclusivamente tramite LBMA fixing (AM e PM).<\/p>\n<p>7.2<\/p>\n<p>In tal caso il cliente deve effettuare un ordine vincolante entro:<\/p>\n<p>le ore 10.00 per l\u2019AM fixing,<\/p>\n<p>le ore 14.30 per il PM fixing.<\/p>\n<p>7.3<\/p>\n<p>Il prezzo finale della merce ordinata viene determinato:<\/p>\n<p>alle ore 11.30 (AM fixing),<\/p>\n<p>alle ore 16.00 (PM fixing).<\/p>\n<p>7.4<\/p>\n<p>Dopo la determinazione del prezzo tramite LBMA fixing, l\u2019ordine non pu\u00f2 essere annullato n\u00e9 modificato; il cliente ne \u00e8 espressamente informato e lo accetta.<\/p>\n<p><strong>8. Consegna e disponibilit\u00e0 della merce<\/strong><\/p>\n<p>Nel caso in cui la merce ordinata non sia disponibile a magazzino, il termine di consegna previsto \u00e8 di circa un (1) mese, a seconda del fornitore e delle condizioni del mercato dei metalli preziosi.<\/p>\n<p>Il cliente sar\u00e0 successivamente informato sulla disponibilit\u00e0 della merce e sulla data di ritiro.<\/p>\n<p><strong>9. Trasporto e ritiro<\/strong><\/p>\n<p>I costi di trasporto assicurato e di assicurazione fino ai locali della societ\u00e0 Edisontrade d.o.o. sono inclusi nel prezzo, salvo diverso accordo scritto.<\/p>\n<p>Il ritiro della merce \u00e8 possibile presso le filiali della societ\u00e0 Edisontrade d.o.o. oppure, previo accordo, tramite spedizione assicurata di Po\u0161ta Slovenije all\u2019indirizzo indicato dal cliente al momento dell\u2019ordine.<\/p>\n<p><strong>10. Pagamento del prezzo<\/strong><\/p>\n<p>Il cliente \u00e8 tenuto a pagare l\u2019intero importo nello stesso giorno di ricezione della fattura proforma, salvo diverso accordo scritto.<\/p>\n<p>Metodi di pagamento disponibili:<\/p>\n<p>bonifico bancario,<\/p>\n<p>contanti (se consentito dalla legge).<\/p>\n<p>In caso di ritardo nel pagamento, il fornitore si riserva il diritto di recedere dal contratto o di applicare la penale contrattuale di cui al punto 5.5 delle presenti Condizioni Generali.<\/p>\n<p><strong>11. Reclami e contestazioni<\/strong><\/p>\n<p>Il cliente pu\u00f2 presentare reclami in forma scritta all\u2019indirizzo e-mail del fornitore. Il fornitore esaminer\u00e0 il reclamo nel pi\u00f9 breve tempo possibile.<\/p>\n<p><strong>12. Protezione dei dati personali<\/strong><\/p>\n<p>Il fornitore tratta i dati personali in conformit\u00e0 al GDPR e alla normativa vigente. I dettagli sono indicati nella Informativa sulla privacy pubblicata sul sito internet del fornitore.<\/p>\n<p><strong>13. Risoluzione delle controversie<\/strong><\/p>\n<p>Per tutte le controversie si applica il diritto della Repubblica di Slovenia. \u00c8 competente il tribunale materialmente competente nella Repubblica di Slovenia.<\/p>\n<p><strong>15. Disposizioni finali<\/strong><\/p>\n<p>Il fornitore si riserva il diritto di modificare le presenti Condizioni Generali. Sono valide le condizioni pubblicate sul sito internet al momento dell\u2019invio dell\u2019ordine.<\/p>\n<\/div><\/div><\/div><\/div><\/div>\n","protected":false},"excerpt":{"rendered":"","protected":false},"author":1,"featured_media":0,"parent":0,"menu_order":0,"comment_status":"closed","ping_status":"closed","template":"100-width.php","meta":{"_acf_changed":false,"footnotes":""},"class_list":["post-10710","page","type-page","status-publish","hentry"],"acf":[],"yoast_head":"<!-- This site is optimized with the Yoast SEO plugin v26.8 - https:\/\/yoast.com\/product\/yoast-seo-wordpress\/ -->\n<title>CONDIZIONI GENERALI DI VENDITA - Edisongold<\/title>\n<meta name=\"description\" content=\"Preberite na\u0161e pogoje poslovanja za jasno in pregledno izku\u0161njo pri vlaganju v plemenite kovine. Edisongold - va\u0161 zanesljiv vir za varne in transparentne nalo\u017ebe.\" \/>\n<meta name=\"robots\" content=\"index, follow, max-snippet:-1, max-image-preview:large, max-video-preview:-1\" \/>\n<link rel=\"canonical\" href=\"https:\/\/edisongold.com\/it\/condizioni-generali-di-vendita\/\" \/>\n<meta property=\"og:locale\" content=\"it_IT\" \/>\n<meta property=\"og:type\" content=\"article\" \/>\n<meta property=\"og:title\" content=\"CONDIZIONI GENERALI DI VENDITA - Edisongold\" \/>\n<meta property=\"og:description\" content=\"Preberite na\u0161e pogoje poslovanja za jasno in pregledno izku\u0161njo pri vlaganju v plemenite kovine. Edisongold - va\u0161 zanesljiv vir za varne in transparentne nalo\u017ebe.\" \/>\n<meta property=\"og:url\" content=\"https:\/\/edisongold.com\/it\/condizioni-generali-di-vendita\/\" \/>\n<meta property=\"og:site_name\" content=\"Edisongold\" \/>\n<meta property=\"article:modified_time\" content=\"2026-02-06T08:09:54+00:00\" \/>\n<meta name=\"twitter:card\" content=\"summary_large_image\" \/>\n<meta name=\"twitter:label1\" content=\"Tempo di lettura stimato\" \/>\n\t<meta name=\"twitter:data1\" content=\"5 minuti\" \/>\n<script type=\"application\/ld+json\" class=\"yoast-schema-graph\">{\"@context\":\"https:\/\/schema.org\",\"@graph\":[{\"@type\":\"WebPage\",\"@id\":\"https:\/\/edisongold.com\/it\/condizioni-generali-di-vendita\/\",\"url\":\"https:\/\/edisongold.com\/it\/condizioni-generali-di-vendita\/\",\"name\":\"CONDIZIONI GENERALI DI VENDITA - Edisongold\",\"isPartOf\":{\"@id\":\"https:\/\/edisongold.com\/#website\"},\"datePublished\":\"2026-02-06T07:50:41+00:00\",\"dateModified\":\"2026-02-06T08:09:54+00:00\",\"description\":\"Preberite na\u0161e pogoje poslovanja za jasno in pregledno izku\u0161njo pri vlaganju v plemenite kovine. Edisongold - va\u0161 zanesljiv vir za varne in transparentne nalo\u017ebe.\",\"breadcrumb\":{\"@id\":\"https:\/\/edisongold.com\/it\/condizioni-generali-di-vendita\/#breadcrumb\"},\"inLanguage\":\"it-IT\",\"potentialAction\":[{\"@type\":\"ReadAction\",\"target\":[\"https:\/\/edisongold.com\/it\/condizioni-generali-di-vendita\/\"]}]},{\"@type\":\"BreadcrumbList\",\"@id\":\"https:\/\/edisongold.com\/it\/condizioni-generali-di-vendita\/#breadcrumb\",\"itemListElement\":[{\"@type\":\"ListItem\",\"position\":1,\"name\":\"Home\",\"item\":\"https:\/\/edisongold.com\/it\/\"},{\"@type\":\"ListItem\",\"position\":2,\"name\":\"CONDIZIONI GENERALI DI VENDITA\"}]},{\"@type\":\"WebSite\",\"@id\":\"https:\/\/edisongold.com\/#website\",\"url\":\"https:\/\/edisongold.com\/\",\"name\":\"Edisongold\",\"description\":\"\",\"potentialAction\":[{\"@type\":\"SearchAction\",\"target\":{\"@type\":\"EntryPoint\",\"urlTemplate\":\"https:\/\/edisongold.com\/?s={search_term_string}\"},\"query-input\":{\"@type\":\"PropertyValueSpecification\",\"valueRequired\":true,\"valueName\":\"search_term_string\"}}],\"inLanguage\":\"it-IT\"}]}<\/script>\n<!-- \/ Yoast SEO plugin. -->","yoast_head_json":{"title":"CONDIZIONI GENERALI DI VENDITA - Edisongold","description":"Preberite na\u0161e pogoje poslovanja za jasno in pregledno izku\u0161njo pri vlaganju v plemenite kovine. Edisongold - va\u0161 zanesljiv vir za varne in transparentne nalo\u017ebe.","robots":{"index":"index","follow":"follow","max-snippet":"max-snippet:-1","max-image-preview":"max-image-preview:large","max-video-preview":"max-video-preview:-1"},"canonical":"https:\/\/edisongold.com\/it\/condizioni-generali-di-vendita\/","og_locale":"it_IT","og_type":"article","og_title":"CONDIZIONI GENERALI DI VENDITA - Edisongold","og_description":"Preberite na\u0161e pogoje poslovanja za jasno in pregledno izku\u0161njo pri vlaganju v plemenite kovine. Edisongold - va\u0161 zanesljiv vir za varne in transparentne nalo\u017ebe.","og_url":"https:\/\/edisongold.com\/it\/condizioni-generali-di-vendita\/","og_site_name":"Edisongold","article_modified_time":"2026-02-06T08:09:54+00:00","twitter_card":"summary_large_image","twitter_misc":{"Tempo di lettura stimato":"5 minuti"},"schema":{"@context":"https:\/\/schema.org","@graph":[{"@type":"WebPage","@id":"https:\/\/edisongold.com\/it\/condizioni-generali-di-vendita\/","url":"https:\/\/edisongold.com\/it\/condizioni-generali-di-vendita\/","name":"CONDIZIONI GENERALI DI VENDITA - Edisongold","isPartOf":{"@id":"https:\/\/edisongold.com\/#website"},"datePublished":"2026-02-06T07:50:41+00:00","dateModified":"2026-02-06T08:09:54+00:00","description":"Preberite na\u0161e pogoje poslovanja za jasno in pregledno izku\u0161njo pri vlaganju v plemenite kovine. Edisongold - va\u0161 zanesljiv vir za varne in transparentne nalo\u017ebe.","breadcrumb":{"@id":"https:\/\/edisongold.com\/it\/condizioni-generali-di-vendita\/#breadcrumb"},"inLanguage":"it-IT","potentialAction":[{"@type":"ReadAction","target":["https:\/\/edisongold.com\/it\/condizioni-generali-di-vendita\/"]}]},{"@type":"BreadcrumbList","@id":"https:\/\/edisongold.com\/it\/condizioni-generali-di-vendita\/#breadcrumb","itemListElement":[{"@type":"ListItem","position":1,"name":"Home","item":"https:\/\/edisongold.com\/it\/"},{"@type":"ListItem","position":2,"name":"CONDIZIONI GENERALI DI VENDITA"}]},{"@type":"WebSite","@id":"https:\/\/edisongold.com\/#website","url":"https:\/\/edisongold.com\/","name":"Edisongold","description":"","potentialAction":[{"@type":"SearchAction","target":{"@type":"EntryPoint","urlTemplate":"https:\/\/edisongold.com\/?s={search_term_string}"},"query-input":{"@type":"PropertyValueSpecification","valueRequired":true,"valueName":"search_term_string"}}],"inLanguage":"it-IT"}]}},"_links":{"self":[{"href":"https:\/\/edisongold.com\/it\/wp-json\/wp\/v2\/pages\/10710","targetHints":{"allow":["GET"]}}],"collection":[{"href":"https:\/\/edisongold.com\/it\/wp-json\/wp\/v2\/pages"}],"about":[{"href":"https:\/\/edisongold.com\/it\/wp-json\/wp\/v2\/types\/page"}],"author":[{"embeddable":true,"href":"https:\/\/edisongold.com\/it\/wp-json\/wp\/v2\/users\/1"}],"replies":[{"embeddable":true,"href":"https:\/\/edisongold.com\/it\/wp-json\/wp\/v2\/comments?post=10710"}],"version-history":[{"count":1,"href":"https:\/\/edisongold.com\/it\/wp-json\/wp\/v2\/pages\/10710\/revisions"}],"predecessor-version":[{"id":10712,"href":"https:\/\/edisongold.com\/it\/wp-json\/wp\/v2\/pages\/10710\/revisions\/10712"}],"wp:attachment":[{"href":"https:\/\/edisongold.com\/it\/wp-json\/wp\/v2\/media?parent=10710"}],"curies":[{"name":"wp","href":"https:\/\/api.w.org\/{rel}","templated":true}]}}