{"id":7102,"date":"2023-10-02T11:45:49","date_gmt":"2023-10-02T11:45:49","guid":{"rendered":"https:\/\/edisongold.com\/ponudba-nalozbenih-kovin\/10g-zlata-palica-leto-zmaja\/"},"modified":"2023-12-19T10:17:33","modified_gmt":"2023-12-19T10:17:33","slug":"10g-zlata-palica-leto-zmaja","status":"publish","type":"product","link":"https:\/\/edisongold.com\/hr\/ponudba-nalozbenih-kovin\/10g-zlata-palica-leto-zmaja\/","title":{"rendered":"10g, Zlatna poluga, Godina zmaja"},"content":{"rendered":"<p>visina: 31,5<br \/>\n\u0161irina: 18.5<br \/>\ndebljina: 1.0<\/p>\n<p>Sve poluge u na\u0161oj ponudi, su individualno numerirane i opremljene sa posebnim certifikatom.<\/p>\n<p>Zadr\u017eavamo pravo na dobavu ekvivalentnih proizvoda drugih ekvivalentnih i kvalitativno isto rangiranih proizvo\u0111a\u010da. U svakom slu\u010daju, to su provjerene zlatne poluge \u010disto\u0107e 999,9 \/ 1000. Dimenzije zlatnih poluga (iste ukupne te\u017eine) razli\u010ditih proizvo\u0111a\u010da se razlikuju(visina, \u0161irina, debljina).<\/p>\n","protected":false},"excerpt":{"rendered":"<p>visina: 31,5 \u0161irina: 18.5 debljina: 1.0 Sve poluge u na\u0161oj  [&#8230;]<\/p>\n","protected":false},"featured_media":7063,"comment_status":"open","ping_status":"closed","template":"","meta":{"_acf_changed":false},"product_brand":[],"product_cat":[62],"product_tag":[],"class_list":{"0":"post-7102","1":"product","2":"type-product","3":"status-publish","4":"has-post-thumbnail","6":"product_cat-zlatne-poluge","8":"first","9":"outofstock","10":"shipping-taxable","11":"purchasable","12":"product-type-simple"},"acf":[],"yoast_head":"<!-- This site is optimized with the Yoast SEO plugin v26.8 - https:\/\/yoast.com\/product\/yoast-seo-wordpress\/ -->\n<title>10g, Zlatna poluga, Godina zmaja - Edisongold<\/title>\n<meta name=\"robots\" content=\"index, follow, max-snippet:-1, max-image-preview:large, max-video-preview:-1\" \/>\n<link rel=\"canonical\" href=\"https:\/\/edisongold.com\/hr\/ponudba-nalozbenih-kovin\/10g-zlata-palica-leto-zmaja\/\" \/>\n<meta property=\"og:locale\" content=\"hr_HR\" \/>\n<meta property=\"og:type\" content=\"article\" \/>\n<meta property=\"og:title\" content=\"10g, Zlatna poluga, Godina zmaja - Edisongold\" \/>\n<meta property=\"og:description\" content=\"visina: 31,5 \u0161irina: 18.5 debljina: 1.0 Sve poluge u na\u0161oj [...]\" \/>\n<meta property=\"og:url\" content=\"https:\/\/edisongold.com\/hr\/ponudba-nalozbenih-kovin\/10g-zlata-palica-leto-zmaja\/\" \/>\n<meta property=\"og:site_name\" content=\"Edisongold\" \/>\n<meta property=\"article:modified_time\" content=\"2023-12-19T10:17:33+00:00\" \/>\n<meta property=\"og:image\" content=\"https:\/\/edisongold.com\/wp-content\/uploads\/2023\/10\/dragon_palica-zlata_10g_01.png\" \/>\n\t<meta property=\"og:image:width\" content=\"900\" \/>\n\t<meta property=\"og:image:height\" content=\"1000\" \/>\n\t<meta property=\"og:image:type\" content=\"image\/png\" \/>\n<meta name=\"twitter:card\" content=\"summary_large_image\" \/>\n<meta name=\"twitter:label1\" content=\"Procijenjeno vrijeme \u010ditanja\" \/>\n\t<meta name=\"twitter:data1\" content=\"1 minuta\" \/>\n<script type=\"application\/ld+json\" class=\"yoast-schema-graph\">{\"@context\":\"https:\/\/schema.org\",\"@graph\":[{\"@type\":\"WebPage\",\"@id\":\"https:\/\/edisongold.com\/hr\/ponudba-nalozbenih-kovin\/10g-zlata-palica-leto-zmaja\/\",\"url\":\"https:\/\/edisongold.com\/hr\/ponudba-nalozbenih-kovin\/10g-zlata-palica-leto-zmaja\/\",\"name\":\"10g, Zlatna poluga, Godina zmaja - Edisongold\",\"isPartOf\":{\"@id\":\"https:\/\/edisongold.com\/#website\"},\"primaryImageOfPage\":{\"@id\":\"https:\/\/edisongold.com\/hr\/ponudba-nalozbenih-kovin\/10g-zlata-palica-leto-zmaja\/#primaryimage\"},\"image\":{\"@id\":\"https:\/\/edisongold.com\/hr\/ponudba-nalozbenih-kovin\/10g-zlata-palica-leto-zmaja\/#primaryimage\"},\"thumbnailUrl\":\"https:\/\/edisongold.com\/wp-content\/uploads\/2023\/10\/dragon_palica-zlata_10g_02.png\",\"datePublished\":\"2023-10-02T11:45:49+00:00\",\"dateModified\":\"2023-12-19T10:17:33+00:00\",\"breadcrumb\":{\"@id\":\"https:\/\/edisongold.com\/hr\/ponudba-nalozbenih-kovin\/10g-zlata-palica-leto-zmaja\/#breadcrumb\"},\"inLanguage\":\"hr\",\"potentialAction\":[{\"@type\":\"ReadAction\",\"target\":[\"https:\/\/edisongold.com\/hr\/ponudba-nalozbenih-kovin\/10g-zlata-palica-leto-zmaja\/\"]}]},{\"@type\":\"ImageObject\",\"inLanguage\":\"hr\",\"@id\":\"https:\/\/edisongold.com\/hr\/ponudba-nalozbenih-kovin\/10g-zlata-palica-leto-zmaja\/#primaryimage\",\"url\":\"https:\/\/edisongold.com\/wp-content\/uploads\/2023\/10\/dragon_palica-zlata_10g_02.png\",\"contentUrl\":\"https:\/\/edisongold.com\/wp-content\/uploads\/2023\/10\/dragon_palica-zlata_10g_02.png\",\"width\":900,\"height\":1000},{\"@type\":\"BreadcrumbList\",\"@id\":\"https:\/\/edisongold.com\/hr\/ponudba-nalozbenih-kovin\/10g-zlata-palica-leto-zmaja\/#breadcrumb\",\"itemListElement\":[{\"@type\":\"ListItem\",\"position\":1,\"name\":\"Home\",\"item\":\"https:\/\/edisongold.com\/hr\/\"},{\"@type\":\"ListItem\",\"position\":2,\"name\":\"Shop\",\"item\":\"https:\/\/edisongold.com\/shop\/\"},{\"@type\":\"ListItem\",\"position\":3,\"name\":\"10g, Zlatna poluga, Godina zmaja\"}]},{\"@type\":\"WebSite\",\"@id\":\"https:\/\/edisongold.com\/#website\",\"url\":\"https:\/\/edisongold.com\/\",\"name\":\"Edisongold\",\"description\":\"\",\"potentialAction\":[{\"@type\":\"SearchAction\",\"target\":{\"@type\":\"EntryPoint\",\"urlTemplate\":\"https:\/\/edisongold.com\/?s={search_term_string}\"},\"query-input\":{\"@type\":\"PropertyValueSpecification\",\"valueRequired\":true,\"valueName\":\"search_term_string\"}}],\"inLanguage\":\"hr\"}]}<\/script>\n<!-- \/ Yoast SEO plugin. -->","yoast_head_json":{"title":"10g, Zlatna poluga, Godina zmaja - Edisongold","robots":{"index":"index","follow":"follow","max-snippet":"max-snippet:-1","max-image-preview":"max-image-preview:large","max-video-preview":"max-video-preview:-1"},"canonical":"https:\/\/edisongold.com\/hr\/ponudba-nalozbenih-kovin\/10g-zlata-palica-leto-zmaja\/","og_locale":"hr_HR","og_type":"article","og_title":"10g, Zlatna poluga, Godina zmaja - Edisongold","og_description":"visina: 31,5 \u0161irina: 18.5 debljina: 1.0 Sve poluge u na\u0161oj [...]","og_url":"https:\/\/edisongold.com\/hr\/ponudba-nalozbenih-kovin\/10g-zlata-palica-leto-zmaja\/","og_site_name":"Edisongold","article_modified_time":"2023-12-19T10:17:33+00:00","og_image":[{"width":900,"height":1000,"url":"https:\/\/edisongold.com\/wp-content\/uploads\/2023\/10\/dragon_palica-zlata_10g_01.png","type":"image\/png"}],"twitter_card":"summary_large_image","twitter_misc":{"Procijenjeno vrijeme \u010ditanja":"1 minuta"},"schema":{"@context":"https:\/\/schema.org","@graph":[{"@type":"WebPage","@id":"https:\/\/edisongold.com\/hr\/ponudba-nalozbenih-kovin\/10g-zlata-palica-leto-zmaja\/","url":"https:\/\/edisongold.com\/hr\/ponudba-nalozbenih-kovin\/10g-zlata-palica-leto-zmaja\/","name":"10g, Zlatna poluga, Godina zmaja - Edisongold","isPartOf":{"@id":"https:\/\/edisongold.com\/#website"},"primaryImageOfPage":{"@id":"https:\/\/edisongold.com\/hr\/ponudba-nalozbenih-kovin\/10g-zlata-palica-leto-zmaja\/#primaryimage"},"image":{"@id":"https:\/\/edisongold.com\/hr\/ponudba-nalozbenih-kovin\/10g-zlata-palica-leto-zmaja\/#primaryimage"},"thumbnailUrl":"https:\/\/edisongold.com\/wp-content\/uploads\/2023\/10\/dragon_palica-zlata_10g_02.png","datePublished":"2023-10-02T11:45:49+00:00","dateModified":"2023-12-19T10:17:33+00:00","breadcrumb":{"@id":"https:\/\/edisongold.com\/hr\/ponudba-nalozbenih-kovin\/10g-zlata-palica-leto-zmaja\/#breadcrumb"},"inLanguage":"hr","potentialAction":[{"@type":"ReadAction","target":["https:\/\/edisongold.com\/hr\/ponudba-nalozbenih-kovin\/10g-zlata-palica-leto-zmaja\/"]}]},{"@type":"ImageObject","inLanguage":"hr","@id":"https:\/\/edisongold.com\/hr\/ponudba-nalozbenih-kovin\/10g-zlata-palica-leto-zmaja\/#primaryimage","url":"https:\/\/edisongold.com\/wp-content\/uploads\/2023\/10\/dragon_palica-zlata_10g_02.png","contentUrl":"https:\/\/edisongold.com\/wp-content\/uploads\/2023\/10\/dragon_palica-zlata_10g_02.png","width":900,"height":1000},{"@type":"BreadcrumbList","@id":"https:\/\/edisongold.com\/hr\/ponudba-nalozbenih-kovin\/10g-zlata-palica-leto-zmaja\/#breadcrumb","itemListElement":[{"@type":"ListItem","position":1,"name":"Home","item":"https:\/\/edisongold.com\/hr\/"},{"@type":"ListItem","position":2,"name":"Shop","item":"https:\/\/edisongold.com\/shop\/"},{"@type":"ListItem","position":3,"name":"10g, Zlatna poluga, Godina zmaja"}]},{"@type":"WebSite","@id":"https:\/\/edisongold.com\/#website","url":"https:\/\/edisongold.com\/","name":"Edisongold","description":"","potentialAction":[{"@type":"SearchAction","target":{"@type":"EntryPoint","urlTemplate":"https:\/\/edisongold.com\/?s={search_term_string}"},"query-input":{"@type":"PropertyValueSpecification","valueRequired":true,"valueName":"search_term_string"}}],"inLanguage":"hr"}]}},"_links":{"self":[{"href":"https:\/\/edisongold.com\/hr\/wp-json\/wp\/v2\/product\/7102","targetHints":{"allow":["GET"]}}],"collection":[{"href":"https:\/\/edisongold.com\/hr\/wp-json\/wp\/v2\/product"}],"about":[{"href":"https:\/\/edisongold.com\/hr\/wp-json\/wp\/v2\/types\/product"}],"replies":[{"embeddable":true,"href":"https:\/\/edisongold.com\/hr\/wp-json\/wp\/v2\/comments?post=7102"}],"wp:featuredmedia":[{"embeddable":true,"href":"https:\/\/edisongold.com\/hr\/wp-json\/wp\/v2\/media\/7063"}],"wp:attachment":[{"href":"https:\/\/edisongold.com\/hr\/wp-json\/wp\/v2\/media?parent=7102"}],"wp:term":[{"taxonomy":"product_brand","embeddable":true,"href":"https:\/\/edisongold.com\/hr\/wp-json\/wp\/v2\/product_brand?post=7102"},{"taxonomy":"product_cat","embeddable":true,"href":"https:\/\/edisongold.com\/hr\/wp-json\/wp\/v2\/product_cat?post=7102"},{"taxonomy":"product_tag","embeddable":true,"href":"https:\/\/edisongold.com\/hr\/wp-json\/wp\/v2\/product_tag?post=7102"}],"curies":[{"name":"wp","href":"https:\/\/api.w.org\/{rel}","templated":true}]}}