{"id":3359,"date":"2023-02-15T14:36:22","date_gmt":"2023-02-15T14:36:22","guid":{"rendered":"https:\/\/edisongold.com\/izdelek\/1-rand-juzna-afrika\/"},"modified":"2023-03-15T13:49:57","modified_gmt":"2023-03-15T13:49:57","slug":"1-rand-juzna-afrika-3","status":"publish","type":"product","link":"https:\/\/edisongold.com\/hr\/ponudba-nalozbenih-kovin\/1-rand-juzna-afrika-3\/","title":{"rendered":"1 RAND &#8211; Ju\u017ena Afrika"},"content":{"rendered":"<p>Metvica: The Sout African Mint, Ju\u017ena Afrika<\/p>\n<p>\u010cisto\u0107a: 916,67\/1000<\/p>\n<p>Dimenzija kovanice: 19,3 mm &#8211; 1 mm<\/p>\n<p>\u0160ifra valute: 1 rand<\/p>\n<p>Sadr\u017eaj zlata: 3,66 g<\/p>\n<p>Masa: 3,99 g<\/p>\n","protected":false},"excerpt":{"rendered":"<p>\u010cisto\u0107a:916,67\u2030<\/p>\n<p>Masa:3,99g<\/p>\n<p>Promjer:19,3mm<\/p>\n","protected":false},"featured_media":2111,"comment_status":"closed","ping_status":"closed","template":"","meta":{"_acf_changed":false},"product_brand":[],"product_cat":[93],"product_tag":[],"class_list":{"0":"post-3359","1":"product","2":"type-product","3":"status-publish","4":"has-post-thumbnail","6":"product_cat-juzna-afrika-hr","8":"first","9":"outofstock","10":"shipping-taxable","11":"purchasable","12":"product-type-simple"},"acf":[],"yoast_head":"<!-- This site is optimized with the Yoast SEO plugin v26.8 - https:\/\/yoast.com\/product\/yoast-seo-wordpress\/ -->\n<title>1 RAND - Ju\u017ena Afrika - Edisongold<\/title>\n<meta name=\"robots\" content=\"index, follow, max-snippet:-1, max-image-preview:large, max-video-preview:-1\" \/>\n<link rel=\"canonical\" href=\"https:\/\/edisongold.com\/hr\/ponudba-nalozbenih-kovin\/1-rand-juzna-afrika-3\/\" \/>\n<meta property=\"og:locale\" content=\"hr_HR\" \/>\n<meta property=\"og:type\" content=\"article\" \/>\n<meta property=\"og:title\" content=\"1 RAND - Ju\u017ena Afrika - Edisongold\" \/>\n<meta property=\"og:description\" content=\"\u010cisto\u0107a:916,67\u2030    Masa:3,99g    Promjer:19,3mm\" \/>\n<meta property=\"og:url\" content=\"https:\/\/edisongold.com\/hr\/ponudba-nalozbenih-kovin\/1-rand-juzna-afrika-3\/\" \/>\n<meta property=\"og:site_name\" content=\"Edisongold\" \/>\n<meta property=\"article:modified_time\" content=\"2023-03-15T13:49:57+00:00\" \/>\n<meta property=\"og:image\" content=\"https:\/\/edisongold.com\/wp-content\/uploads\/2023\/02\/1r.png\" \/>\n\t<meta property=\"og:image:width\" content=\"516\" \/>\n\t<meta property=\"og:image:height\" content=\"404\" \/>\n\t<meta property=\"og:image:type\" content=\"image\/png\" \/>\n<meta name=\"twitter:card\" content=\"summary_large_image\" \/>\n<script type=\"application\/ld+json\" class=\"yoast-schema-graph\">{\"@context\":\"https:\/\/schema.org\",\"@graph\":[{\"@type\":\"WebPage\",\"@id\":\"https:\/\/edisongold.com\/hr\/ponudba-nalozbenih-kovin\/1-rand-juzna-afrika-3\/\",\"url\":\"https:\/\/edisongold.com\/hr\/ponudba-nalozbenih-kovin\/1-rand-juzna-afrika-3\/\",\"name\":\"1 RAND - Ju\u017ena Afrika - Edisongold\",\"isPartOf\":{\"@id\":\"https:\/\/edisongold.com\/#website\"},\"primaryImageOfPage\":{\"@id\":\"https:\/\/edisongold.com\/hr\/ponudba-nalozbenih-kovin\/1-rand-juzna-afrika-3\/#primaryimage\"},\"image\":{\"@id\":\"https:\/\/edisongold.com\/hr\/ponudba-nalozbenih-kovin\/1-rand-juzna-afrika-3\/#primaryimage\"},\"thumbnailUrl\":\"https:\/\/edisongold.com\/wp-content\/uploads\/2023\/02\/1r.png\",\"datePublished\":\"2023-02-15T14:36:22+00:00\",\"dateModified\":\"2023-03-15T13:49:57+00:00\",\"breadcrumb\":{\"@id\":\"https:\/\/edisongold.com\/hr\/ponudba-nalozbenih-kovin\/1-rand-juzna-afrika-3\/#breadcrumb\"},\"inLanguage\":\"hr\",\"potentialAction\":[{\"@type\":\"ReadAction\",\"target\":[\"https:\/\/edisongold.com\/hr\/ponudba-nalozbenih-kovin\/1-rand-juzna-afrika-3\/\"]}]},{\"@type\":\"ImageObject\",\"inLanguage\":\"hr\",\"@id\":\"https:\/\/edisongold.com\/hr\/ponudba-nalozbenih-kovin\/1-rand-juzna-afrika-3\/#primaryimage\",\"url\":\"https:\/\/edisongold.com\/wp-content\/uploads\/2023\/02\/1r.png\",\"contentUrl\":\"https:\/\/edisongold.com\/wp-content\/uploads\/2023\/02\/1r.png\",\"width\":516,\"height\":404},{\"@type\":\"BreadcrumbList\",\"@id\":\"https:\/\/edisongold.com\/hr\/ponudba-nalozbenih-kovin\/1-rand-juzna-afrika-3\/#breadcrumb\",\"itemListElement\":[{\"@type\":\"ListItem\",\"position\":1,\"name\":\"Home\",\"item\":\"https:\/\/edisongold.com\/hr\/\"},{\"@type\":\"ListItem\",\"position\":2,\"name\":\"Shop\",\"item\":\"https:\/\/edisongold.com\/shop\/\"},{\"@type\":\"ListItem\",\"position\":3,\"name\":\"1 RAND &#8211; Ju\u017ena Afrika\"}]},{\"@type\":\"WebSite\",\"@id\":\"https:\/\/edisongold.com\/#website\",\"url\":\"https:\/\/edisongold.com\/\",\"name\":\"Edisongold\",\"description\":\"\",\"potentialAction\":[{\"@type\":\"SearchAction\",\"target\":{\"@type\":\"EntryPoint\",\"urlTemplate\":\"https:\/\/edisongold.com\/?s={search_term_string}\"},\"query-input\":{\"@type\":\"PropertyValueSpecification\",\"valueRequired\":true,\"valueName\":\"search_term_string\"}}],\"inLanguage\":\"hr\"}]}<\/script>\n<!-- \/ Yoast SEO plugin. -->","yoast_head_json":{"title":"1 RAND - Ju\u017ena Afrika - Edisongold","robots":{"index":"index","follow":"follow","max-snippet":"max-snippet:-1","max-image-preview":"max-image-preview:large","max-video-preview":"max-video-preview:-1"},"canonical":"https:\/\/edisongold.com\/hr\/ponudba-nalozbenih-kovin\/1-rand-juzna-afrika-3\/","og_locale":"hr_HR","og_type":"article","og_title":"1 RAND - Ju\u017ena Afrika - Edisongold","og_description":"\u010cisto\u0107a:916,67\u2030    Masa:3,99g    Promjer:19,3mm","og_url":"https:\/\/edisongold.com\/hr\/ponudba-nalozbenih-kovin\/1-rand-juzna-afrika-3\/","og_site_name":"Edisongold","article_modified_time":"2023-03-15T13:49:57+00:00","og_image":[{"width":516,"height":404,"url":"https:\/\/edisongold.com\/wp-content\/uploads\/2023\/02\/1r.png","type":"image\/png"}],"twitter_card":"summary_large_image","schema":{"@context":"https:\/\/schema.org","@graph":[{"@type":"WebPage","@id":"https:\/\/edisongold.com\/hr\/ponudba-nalozbenih-kovin\/1-rand-juzna-afrika-3\/","url":"https:\/\/edisongold.com\/hr\/ponudba-nalozbenih-kovin\/1-rand-juzna-afrika-3\/","name":"1 RAND - Ju\u017ena Afrika - Edisongold","isPartOf":{"@id":"https:\/\/edisongold.com\/#website"},"primaryImageOfPage":{"@id":"https:\/\/edisongold.com\/hr\/ponudba-nalozbenih-kovin\/1-rand-juzna-afrika-3\/#primaryimage"},"image":{"@id":"https:\/\/edisongold.com\/hr\/ponudba-nalozbenih-kovin\/1-rand-juzna-afrika-3\/#primaryimage"},"thumbnailUrl":"https:\/\/edisongold.com\/wp-content\/uploads\/2023\/02\/1r.png","datePublished":"2023-02-15T14:36:22+00:00","dateModified":"2023-03-15T13:49:57+00:00","breadcrumb":{"@id":"https:\/\/edisongold.com\/hr\/ponudba-nalozbenih-kovin\/1-rand-juzna-afrika-3\/#breadcrumb"},"inLanguage":"hr","potentialAction":[{"@type":"ReadAction","target":["https:\/\/edisongold.com\/hr\/ponudba-nalozbenih-kovin\/1-rand-juzna-afrika-3\/"]}]},{"@type":"ImageObject","inLanguage":"hr","@id":"https:\/\/edisongold.com\/hr\/ponudba-nalozbenih-kovin\/1-rand-juzna-afrika-3\/#primaryimage","url":"https:\/\/edisongold.com\/wp-content\/uploads\/2023\/02\/1r.png","contentUrl":"https:\/\/edisongold.com\/wp-content\/uploads\/2023\/02\/1r.png","width":516,"height":404},{"@type":"BreadcrumbList","@id":"https:\/\/edisongold.com\/hr\/ponudba-nalozbenih-kovin\/1-rand-juzna-afrika-3\/#breadcrumb","itemListElement":[{"@type":"ListItem","position":1,"name":"Home","item":"https:\/\/edisongold.com\/hr\/"},{"@type":"ListItem","position":2,"name":"Shop","item":"https:\/\/edisongold.com\/shop\/"},{"@type":"ListItem","position":3,"name":"1 RAND &#8211; Ju\u017ena Afrika"}]},{"@type":"WebSite","@id":"https:\/\/edisongold.com\/#website","url":"https:\/\/edisongold.com\/","name":"Edisongold","description":"","potentialAction":[{"@type":"SearchAction","target":{"@type":"EntryPoint","urlTemplate":"https:\/\/edisongold.com\/?s={search_term_string}"},"query-input":{"@type":"PropertyValueSpecification","valueRequired":true,"valueName":"search_term_string"}}],"inLanguage":"hr"}]}},"_links":{"self":[{"href":"https:\/\/edisongold.com\/hr\/wp-json\/wp\/v2\/product\/3359","targetHints":{"allow":["GET"]}}],"collection":[{"href":"https:\/\/edisongold.com\/hr\/wp-json\/wp\/v2\/product"}],"about":[{"href":"https:\/\/edisongold.com\/hr\/wp-json\/wp\/v2\/types\/product"}],"replies":[{"embeddable":true,"href":"https:\/\/edisongold.com\/hr\/wp-json\/wp\/v2\/comments?post=3359"}],"wp:featuredmedia":[{"embeddable":true,"href":"https:\/\/edisongold.com\/hr\/wp-json\/wp\/v2\/media\/2111"}],"wp:attachment":[{"href":"https:\/\/edisongold.com\/hr\/wp-json\/wp\/v2\/media?parent=3359"}],"wp:term":[{"taxonomy":"product_brand","embeddable":true,"href":"https:\/\/edisongold.com\/hr\/wp-json\/wp\/v2\/product_brand?post=3359"},{"taxonomy":"product_cat","embeddable":true,"href":"https:\/\/edisongold.com\/hr\/wp-json\/wp\/v2\/product_cat?post=3359"},{"taxonomy":"product_tag","embeddable":true,"href":"https:\/\/edisongold.com\/hr\/wp-json\/wp\/v2\/product_tag?post=3359"}],"curies":[{"name":"wp","href":"https:\/\/api.w.org\/{rel}","templated":true}]}}