{"id":3295,"date":"2023-02-15T14:36:31","date_gmt":"2023-02-15T14:36:31","guid":{"rendered":"https:\/\/edisongold.com\/izdelek\/20-mark-wilhelm-ii-2\/"},"modified":"2023-03-23T09:43:24","modified_gmt":"2023-03-23T09:43:24","slug":"20-mark-wilhelm-ii_539c71a3729c1-3","status":"publish","type":"product","link":"https:\/\/edisongold.com\/hr\/ponudba-nalozbenih-kovin\/20-mark-wilhelm-ii_539c71a3729c1-3\/","title":{"rendered":"20 mark Wilhelm II"},"content":{"rendered":"<p>Metvica: M\u00fcnzpr\u00e4gest\u00e4tten Deutschland<br \/>\u010cisto\u0107a: 900\/1000<br \/>Dimenzija kovanice: 22,50 x 1,40<br \/>\u0160ifra valute: 20 DEM<br \/>Sadr\u017eaj zlata: 7,16 g<br \/>Masa: 7,965 g<br \/>godina izdavanja: 1914<\/p>\n","protected":false},"excerpt":{"rendered":"<p>\u010cisto\u0107a:900\u2030<\/p>\n<p>Masa:7,96g<\/p>\n<p>Promjer:22,50mm<\/p>\n","protected":false},"featured_media":4460,"comment_status":"closed","ping_status":"closed","template":"","meta":{"_acf_changed":false},"product_brand":[],"product_cat":[87],"product_tag":[],"class_list":{"0":"post-3295","1":"product","2":"type-product","3":"status-publish","4":"has-post-thumbnail","6":"product_cat-ostale-kovanice","8":"first","9":"instock","10":"shipping-taxable","11":"purchasable","12":"product-type-simple"},"acf":[],"yoast_head":"<!-- This site is optimized with the Yoast SEO plugin v26.8 - https:\/\/yoast.com\/product\/yoast-seo-wordpress\/ -->\n<title>20 mark Wilhelm II - Edisongold<\/title>\n<meta name=\"robots\" content=\"index, follow, max-snippet:-1, max-image-preview:large, max-video-preview:-1\" \/>\n<link rel=\"canonical\" href=\"https:\/\/edisongold.com\/hr\/ponudba-nalozbenih-kovin\/20-mark-wilhelm-ii_539c71a3729c1-3\/\" \/>\n<meta property=\"og:locale\" content=\"hr_HR\" \/>\n<meta property=\"og:type\" content=\"article\" \/>\n<meta property=\"og:title\" content=\"20 mark Wilhelm II - Edisongold\" \/>\n<meta property=\"og:description\" content=\"\u010cisto\u0107a:900\u2030  Masa:7,96g  Promjer:22,50mm\" \/>\n<meta property=\"og:url\" content=\"https:\/\/edisongold.com\/hr\/ponudba-nalozbenih-kovin\/20-mark-wilhelm-ii_539c71a3729c1-3\/\" \/>\n<meta property=\"og:site_name\" content=\"Edisongold\" \/>\n<meta property=\"article:modified_time\" content=\"2023-03-23T09:43:24+00:00\" \/>\n<meta property=\"og:image\" content=\"https:\/\/edisongold.com\/wp-content\/uploads\/2023\/02\/20-mark-Wilhelm-II-Pruska-uniforma_01.png\" \/>\n\t<meta property=\"og:image:width\" content=\"900\" \/>\n\t<meta property=\"og:image:height\" content=\"1000\" \/>\n\t<meta property=\"og:image:type\" content=\"image\/png\" \/>\n<meta name=\"twitter:card\" content=\"summary_large_image\" \/>\n<script type=\"application\/ld+json\" class=\"yoast-schema-graph\">{\"@context\":\"https:\/\/schema.org\",\"@graph\":[{\"@type\":\"WebPage\",\"@id\":\"https:\/\/edisongold.com\/hr\/ponudba-nalozbenih-kovin\/20-mark-wilhelm-ii_539c71a3729c1-3\/\",\"url\":\"https:\/\/edisongold.com\/hr\/ponudba-nalozbenih-kovin\/20-mark-wilhelm-ii_539c71a3729c1-3\/\",\"name\":\"20 mark Wilhelm II - Edisongold\",\"isPartOf\":{\"@id\":\"https:\/\/edisongold.com\/#website\"},\"primaryImageOfPage\":{\"@id\":\"https:\/\/edisongold.com\/hr\/ponudba-nalozbenih-kovin\/20-mark-wilhelm-ii_539c71a3729c1-3\/#primaryimage\"},\"image\":{\"@id\":\"https:\/\/edisongold.com\/hr\/ponudba-nalozbenih-kovin\/20-mark-wilhelm-ii_539c71a3729c1-3\/#primaryimage\"},\"thumbnailUrl\":\"https:\/\/edisongold.com\/wp-content\/uploads\/2023\/02\/20-mark-Wilhelm-II-Pruska-uniforma_01.png\",\"datePublished\":\"2023-02-15T14:36:31+00:00\",\"dateModified\":\"2023-03-23T09:43:24+00:00\",\"breadcrumb\":{\"@id\":\"https:\/\/edisongold.com\/hr\/ponudba-nalozbenih-kovin\/20-mark-wilhelm-ii_539c71a3729c1-3\/#breadcrumb\"},\"inLanguage\":\"hr\",\"potentialAction\":[{\"@type\":\"ReadAction\",\"target\":[\"https:\/\/edisongold.com\/hr\/ponudba-nalozbenih-kovin\/20-mark-wilhelm-ii_539c71a3729c1-3\/\"]}]},{\"@type\":\"ImageObject\",\"inLanguage\":\"hr\",\"@id\":\"https:\/\/edisongold.com\/hr\/ponudba-nalozbenih-kovin\/20-mark-wilhelm-ii_539c71a3729c1-3\/#primaryimage\",\"url\":\"https:\/\/edisongold.com\/wp-content\/uploads\/2023\/02\/20-mark-Wilhelm-II-Pruska-uniforma_01.png\",\"contentUrl\":\"https:\/\/edisongold.com\/wp-content\/uploads\/2023\/02\/20-mark-Wilhelm-II-Pruska-uniforma_01.png\",\"width\":900,\"height\":1000},{\"@type\":\"BreadcrumbList\",\"@id\":\"https:\/\/edisongold.com\/hr\/ponudba-nalozbenih-kovin\/20-mark-wilhelm-ii_539c71a3729c1-3\/#breadcrumb\",\"itemListElement\":[{\"@type\":\"ListItem\",\"position\":1,\"name\":\"Home\",\"item\":\"https:\/\/edisongold.com\/hr\/\"},{\"@type\":\"ListItem\",\"position\":2,\"name\":\"Shop\",\"item\":\"https:\/\/edisongold.com\/shop\/\"},{\"@type\":\"ListItem\",\"position\":3,\"name\":\"20 mark Wilhelm II\"}]},{\"@type\":\"WebSite\",\"@id\":\"https:\/\/edisongold.com\/#website\",\"url\":\"https:\/\/edisongold.com\/\",\"name\":\"Edisongold\",\"description\":\"\",\"potentialAction\":[{\"@type\":\"SearchAction\",\"target\":{\"@type\":\"EntryPoint\",\"urlTemplate\":\"https:\/\/edisongold.com\/?s={search_term_string}\"},\"query-input\":{\"@type\":\"PropertyValueSpecification\",\"valueRequired\":true,\"valueName\":\"search_term_string\"}}],\"inLanguage\":\"hr\"}]}<\/script>\n<!-- \/ Yoast SEO plugin. -->","yoast_head_json":{"title":"20 mark Wilhelm II - Edisongold","robots":{"index":"index","follow":"follow","max-snippet":"max-snippet:-1","max-image-preview":"max-image-preview:large","max-video-preview":"max-video-preview:-1"},"canonical":"https:\/\/edisongold.com\/hr\/ponudba-nalozbenih-kovin\/20-mark-wilhelm-ii_539c71a3729c1-3\/","og_locale":"hr_HR","og_type":"article","og_title":"20 mark Wilhelm II - Edisongold","og_description":"\u010cisto\u0107a:900\u2030  Masa:7,96g  Promjer:22,50mm","og_url":"https:\/\/edisongold.com\/hr\/ponudba-nalozbenih-kovin\/20-mark-wilhelm-ii_539c71a3729c1-3\/","og_site_name":"Edisongold","article_modified_time":"2023-03-23T09:43:24+00:00","og_image":[{"width":900,"height":1000,"url":"https:\/\/edisongold.com\/wp-content\/uploads\/2023\/02\/20-mark-Wilhelm-II-Pruska-uniforma_01.png","type":"image\/png"}],"twitter_card":"summary_large_image","schema":{"@context":"https:\/\/schema.org","@graph":[{"@type":"WebPage","@id":"https:\/\/edisongold.com\/hr\/ponudba-nalozbenih-kovin\/20-mark-wilhelm-ii_539c71a3729c1-3\/","url":"https:\/\/edisongold.com\/hr\/ponudba-nalozbenih-kovin\/20-mark-wilhelm-ii_539c71a3729c1-3\/","name":"20 mark Wilhelm II - Edisongold","isPartOf":{"@id":"https:\/\/edisongold.com\/#website"},"primaryImageOfPage":{"@id":"https:\/\/edisongold.com\/hr\/ponudba-nalozbenih-kovin\/20-mark-wilhelm-ii_539c71a3729c1-3\/#primaryimage"},"image":{"@id":"https:\/\/edisongold.com\/hr\/ponudba-nalozbenih-kovin\/20-mark-wilhelm-ii_539c71a3729c1-3\/#primaryimage"},"thumbnailUrl":"https:\/\/edisongold.com\/wp-content\/uploads\/2023\/02\/20-mark-Wilhelm-II-Pruska-uniforma_01.png","datePublished":"2023-02-15T14:36:31+00:00","dateModified":"2023-03-23T09:43:24+00:00","breadcrumb":{"@id":"https:\/\/edisongold.com\/hr\/ponudba-nalozbenih-kovin\/20-mark-wilhelm-ii_539c71a3729c1-3\/#breadcrumb"},"inLanguage":"hr","potentialAction":[{"@type":"ReadAction","target":["https:\/\/edisongold.com\/hr\/ponudba-nalozbenih-kovin\/20-mark-wilhelm-ii_539c71a3729c1-3\/"]}]},{"@type":"ImageObject","inLanguage":"hr","@id":"https:\/\/edisongold.com\/hr\/ponudba-nalozbenih-kovin\/20-mark-wilhelm-ii_539c71a3729c1-3\/#primaryimage","url":"https:\/\/edisongold.com\/wp-content\/uploads\/2023\/02\/20-mark-Wilhelm-II-Pruska-uniforma_01.png","contentUrl":"https:\/\/edisongold.com\/wp-content\/uploads\/2023\/02\/20-mark-Wilhelm-II-Pruska-uniforma_01.png","width":900,"height":1000},{"@type":"BreadcrumbList","@id":"https:\/\/edisongold.com\/hr\/ponudba-nalozbenih-kovin\/20-mark-wilhelm-ii_539c71a3729c1-3\/#breadcrumb","itemListElement":[{"@type":"ListItem","position":1,"name":"Home","item":"https:\/\/edisongold.com\/hr\/"},{"@type":"ListItem","position":2,"name":"Shop","item":"https:\/\/edisongold.com\/shop\/"},{"@type":"ListItem","position":3,"name":"20 mark Wilhelm II"}]},{"@type":"WebSite","@id":"https:\/\/edisongold.com\/#website","url":"https:\/\/edisongold.com\/","name":"Edisongold","description":"","potentialAction":[{"@type":"SearchAction","target":{"@type":"EntryPoint","urlTemplate":"https:\/\/edisongold.com\/?s={search_term_string}"},"query-input":{"@type":"PropertyValueSpecification","valueRequired":true,"valueName":"search_term_string"}}],"inLanguage":"hr"}]}},"_links":{"self":[{"href":"https:\/\/edisongold.com\/hr\/wp-json\/wp\/v2\/product\/3295","targetHints":{"allow":["GET"]}}],"collection":[{"href":"https:\/\/edisongold.com\/hr\/wp-json\/wp\/v2\/product"}],"about":[{"href":"https:\/\/edisongold.com\/hr\/wp-json\/wp\/v2\/types\/product"}],"replies":[{"embeddable":true,"href":"https:\/\/edisongold.com\/hr\/wp-json\/wp\/v2\/comments?post=3295"}],"wp:featuredmedia":[{"embeddable":true,"href":"https:\/\/edisongold.com\/hr\/wp-json\/wp\/v2\/media\/4460"}],"wp:attachment":[{"href":"https:\/\/edisongold.com\/hr\/wp-json\/wp\/v2\/media?parent=3295"}],"wp:term":[{"taxonomy":"product_brand","embeddable":true,"href":"https:\/\/edisongold.com\/hr\/wp-json\/wp\/v2\/product_brand?post=3295"},{"taxonomy":"product_cat","embeddable":true,"href":"https:\/\/edisongold.com\/hr\/wp-json\/wp\/v2\/product_cat?post=3295"},{"taxonomy":"product_tag","embeddable":true,"href":"https:\/\/edisongold.com\/hr\/wp-json\/wp\/v2\/product_tag?post=3295"}],"curies":[{"name":"wp","href":"https:\/\/api.w.org\/{rel}","templated":true}]}}