{"id":4595,"date":"2023-02-22T12:52:03","date_gmt":"2023-02-22T12:52:03","guid":{"rendered":"https:\/\/edisongold.com\/o-podjetju\/"},"modified":"2024-01-09T13:24:23","modified_gmt":"2024-01-09T13:24:23","slug":"o-tvrtki","status":"publish","type":"page","link":"https:\/\/edisongold.com\/hr\/o-tvrtki\/","title":{"rendered":"O tvrtki"},"content":{"rendered":"<div class=\"fusion-fullwidth fullwidth-box fusion-builder-row-1 fusion-flex-container has-pattern-background has-mask-background nonhundred-percent-fullwidth non-hundred-percent-height-scrolling\" style=\"--awb-border-radius-top-left:0px;--awb-border-radius-top-right:0px;--awb-border-radius-bottom-right:0px;--awb-border-radius-bottom-left:0px;--awb-flex-wrap:wrap;\" ><div class=\"fusion-builder-row fusion-row fusion-flex-align-items-flex-start fusion-flex-content-wrap\" style=\"max-width:1996.8px;margin-left: calc(-4% \/ 2 );margin-right: calc(-4% \/ 2 );\"><div class=\"fusion-layout-column fusion_builder_column fusion-builder-column-0 fusion_builder_column_1_1 1_1 fusion-flex-column\" style=\"--awb-bg-size:cover;--awb-width-large:100%;--awb-margin-top-large:0px;--awb-spacing-right-large:1.92%;--awb-margin-bottom-large:20px;--awb-spacing-left-large:1.92%;--awb-width-medium:100%;--awb-order-medium:0;--awb-spacing-right-medium:1.92%;--awb-spacing-left-medium:1.92%;--awb-width-small:100%;--awb-order-small:0;--awb-spacing-right-small:1.92%;--awb-spacing-left-small:1.92%;\"><div class=\"fusion-column-wrapper fusion-column-has-shadow fusion-flex-justify-content-flex-start fusion-content-layout-column\"><div class=\"fusion-text fusion-text-1\"><p>Edisongold je brend u vlasni\u0161tvu tvrtke Edisontrade, d.o.o. koja se bavi prodajom investicijskog zlata i otkupom zlata. U tvrtki Edisontrade, d.o.o. zlatarstvom se bavimo od 1990., a na\u0161a obiteljska tradicija zlatara po\u010dinje od 1850. godine. Zbog toga smo jedni od rijetkih koji mogu izvr\u0161iti profesionalnu procjenu va\u0161eg lom zlata. \u017delimo odr\u017eati \u0161to ve\u0107u otkupnu cijenu kao na\u010din iskazivanja po\u0161tovanja prema na\u0161im kupcima i samom zlatu.<\/p>\n<p>Godine 2011. zapo\u010deli smo suradnju s kovnicom Argor-Heraeus SA i otvorili smo ured u Kopru na adresi Ankaranska cesta 7b. Jedina smo tvrtka u sektoru s godinama iskustva koja skladi\u0161ti \u0161irok raspon investicijskog zlata te nudi procjene i trenuta\u010dne isplate kada prodajete zlato, sve na jednom mjestu. Tvrtka je izgra\u0111ena na pouzdanosti, diskreciji i pozitivnoj viziji budu\u0107nosti. Tvrtka je zasnovana na pouzdanosti, diskreciji i pozitivnoj viziji budu\u0107nosti. Na\u0161 ured nalazi se na diskretnoj lokaciji i opremljen je u skladu s europskim standardima za otkupoprodajna mjesta. Klijenti ulaze pojedina\u010dno, \u010dime se osigurava njihova privatnost, imamo i posebno ure\u0111en prostor za kupce koji namjeravaju kupiti ve\u0107u koli\u010dinu investicijskog zlata. Svi artikli objavljeni na na\u0161em web-mjestu dostupni su za isporuku odmah!<\/p>\n<p>To zna\u010di da kupci mogu obaviti kupnju u samo nekoliko minuta.<\/p>\n<\/div><div class=\"fusion-title title fusion-title-1 fusion-sep-none fusion-title-text fusion-title-size-four\" style=\"--awb-text-color:var(--awb-color5);--awb-font-size:26px;\"><h4 class=\"fusion-title-heading title-heading-left\" style=\"font-family:var(--awb-typography1-font-family);font-weight:var(--awb-typography1-font-weight);font-style:var(--awb-typography1-font-style);margin:0;letter-spacing:var(--awb-typography1-letter-spacing);text-transform:var(--awb-typography1-text-transform);font-size:1em;line-height:var(--awb-typography1-line-height);\">ZA\u0160TO INVESTIRATI U ZLATO<\/h4><\/div><div class=\"fusion-text fusion-text-2\"><p>Vrijednost zlata rast \u0107e sve dok postoji potra\u017enja za njim, pogotovo dok traje ova kriza. Zlato je globalna valuta i njegova je vrijednost nepromjenjiva, dok vrijednosni papiri, pa \u010dak i valute, mogu u potpunosti izgubiti svoju vrijednost. Mijenjaju se valute, mijenjaju se dr\u017eave, ali zlato i dalje postoji i ima svoju vrijednost otkako ga je \u010dovjek otkrio, stoga kupujte investicijsko zlato kada imate slobodnog kapitala. Ulaganje u investicijsko zlato spada u najsigurnija dugoro\u010dna ulaganja.<\/p>\n<\/div><div class=\"fusion-title title fusion-title-2 fusion-sep-none fusion-title-text fusion-title-size-four\" style=\"--awb-text-color:var(--awb-color5);--awb-font-size:26px;\"><h4 class=\"fusion-title-heading title-heading-left\" style=\"font-family:var(--awb-typography1-font-family);font-weight:var(--awb-typography1-font-weight);font-style:var(--awb-typography1-font-style);margin:0;letter-spacing:var(--awb-typography1-letter-spacing);text-transform:var(--awb-typography1-text-transform);font-size:1em;line-height:var(--awb-typography1-line-height);\">PONUDA INVESTICIJSKOG ZLATA<\/h4><\/div><div class=\"fusion-builder-row fusion-builder-row-inner fusion-row fusion-flex-align-items-flex-start fusion-flex-content-wrap\" style=\"width:104% !important;max-width:104% !important;margin-left: calc(-4% \/ 2 );margin-right: calc(-4% \/ 2 );\"><div class=\"fusion-layout-column fusion_builder_column_inner fusion-builder-nested-column-0 fusion_builder_column_inner_3_4 3_4 fusion-flex-column\" style=\"--awb-bg-size:cover;--awb-width-large:75%;--awb-margin-top-large:0px;--awb-spacing-right-large:2.56%;--awb-margin-bottom-large:20px;--awb-spacing-left-large:2.56%;--awb-width-medium:75%;--awb-order-medium:0;--awb-spacing-right-medium:2.56%;--awb-spacing-left-medium:2.56%;--awb-width-small:100%;--awb-order-small:0;--awb-spacing-right-small:1.92%;--awb-spacing-left-small:1.92%;\"><div class=\"fusion-column-wrapper fusion-column-has-shadow fusion-flex-justify-content-flex-start fusion-content-layout-column\"><div class=\"fusion-text fusion-text-3\"><ul>\n<li>zlatne poluge iz renomirane \u0161vicarske kovnice Argor-Heraeus SA \u2013 najve\u0107i proizvo\u0111a\u010d zlata na svijetu je njema\u010dki koncern Heraeus, koji posjeduje i \u0161vicarski Argor Heraeus; Proizvodi grupe Heraeus su najzastupljeniji i najcjenjeniji u cijelom svijetu, nema to\u010dke na svijetu gdje Heraeus proizvodi ne nebi stigli;<\/li>\n<\/ul>\n<\/div><\/div><\/div><div class=\"fusion-layout-column fusion_builder_column_inner fusion-builder-nested-column-1 fusion_builder_column_inner_1_4 1_4 fusion-flex-column\" style=\"--awb-bg-size:cover;--awb-width-large:25%;--awb-margin-top-large:0px;--awb-spacing-right-large:7.68%;--awb-margin-bottom-large:20px;--awb-spacing-left-large:7.68%;--awb-width-medium:25%;--awb-order-medium:0;--awb-spacing-right-medium:7.68%;--awb-spacing-left-medium:7.68%;--awb-width-small:100%;--awb-order-small:0;--awb-spacing-right-small:1.92%;--awb-spacing-left-small:1.92%;\"><div class=\"fusion-column-wrapper fusion-column-has-shadow fusion-flex-justify-content-flex-start fusion-content-layout-column\"><div class=\"fusion-image-element \" style=\"--awb-max-width:120px;--awb-caption-title-font-family:var(--h2_typography-font-family);--awb-caption-title-font-weight:var(--h2_typography-font-weight);--awb-caption-title-font-style:var(--h2_typography-font-style);--awb-caption-title-size:var(--h2_typography-font-size);--awb-caption-title-transform:var(--h2_typography-text-transform);--awb-caption-title-line-height:var(--h2_typography-line-height);--awb-caption-title-letter-spacing:var(--h2_typography-letter-spacing);\"><span class=\" fusion-imageframe imageframe-none imageframe-1 hover-type-none\"><img decoding=\"async\" width=\"300\" height=\"298\" title=\"argor_rumen\" src=\"https:\/\/edisongold.com\/wp-content\/uploads\/2023\/03\/argor_rumen.png\" alt class=\"img-responsive wp-image-4072\" srcset=\"https:\/\/edisongold.com\/wp-content\/uploads\/2023\/03\/argor_rumen-200x199.png 200w, https:\/\/edisongold.com\/wp-content\/uploads\/2023\/03\/argor_rumen.png 300w\" sizes=\"(max-width: 768px) 100vw, 300px\" \/><\/span><\/div><\/div><\/div><\/div><div class=\"fusion-builder-row fusion-builder-row-inner fusion-row fusion-flex-align-items-flex-start fusion-flex-content-wrap\" style=\"width:104% !important;max-width:104% !important;margin-left: calc(-4% \/ 2 );margin-right: calc(-4% \/ 2 );\"><div class=\"fusion-layout-column fusion_builder_column_inner fusion-builder-nested-column-2 fusion_builder_column_inner_1_2 1_2 fusion-flex-column fusion-flex-align-self-stretch\" style=\"--awb-bg-size:cover;--awb-width-large:50%;--awb-margin-top-large:0px;--awb-spacing-right-large:3.84%;--awb-margin-bottom-large:20px;--awb-spacing-left-large:3.84%;--awb-width-medium:50%;--awb-order-medium:0;--awb-spacing-right-medium:3.84%;--awb-spacing-left-medium:3.84%;--awb-width-small:100%;--awb-order-small:0;--awb-spacing-right-small:1.92%;--awb-spacing-left-small:1.92%;\"><div class=\"fusion-column-wrapper fusion-column-has-shadow fusion-flex-justify-content-flex-start fusion-content-layout-row\"><div class=\"fusion-text fusion-text-4\"><ul>\n<li>investicijske zlatne kovanice iz sljede\u0107ih kovnica:\n<ul>\n<li>M\u00dcNZE \u00d6STERREICH najpopularnija je kovnica u Sloveniji i Hrvatskoj jer nema osobe koja nije \u010dula za austrijske dukate i filharmonike;<\/li>\n<li>UNITED STATES MINT najpoznatija je po ameri\u010dkim orlovima i bizonu;<\/li>\n<li>ROYAL CANADIAN MINT najpoznatija je po kanadskom javorov listu<\/li>\n<li>PERTH MINT AUSTRALIJA najpoznatija je po klokanima i njihovim verzijama lunarnog kalendara;<\/li>\n<li>THE ROYAL MINT jedna je od najstarijih na svijetu i neprepoznatljiva po zlatnim suverenima \u2013 1 britanska funta;<\/li>\n<\/ul>\n<\/li>\n<\/ul>\n<\/div><\/div><\/div><div class=\"fusion-layout-column fusion_builder_column_inner fusion-builder-nested-column-3 fusion_builder_column_inner_1_2 1_2 fusion-flex-column fusion-flex-align-self-stretch\" style=\"--awb-bg-size:cover;--awb-width-large:50%;--awb-margin-top-large:0px;--awb-spacing-right-large:3.84%;--awb-margin-bottom-large:20px;--awb-spacing-left-large:3.84%;--awb-width-medium:50%;--awb-order-medium:0;--awb-spacing-right-medium:3.84%;--awb-spacing-left-medium:3.84%;--awb-width-small:100%;--awb-order-small:0;--awb-spacing-right-small:1.92%;--awb-spacing-left-small:1.92%;\"><div class=\"fusion-column-wrapper fusion-column-has-shadow fusion-flex-justify-content-flex-start fusion-content-layout-row fusion-flex-align-items-center\"><div class=\"fusion-image-element sm-text-align-center\" style=\"text-align:left;--awb-margin-right:10px;--awb-max-width:150px;--awb-caption-title-font-family:var(--h2_typography-font-family);--awb-caption-title-font-weight:var(--h2_typography-font-weight);--awb-caption-title-font-style:var(--h2_typography-font-style);--awb-caption-title-size:var(--h2_typography-font-size);--awb-caption-title-transform:var(--h2_typography-text-transform);--awb-caption-title-line-height:var(--h2_typography-line-height);--awb-caption-title-letter-spacing:var(--h2_typography-letter-spacing);\"><span class=\" fusion-imageframe imageframe-none imageframe-2 hover-type-none\"><img decoding=\"async\" width=\"2362\" height=\"1847\" title=\"MOe-Logo_sasa\" src=\"https:\/\/edisongold.com\/wp-content\/uploads\/2023\/03\/MOe-Logo_sasa.png\" alt class=\"img-responsive wp-image-4076\" srcset=\"https:\/\/edisongold.com\/wp-content\/uploads\/2023\/03\/MOe-Logo_sasa-200x156.png 200w, https:\/\/edisongold.com\/wp-content\/uploads\/2023\/03\/MOe-Logo_sasa-400x313.png 400w, https:\/\/edisongold.com\/wp-content\/uploads\/2023\/03\/MOe-Logo_sasa-600x469.png 600w, https:\/\/edisongold.com\/wp-content\/uploads\/2023\/03\/MOe-Logo_sasa-800x626.png 800w, https:\/\/edisongold.com\/wp-content\/uploads\/2023\/03\/MOe-Logo_sasa-1200x938.png 1200w, https:\/\/edisongold.com\/wp-content\/uploads\/2023\/03\/MOe-Logo_sasa.png 2362w\" sizes=\"(max-width: 768px) 100vw, 1200px\" \/><\/span><\/div><div class=\"fusion-image-element sm-text-align-center\" style=\"text-align:left;--awb-margin-right:10px;--awb-max-width:150px;--awb-caption-title-font-family:var(--h2_typography-font-family);--awb-caption-title-font-weight:var(--h2_typography-font-weight);--awb-caption-title-font-style:var(--h2_typography-font-style);--awb-caption-title-size:var(--h2_typography-font-size);--awb-caption-title-transform:var(--h2_typography-text-transform);--awb-caption-title-line-height:var(--h2_typography-line-height);--awb-caption-title-letter-spacing:var(--h2_typography-letter-spacing);\"><span class=\" fusion-imageframe imageframe-none imageframe-3 hover-type-none\"><img decoding=\"async\" width=\"427\" height=\"365\" title=\"United-States-Mint-Logo-Dark\" src=\"https:\/\/edisongold.com\/wp-content\/uploads\/2023\/03\/United-States-Mint-Logo-Dark-e1679476183716.webp\" alt class=\"img-responsive wp-image-4094\" srcset=\"https:\/\/edisongold.com\/wp-content\/uploads\/2023\/03\/United-States-Mint-Logo-Dark-e1679476183716-250x214.webp 250w, https:\/\/edisongold.com\/wp-content\/uploads\/2023\/03\/United-States-Mint-Logo-Dark-e1679476183716.webp 427w\" sizes=\"(max-width: 427px) 100vw, 427px\" \/><\/span><\/div><div class=\"fusion-image-element sm-text-align-center\" style=\"text-align:left;--awb-margin-right:25px;--awb-max-width:150px;--awb-caption-title-font-family:var(--h2_typography-font-family);--awb-caption-title-font-weight:var(--h2_typography-font-weight);--awb-caption-title-font-style:var(--h2_typography-font-style);--awb-caption-title-size:var(--h2_typography-font-size);--awb-caption-title-transform:var(--h2_typography-text-transform);--awb-caption-title-line-height:var(--h2_typography-line-height);--awb-caption-title-letter-spacing:var(--h2_typography-letter-spacing);\"><span class=\" fusion-imageframe imageframe-none imageframe-4 hover-type-none\"><img decoding=\"async\" width=\"1200\" height=\"601\" title=\"Royal_Canadian_Mint_Logo_sasa\" src=\"https:\/\/edisongold.com\/wp-content\/uploads\/2023\/03\/Royal_Canadian_Mint_Logo_sasa.png\" alt class=\"img-responsive wp-image-4084\" srcset=\"https:\/\/edisongold.com\/wp-content\/uploads\/2023\/03\/Royal_Canadian_Mint_Logo_sasa-200x100.png 200w, https:\/\/edisongold.com\/wp-content\/uploads\/2023\/03\/Royal_Canadian_Mint_Logo_sasa-400x200.png 400w, https:\/\/edisongold.com\/wp-content\/uploads\/2023\/03\/Royal_Canadian_Mint_Logo_sasa-600x301.png 600w, https:\/\/edisongold.com\/wp-content\/uploads\/2023\/03\/Royal_Canadian_Mint_Logo_sasa-800x401.png 800w, https:\/\/edisongold.com\/wp-content\/uploads\/2023\/03\/Royal_Canadian_Mint_Logo_sasa.png 1200w\" sizes=\"(max-width: 768px) 100vw, 1200px\" \/><\/span><\/div><div class=\"fusion-image-element sm-text-align-center\" style=\"text-align:left;--awb-margin-right:25px;--awb-max-width:150px;--awb-caption-title-font-family:var(--h2_typography-font-family);--awb-caption-title-font-weight:var(--h2_typography-font-weight);--awb-caption-title-font-style:var(--h2_typography-font-style);--awb-caption-title-size:var(--h2_typography-font-size);--awb-caption-title-transform:var(--h2_typography-text-transform);--awb-caption-title-line-height:var(--h2_typography-line-height);--awb-caption-title-letter-spacing:var(--h2_typography-letter-spacing);\"><span class=\" fusion-imageframe imageframe-none imageframe-5 hover-type-none\"><img decoding=\"async\" width=\"1749\" height=\"486\" title=\"perth_sasa\" src=\"https:\/\/edisongold.com\/wp-content\/uploads\/2023\/03\/perth_sasa.png\" alt class=\"img-responsive wp-image-4080\" srcset=\"https:\/\/edisongold.com\/wp-content\/uploads\/2023\/03\/perth_sasa-200x56.png 200w, https:\/\/edisongold.com\/wp-content\/uploads\/2023\/03\/perth_sasa-400x111.png 400w, https:\/\/edisongold.com\/wp-content\/uploads\/2023\/03\/perth_sasa-600x167.png 600w, https:\/\/edisongold.com\/wp-content\/uploads\/2023\/03\/perth_sasa-800x222.png 800w, https:\/\/edisongold.com\/wp-content\/uploads\/2023\/03\/perth_sasa-1200x333.png 1200w, https:\/\/edisongold.com\/wp-content\/uploads\/2023\/03\/perth_sasa.png 1749w\" sizes=\"(max-width: 768px) 100vw, 1200px\" \/><\/span><\/div><div class=\"fusion-image-element sm-text-align-center\" style=\"text-align:left;--awb-max-width:150px;--awb-caption-title-font-family:var(--h2_typography-font-family);--awb-caption-title-font-weight:var(--h2_typography-font-weight);--awb-caption-title-font-style:var(--h2_typography-font-style);--awb-caption-title-size:var(--h2_typography-font-size);--awb-caption-title-transform:var(--h2_typography-text-transform);--awb-caption-title-line-height:var(--h2_typography-line-height);--awb-caption-title-letter-spacing:var(--h2_typography-letter-spacing);\"><span class=\" fusion-imageframe imageframe-none imageframe-6 hover-type-none\"><img decoding=\"async\" width=\"5705\" height=\"2125\" title=\"Royal mint_sasa\" src=\"https:\/\/edisongold.com\/wp-content\/uploads\/2023\/03\/Royal-mint_sasa.png\" alt class=\"img-responsive wp-image-4088\" srcset=\"https:\/\/edisongold.com\/wp-content\/uploads\/2023\/03\/Royal-mint_sasa-200x74.png 200w, https:\/\/edisongold.com\/wp-content\/uploads\/2023\/03\/Royal-mint_sasa-400x149.png 400w, https:\/\/edisongold.com\/wp-content\/uploads\/2023\/03\/Royal-mint_sasa-600x223.png 600w, https:\/\/edisongold.com\/wp-content\/uploads\/2023\/03\/Royal-mint_sasa-800x298.png 800w, https:\/\/edisongold.com\/wp-content\/uploads\/2023\/03\/Royal-mint_sasa-1200x447.png 1200w, https:\/\/edisongold.com\/wp-content\/uploads\/2023\/03\/Royal-mint_sasa.png 5705w\" sizes=\"(max-width: 768px) 100vw, 1200px\" \/><\/span><\/div><\/div><\/div><\/div><div class=\"fusion-text fusion-text-5\"><ul>\n<li>druge zlatne kovanice s dodanom numizmati\u010dkom vrijedno\u0161\u0107u<br \/>\n(na zalihi imamo i zlatne kovanice koje nisu samo investicija, nego ve\u0107 spadaju u numizmatiku).<\/li>\n<\/ul>\n<\/div><div class=\"fusion-title title fusion-title-3 fusion-sep-none fusion-title-text fusion-title-size-four\" style=\"--awb-text-color:var(--awb-color5);--awb-font-size:26px;\"><h4 class=\"fusion-title-heading title-heading-left\" style=\"font-family:var(--awb-typography1-font-family);font-weight:var(--awb-typography1-font-weight);font-style:var(--awb-typography1-font-style);margin:0;letter-spacing:var(--awb-typography1-letter-spacing);text-transform:var(--awb-typography1-text-transform);font-size:1em;line-height:var(--awb-typography1-line-height);\">OTKUP ZLATA<\/h4><\/div><div class=\"fusion-text fusion-text-6\"><p>Pored prodaje investicijskog zlata, vr\u0161imo i otkup zlata po najpovoljnijim otkupnim cijenama na tr\u017ei\u0161tu. Mo\u017eemo se pohvaliti dugogodi\u0161njom tradicijom u zlatarstvu, stoga na\u0161e iskustvo koristimo za stru\u010dnu procjenu Va\u0161eg starog nakita. Otkupne cijene mo\u017eete provjeriti na na\u0161oj web stranici www.edisongold.com.. Cijene se redovito a\u017euriraju kako bi odra\u017eavale fluktuacije u cijeni zlata na svjetskom tr\u017ei\u0161tu. Objavljene cijene vrijede za manje koli\u010dine zlata, za ve\u0107e koli\u010dine nudimo jo\u0161 bolju cijenu! Pored otkupa zlata, vr\u0161imo i otkup svih oblika srebra \u2013 srebrnjaka, posu\u0111a, pribora za jelo, nakita itd.<\/p>\n<p>Na\u0161a posebnost je, da kupac za svoje prodano zlato prima isplatu odmah!<\/p>\n<p>Zaista otkupljujemo po najvi\u0161im cijenama na slovenskom tr\u017ei\u0161tu, \u0161to zna\u010di da nigdje drugdje u Sloveniji ne\u0107ete dobiti bolju cijenu! Na\u0161 klijent ni u kojem slu\u010daju ne\u0107e dobiti ni\u017eu cijenu od one objavljene na na\u0161im stranicama, ve\u0107 \u010dak i vi\u0161u u slu\u010daju velikih koli\u010dina!<\/p>\n<p>Sve to nudimo u poslovnici Edisongold, koja se nalazi na prvom katu poslovne zgrade Rotonda-\u010cebelnjak, Ankaranska cesta 7b, Kopar.<\/p>\n<\/div><div class=\"fusion-text fusion-text-7\"><p><a href=\"https:\/\/edisongold.com\/hr\/obradivanje-osobnih-podataka\/\">Obra\u0111ivanje osobnih podataka<\/a><\/p>\n<\/div><\/div><\/div><\/div><\/div>\n","protected":false},"excerpt":{"rendered":"","protected":false},"author":1,"featured_media":0,"parent":0,"menu_order":0,"comment_status":"closed","ping_status":"closed","template":"100-width.php","meta":{"_acf_changed":false,"footnotes":""},"class_list":["post-4595","page","type-page","status-publish","hentry"],"acf":[],"yoast_head":"<!-- This site is optimized with the Yoast SEO plugin v26.8 - https:\/\/yoast.com\/product\/yoast-seo-wordpress\/ -->\n<title>O tvrtki - Edisongold<\/title>\n<meta name=\"description\" content=\"U Edisontrade d.o.o. Zlatarstvom se bavimo od 1990. godine, a na\u0161a obiteljska tradicija bavljenja zlatarstvom se\u017ee u 1850. godinu.\" \/>\n<meta name=\"robots\" content=\"index, follow, max-snippet:-1, max-image-preview:large, max-video-preview:-1\" \/>\n<link rel=\"canonical\" href=\"https:\/\/edisongold.com\/hr\/o-tvrtki\/\" \/>\n<meta property=\"og:locale\" content=\"hr_HR\" \/>\n<meta property=\"og:type\" content=\"article\" \/>\n<meta property=\"og:title\" content=\"O tvrtki - Edisongold\" \/>\n<meta property=\"og:description\" content=\"U Edisontrade d.o.o. Zlatarstvom se bavimo od 1990. godine, a na\u0161a obiteljska tradicija bavljenja zlatarstvom se\u017ee u 1850. godinu.\" \/>\n<meta property=\"og:url\" content=\"https:\/\/edisongold.com\/hr\/o-tvrtki\/\" \/>\n<meta property=\"og:site_name\" content=\"Edisongold\" \/>\n<meta property=\"article:modified_time\" content=\"2024-01-09T13:24:23+00:00\" \/>\n<meta name=\"twitter:card\" content=\"summary_large_image\" \/>\n<meta name=\"twitter:label1\" content=\"Procijenjeno vrijeme \u010ditanja\" \/>\n\t<meta name=\"twitter:data1\" content=\"14 minuta\" \/>\n<script type=\"application\/ld+json\" class=\"yoast-schema-graph\">{\"@context\":\"https:\/\/schema.org\",\"@graph\":[{\"@type\":\"WebPage\",\"@id\":\"https:\/\/edisongold.com\/hr\/o-tvrtki\/\",\"url\":\"https:\/\/edisongold.com\/hr\/o-tvrtki\/\",\"name\":\"O tvrtki - Edisongold\",\"isPartOf\":{\"@id\":\"https:\/\/edisongold.com\/#website\"},\"datePublished\":\"2023-02-22T12:52:03+00:00\",\"dateModified\":\"2024-01-09T13:24:23+00:00\",\"description\":\"U Edisontrade d.o.o. Zlatarstvom se bavimo od 1990. godine, a na\u0161a obiteljska tradicija bavljenja zlatarstvom se\u017ee u 1850. godinu.\",\"breadcrumb\":{\"@id\":\"https:\/\/edisongold.com\/hr\/o-tvrtki\/#breadcrumb\"},\"inLanguage\":\"hr\",\"potentialAction\":[{\"@type\":\"ReadAction\",\"target\":[\"https:\/\/edisongold.com\/hr\/o-tvrtki\/\"]}]},{\"@type\":\"BreadcrumbList\",\"@id\":\"https:\/\/edisongold.com\/hr\/o-tvrtki\/#breadcrumb\",\"itemListElement\":[{\"@type\":\"ListItem\",\"position\":1,\"name\":\"Home\",\"item\":\"https:\/\/edisongold.com\/hr\/\"},{\"@type\":\"ListItem\",\"position\":2,\"name\":\"O tvrtki\"}]},{\"@type\":\"WebSite\",\"@id\":\"https:\/\/edisongold.com\/#website\",\"url\":\"https:\/\/edisongold.com\/\",\"name\":\"Edisongold\",\"description\":\"\",\"potentialAction\":[{\"@type\":\"SearchAction\",\"target\":{\"@type\":\"EntryPoint\",\"urlTemplate\":\"https:\/\/edisongold.com\/?s={search_term_string}\"},\"query-input\":{\"@type\":\"PropertyValueSpecification\",\"valueRequired\":true,\"valueName\":\"search_term_string\"}}],\"inLanguage\":\"hr\"}]}<\/script>\n<!-- \/ Yoast SEO plugin. -->","yoast_head_json":{"title":"O tvrtki - Edisongold","description":"U Edisontrade d.o.o. Zlatarstvom se bavimo od 1990. godine, a na\u0161a obiteljska tradicija bavljenja zlatarstvom se\u017ee u 1850. godinu.","robots":{"index":"index","follow":"follow","max-snippet":"max-snippet:-1","max-image-preview":"max-image-preview:large","max-video-preview":"max-video-preview:-1"},"canonical":"https:\/\/edisongold.com\/hr\/o-tvrtki\/","og_locale":"hr_HR","og_type":"article","og_title":"O tvrtki - Edisongold","og_description":"U Edisontrade d.o.o. Zlatarstvom se bavimo od 1990. godine, a na\u0161a obiteljska tradicija bavljenja zlatarstvom se\u017ee u 1850. godinu.","og_url":"https:\/\/edisongold.com\/hr\/o-tvrtki\/","og_site_name":"Edisongold","article_modified_time":"2024-01-09T13:24:23+00:00","twitter_card":"summary_large_image","twitter_misc":{"Procijenjeno vrijeme \u010ditanja":"14 minuta"},"schema":{"@context":"https:\/\/schema.org","@graph":[{"@type":"WebPage","@id":"https:\/\/edisongold.com\/hr\/o-tvrtki\/","url":"https:\/\/edisongold.com\/hr\/o-tvrtki\/","name":"O tvrtki - Edisongold","isPartOf":{"@id":"https:\/\/edisongold.com\/#website"},"datePublished":"2023-02-22T12:52:03+00:00","dateModified":"2024-01-09T13:24:23+00:00","description":"U Edisontrade d.o.o. Zlatarstvom se bavimo od 1990. godine, a na\u0161a obiteljska tradicija bavljenja zlatarstvom se\u017ee u 1850. godinu.","breadcrumb":{"@id":"https:\/\/edisongold.com\/hr\/o-tvrtki\/#breadcrumb"},"inLanguage":"hr","potentialAction":[{"@type":"ReadAction","target":["https:\/\/edisongold.com\/hr\/o-tvrtki\/"]}]},{"@type":"BreadcrumbList","@id":"https:\/\/edisongold.com\/hr\/o-tvrtki\/#breadcrumb","itemListElement":[{"@type":"ListItem","position":1,"name":"Home","item":"https:\/\/edisongold.com\/hr\/"},{"@type":"ListItem","position":2,"name":"O tvrtki"}]},{"@type":"WebSite","@id":"https:\/\/edisongold.com\/#website","url":"https:\/\/edisongold.com\/","name":"Edisongold","description":"","potentialAction":[{"@type":"SearchAction","target":{"@type":"EntryPoint","urlTemplate":"https:\/\/edisongold.com\/?s={search_term_string}"},"query-input":{"@type":"PropertyValueSpecification","valueRequired":true,"valueName":"search_term_string"}}],"inLanguage":"hr"}]}},"_links":{"self":[{"href":"https:\/\/edisongold.com\/hr\/wp-json\/wp\/v2\/pages\/4595","targetHints":{"allow":["GET"]}}],"collection":[{"href":"https:\/\/edisongold.com\/hr\/wp-json\/wp\/v2\/pages"}],"about":[{"href":"https:\/\/edisongold.com\/hr\/wp-json\/wp\/v2\/types\/page"}],"author":[{"embeddable":true,"href":"https:\/\/edisongold.com\/hr\/wp-json\/wp\/v2\/users\/1"}],"replies":[{"embeddable":true,"href":"https:\/\/edisongold.com\/hr\/wp-json\/wp\/v2\/comments?post=4595"}],"version-history":[{"count":4,"href":"https:\/\/edisongold.com\/hr\/wp-json\/wp\/v2\/pages\/4595\/revisions"}],"predecessor-version":[{"id":7446,"href":"https:\/\/edisongold.com\/hr\/wp-json\/wp\/v2\/pages\/4595\/revisions\/7446"}],"wp:attachment":[{"href":"https:\/\/edisongold.com\/hr\/wp-json\/wp\/v2\/media?parent=4595"}],"curies":[{"name":"wp","href":"https:\/\/api.w.org\/{rel}","templated":true}]}}