{"id":3546,"date":"2023-02-23T12:17:30","date_gmt":"2023-02-23T12:17:30","guid":{"rendered":"https:\/\/edisongold.com\/dostava-in-prevzem\/"},"modified":"2023-08-10T06:54:54","modified_gmt":"2023-08-10T06:54:54","slug":"dostava","status":"publish","type":"page","link":"https:\/\/edisongold.com\/hr\/dostava\/","title":{"rendered":"Dostava"},"content":{"rendered":"<div class=\"fusion-fullwidth fullwidth-box fusion-builder-row-1 fusion-flex-container has-pattern-background has-mask-background nonhundred-percent-fullwidth non-hundred-percent-height-scrolling\" style=\"--awb-border-radius-top-left:0px;--awb-border-radius-top-right:0px;--awb-border-radius-bottom-right:0px;--awb-border-radius-bottom-left:0px;--awb-flex-wrap:wrap;\" ><div class=\"fusion-builder-row fusion-row fusion-flex-align-items-flex-start fusion-flex-content-wrap\" style=\"max-width:1996.8px;margin-left: calc(-4% \/ 2 );margin-right: calc(-4% \/ 2 );\"><div class=\"fusion-layout-column fusion_builder_column fusion-builder-column-0 fusion_builder_column_1_3 1_3 fusion-flex-column fusion-flex-align-self-stretch\" style=\"--awb-bg-size:cover;--awb-width-large:33.333333333333%;--awb-margin-top-large:0px;--awb-spacing-right-large:5.76%;--awb-margin-bottom-large:20px;--awb-spacing-left-large:5.76%;--awb-width-medium:33.333333333333%;--awb-order-medium:0;--awb-spacing-right-medium:5.76%;--awb-spacing-left-medium:5.76%;--awb-width-small:100%;--awb-order-small:0;--awb-spacing-right-small:1.92%;--awb-spacing-left-small:1.92%;\"><div class=\"fusion-column-wrapper fusion-column-has-shadow fusion-flex-justify-content-center fusion-content-layout-column\"><i class=\"fb-icon-element-1 fb-icon-element fontawesome-icon fa-truck fas circle-no\" style=\"--awb-iconcolor:var(--awb-color5);--awb-iconcolor-hover:var(--awb-color5);--awb-font-size:100px;--awb-align-self:flex-end;--awb-sm-align-self:center;--awb-margin-top:0px;--awb-margin-right:0px;--awb-margin-bottom:0px;--awb-margin-left:0px;\"><\/i><\/div><\/div><div class=\"fusion-layout-column fusion_builder_column fusion-builder-column-1 fusion_builder_column_2_3 2_3 fusion-flex-column fusion-flex-align-self-stretch\" style=\"--awb-bg-size:cover;--awb-width-large:66.666666666667%;--awb-margin-top-large:0px;--awb-spacing-right-large:2.88%;--awb-margin-bottom-large:20px;--awb-spacing-left-large:2.88%;--awb-width-medium:66.666666666667%;--awb-order-medium:0;--awb-spacing-right-medium:2.88%;--awb-spacing-left-medium:2.88%;--awb-width-small:100%;--awb-order-small:0;--awb-spacing-right-small:1.92%;--awb-spacing-left-small:1.92%;\"><div class=\"fusion-column-wrapper fusion-column-has-shadow fusion-flex-justify-content-center fusion-content-layout-column\"><div class=\"fusion-text fusion-text-1\"><p>Preuzimanje zlata se odvija na sjedi\u0161tu poduze\u0107a Edisontrade d.o.o. na Ankaranskoj cesti 7b u Kopru.<br \/>\nPostoji mogu\u0107nost dostave na adresu kupca.<\/p>\n<p>U tom slu\u010daju, kupac snosi tro\u0161kove po\u0161tarine\/dostave.<\/p>\n<\/div><\/div><\/div><\/div><\/div>\n","protected":false},"excerpt":{"rendered":"","protected":false},"author":1,"featured_media":0,"parent":0,"menu_order":0,"comment_status":"closed","ping_status":"closed","template":"100-width.php","meta":{"_acf_changed":false,"footnotes":""},"class_list":["post-3546","page","type-page","status-publish","hentry"],"acf":[],"yoast_head":"<!-- This site is optimized with the Yoast SEO plugin v26.8 - https:\/\/yoast.com\/product\/yoast-seo-wordpress\/ -->\n<title>Dostava - Edisongold<\/title>\n<meta name=\"description\" content=\"Pouzdana dostava Va\u0161ih dragocjenosti. Otkrijte kako se brinemo za sigurnu i brzu isporuku va\u0161ih ulaganja u plemenite metale u Edisongoldu.\" \/>\n<meta name=\"robots\" content=\"index, follow, max-snippet:-1, max-image-preview:large, max-video-preview:-1\" \/>\n<link rel=\"canonical\" href=\"https:\/\/edisongold.com\/hr\/dostava\/\" \/>\n<meta property=\"og:locale\" content=\"hr_HR\" \/>\n<meta property=\"og:type\" content=\"article\" \/>\n<meta property=\"og:title\" content=\"Dostava - Edisongold\" \/>\n<meta property=\"og:description\" content=\"Pouzdana dostava Va\u0161ih dragocjenosti. Otkrijte kako se brinemo za sigurnu i brzu isporuku va\u0161ih ulaganja u plemenite metale u Edisongoldu.\" \/>\n<meta property=\"og:url\" content=\"https:\/\/edisongold.com\/hr\/dostava\/\" \/>\n<meta property=\"og:site_name\" content=\"Edisongold\" \/>\n<meta property=\"article:modified_time\" content=\"2023-08-10T06:54:54+00:00\" \/>\n<meta name=\"twitter:card\" content=\"summary_large_image\" \/>\n<meta name=\"twitter:label1\" content=\"Procijenjeno vrijeme \u010ditanja\" \/>\n\t<meta name=\"twitter:data1\" content=\"3 minute\" \/>\n<script type=\"application\/ld+json\" class=\"yoast-schema-graph\">{\"@context\":\"https:\/\/schema.org\",\"@graph\":[{\"@type\":\"WebPage\",\"@id\":\"https:\/\/edisongold.com\/hr\/dostava\/\",\"url\":\"https:\/\/edisongold.com\/hr\/dostava\/\",\"name\":\"Dostava - Edisongold\",\"isPartOf\":{\"@id\":\"https:\/\/edisongold.com\/#website\"},\"datePublished\":\"2023-02-23T12:17:30+00:00\",\"dateModified\":\"2023-08-10T06:54:54+00:00\",\"description\":\"Pouzdana dostava Va\u0161ih dragocjenosti. Otkrijte kako se brinemo za sigurnu i brzu isporuku va\u0161ih ulaganja u plemenite metale u Edisongoldu.\",\"breadcrumb\":{\"@id\":\"https:\/\/edisongold.com\/hr\/dostava\/#breadcrumb\"},\"inLanguage\":\"hr\",\"potentialAction\":[{\"@type\":\"ReadAction\",\"target\":[\"https:\/\/edisongold.com\/hr\/dostava\/\"]}]},{\"@type\":\"BreadcrumbList\",\"@id\":\"https:\/\/edisongold.com\/hr\/dostava\/#breadcrumb\",\"itemListElement\":[{\"@type\":\"ListItem\",\"position\":1,\"name\":\"Home\",\"item\":\"https:\/\/edisongold.com\/hr\/\"},{\"@type\":\"ListItem\",\"position\":2,\"name\":\"Dostava\"}]},{\"@type\":\"WebSite\",\"@id\":\"https:\/\/edisongold.com\/#website\",\"url\":\"https:\/\/edisongold.com\/\",\"name\":\"Edisongold\",\"description\":\"\",\"potentialAction\":[{\"@type\":\"SearchAction\",\"target\":{\"@type\":\"EntryPoint\",\"urlTemplate\":\"https:\/\/edisongold.com\/?s={search_term_string}\"},\"query-input\":{\"@type\":\"PropertyValueSpecification\",\"valueRequired\":true,\"valueName\":\"search_term_string\"}}],\"inLanguage\":\"hr\"}]}<\/script>\n<!-- \/ Yoast SEO plugin. -->","yoast_head_json":{"title":"Dostava - Edisongold","description":"Pouzdana dostava Va\u0161ih dragocjenosti. Otkrijte kako se brinemo za sigurnu i brzu isporuku va\u0161ih ulaganja u plemenite metale u Edisongoldu.","robots":{"index":"index","follow":"follow","max-snippet":"max-snippet:-1","max-image-preview":"max-image-preview:large","max-video-preview":"max-video-preview:-1"},"canonical":"https:\/\/edisongold.com\/hr\/dostava\/","og_locale":"hr_HR","og_type":"article","og_title":"Dostava - Edisongold","og_description":"Pouzdana dostava Va\u0161ih dragocjenosti. Otkrijte kako se brinemo za sigurnu i brzu isporuku va\u0161ih ulaganja u plemenite metale u Edisongoldu.","og_url":"https:\/\/edisongold.com\/hr\/dostava\/","og_site_name":"Edisongold","article_modified_time":"2023-08-10T06:54:54+00:00","twitter_card":"summary_large_image","twitter_misc":{"Procijenjeno vrijeme \u010ditanja":"3 minute"},"schema":{"@context":"https:\/\/schema.org","@graph":[{"@type":"WebPage","@id":"https:\/\/edisongold.com\/hr\/dostava\/","url":"https:\/\/edisongold.com\/hr\/dostava\/","name":"Dostava - Edisongold","isPartOf":{"@id":"https:\/\/edisongold.com\/#website"},"datePublished":"2023-02-23T12:17:30+00:00","dateModified":"2023-08-10T06:54:54+00:00","description":"Pouzdana dostava Va\u0161ih dragocjenosti. Otkrijte kako se brinemo za sigurnu i brzu isporuku va\u0161ih ulaganja u plemenite metale u Edisongoldu.","breadcrumb":{"@id":"https:\/\/edisongold.com\/hr\/dostava\/#breadcrumb"},"inLanguage":"hr","potentialAction":[{"@type":"ReadAction","target":["https:\/\/edisongold.com\/hr\/dostava\/"]}]},{"@type":"BreadcrumbList","@id":"https:\/\/edisongold.com\/hr\/dostava\/#breadcrumb","itemListElement":[{"@type":"ListItem","position":1,"name":"Home","item":"https:\/\/edisongold.com\/hr\/"},{"@type":"ListItem","position":2,"name":"Dostava"}]},{"@type":"WebSite","@id":"https:\/\/edisongold.com\/#website","url":"https:\/\/edisongold.com\/","name":"Edisongold","description":"","potentialAction":[{"@type":"SearchAction","target":{"@type":"EntryPoint","urlTemplate":"https:\/\/edisongold.com\/?s={search_term_string}"},"query-input":{"@type":"PropertyValueSpecification","valueRequired":true,"valueName":"search_term_string"}}],"inLanguage":"hr"}]}},"_links":{"self":[{"href":"https:\/\/edisongold.com\/hr\/wp-json\/wp\/v2\/pages\/3546","targetHints":{"allow":["GET"]}}],"collection":[{"href":"https:\/\/edisongold.com\/hr\/wp-json\/wp\/v2\/pages"}],"about":[{"href":"https:\/\/edisongold.com\/hr\/wp-json\/wp\/v2\/types\/page"}],"author":[{"embeddable":true,"href":"https:\/\/edisongold.com\/hr\/wp-json\/wp\/v2\/users\/1"}],"replies":[{"embeddable":true,"href":"https:\/\/edisongold.com\/hr\/wp-json\/wp\/v2\/comments?post=3546"}],"version-history":[{"count":3,"href":"https:\/\/edisongold.com\/hr\/wp-json\/wp\/v2\/pages\/3546\/revisions"}],"predecessor-version":[{"id":7009,"href":"https:\/\/edisongold.com\/hr\/wp-json\/wp\/v2\/pages\/3546\/revisions\/7009"}],"wp:attachment":[{"href":"https:\/\/edisongold.com\/hr\/wp-json\/wp\/v2\/media?parent=3546"}],"curies":[{"name":"wp","href":"https:\/\/api.w.org\/{rel}","templated":true}]}}