{"id":3536,"date":"2023-02-23T12:13:10","date_gmt":"2023-02-23T12:13:10","guid":{"rendered":"https:\/\/edisongold.com\/placilo\/"},"modified":"2023-08-10T06:59:33","modified_gmt":"2023-08-10T06:59:33","slug":"placanje","status":"publish","type":"page","link":"https:\/\/edisongold.com\/hr\/placanje\/","title":{"rendered":"Pla\u0107anje"},"content":{"rendered":"<div class=\"fusion-fullwidth fullwidth-box fusion-builder-row-1 fusion-flex-container has-pattern-background has-mask-background nonhundred-percent-fullwidth non-hundred-percent-height-scrolling\" style=\"--awb-border-radius-top-left:0px;--awb-border-radius-top-right:0px;--awb-border-radius-bottom-right:0px;--awb-border-radius-bottom-left:0px;--awb-flex-wrap:wrap;\" ><div class=\"fusion-builder-row fusion-row fusion-flex-align-items-flex-start fusion-flex-content-wrap\" style=\"max-width:1996.8px;margin-left: calc(-4% \/ 2 );margin-right: calc(-4% \/ 2 );\"><div class=\"fusion-layout-column fusion_builder_column fusion-builder-column-0 fusion_builder_column_1_1 1_1 fusion-flex-column\" style=\"--awb-bg-size:cover;--awb-width-large:100%;--awb-margin-top-large:0px;--awb-spacing-right-large:1.92%;--awb-margin-bottom-large:20px;--awb-spacing-left-large:1.92%;--awb-width-medium:100%;--awb-order-medium:0;--awb-spacing-right-medium:1.92%;--awb-spacing-left-medium:1.92%;--awb-width-small:100%;--awb-order-small:0;--awb-spacing-right-small:1.92%;--awb-spacing-left-small:1.92%;\"><div class=\"fusion-column-wrapper fusion-column-has-shadow fusion-flex-justify-content-flex-start fusion-content-layout-column\"><div class=\"fusion-text fusion-text-1\"><p><strong>POSTUPAK KUPNJE U NA\u0160OJ POSLOVNICI JE SLJEDE\u0106I:<\/strong><\/p>\n<ul>\n<li>Tijekom radnog vremena s investicijskim zlatom u na\u0161oj poslovnici Edisongold (ponedjeljak &#8211; \u010detvrtak od 9.00 do 17.00 sati i petak od 9.00 do 15.00 sati), pripremamo vam predra\u010dun temeljen na trenutnoj cijeni.<\/li>\n<li>Cijene koje nudimo prate trenutne burzovne cijene, \u0161to rezultira konstantnom dinamikom promjene. Stoga, va\u017ee\u0107a vrijednost predra\u010duna je ograni\u010dena na jedan sat. Unato\u010d mogu\u0107im promjenama burzovnih cijena u tom periodu, va\u0161a cijena ostaje fiksna, jer je utvr\u0111ujemo u trenutku va\u0161eg upita. U ovom vremenskom okviru predra\u010dun je potrebno platiti te nam dostaviti potvrdu o uplati.<\/li>\n<li>Ukoliko je artikl dostupan na zalihi, transakcija se odmah provodi. Ukoliko artikl nije dostupan, standardni rok isporuke je izme\u0111u tri i deset radnih dana, osim u iznimnim okolnostima kada mo\u017ee biti i du\u017ei. O mogu\u0107nosti preuzimanja proizvoda \u0107emo vas pravovremeno obavijestiti putem telefona ili e-maila.<\/li>\n<li>Gotovinsko pla\u0107anje je, u skladu s Zakonom o sprje\u010davanju pranja novca i financiranja terorizma (ZPPDFT-1), ograni\u010deno na iznos do 5.000,00\u20ac. Transakcije koje prelaze navedeni iznos moraju se izvr\u0161iti putem bankovne transakcije.<\/li>\n<li>Napominjemo da ne prihva\u0107amo pla\u0107anja putem kreditnih ili drugih platnih kartica. Dostupne opcije pla\u0107anja su bankovna transakcija ili gotovina do 5.000,00\u20ac.<\/li>\n<\/ul>\n<p><strong>POSTUPAK ONLINE KUPOVINE :<\/strong><\/p>\n<ul>\n<li>Predra\u010dun vam \u0161aljemo putem e-maila.<\/li>\n<li>S obzirom na fluktuaciju cijena, rok za pla\u0107anje predra\u010duna je jedan sat. Unutar tog vremenskog okvira, bez obzira na mogu\u0107e promjene cijena, za vas je fiksna cijena koju smo postavili u trenutku va\u0161eg upita. U tom periodu, potrebno je platiti predra\u010dun i poslati nam potvrdu o pla\u0107anju putem e-maila ili faksa.<\/li>\n<li>Po primitku potvrde o pla\u0107anju, ukoliko je proizvod na zalihi, omogu\u0107avamo trenutno preuzimanje. Ako proizvod nije na zalihi, uobi\u010dajeno vrijeme dostave je izme\u0111u tri i deset radnih dana, a u iznimnim okolnostima mo\u017ee biti i du\u017ee. O mogu\u0107nosti preuzimanja \u0107emo vas pravovremeno obavijestiti putem telefona ili e-maila.<\/li>\n<li>Prilikom preuzimanja, potrebno je predo\u010diti valjani osobni dokument za provjeru identiteta.<\/li>\n<\/ul>\n<\/div><div class=\"fusion-title title fusion-title-1 fusion-sep-none fusion-title-text fusion-title-size-four\" style=\"--awb-text-color:var(--awb-color5);--awb-font-size:26px;\"><h4 class=\"fusion-title-heading title-heading-left\" style=\"font-family:var(--awb-typography1-font-family);font-weight:var(--awb-typography1-font-weight);font-style:var(--awb-typography1-font-style);margin:0;letter-spacing:var(--awb-typography1-letter-spacing);text-transform:var(--awb-typography1-text-transform);font-size:1em;line-height:var(--awb-typography1-line-height);\">Kupnja investcijskog zlata je oslobo\u0111ena PDV-a!<\/h4><\/div><div class=\"fusion-text fusion-text-2\"><div class=\"flex flex-grow flex-col gap-3\">\n<div class=\"min-h-&#091;20px&#093; flex items-start overflow-x-auto whitespace-pre-wrap break-words flex-col gap-4\">\n<div class=\"markdown prose w-full break-words dark:prose-invert light\">\n<p>Trgovina investicijskim zlatom u Sloveniji, uklju\u010duju\u0107i i kupnju i prodaju, nije oporezovana, \u0161to zna\u010di da investitori ne pla\u0107aju porez na dodanu vrijednost. Za fizi\u010dke osobe, kapitalni dobitci, tj. razlika izme\u0111u kupovne i prodajne vrijednosti zlata, tako\u0111er nisu oporezovani. Za pravne osobe i samostalne poduzetnike, prema tuma\u010denju porezne uprave, zlato se tretira jednako kao i ostala financijska ulaganja. Razlika izme\u0111u kupovne i prodajne vrijednosti oporezuje se kao kapitalni dobitak, zajedno s ostalim oporezivim prihodima (u skladu s \u010dlancima 118. i 119. ZDDV-1).<\/p>\n<\/div>\n<\/div>\n<\/div>\n<\/div><\/div><\/div><\/div><\/div>\n","protected":false},"excerpt":{"rendered":"","protected":false},"author":1,"featured_media":0,"parent":0,"menu_order":0,"comment_status":"closed","ping_status":"closed","template":"100-width.php","meta":{"_acf_changed":false,"footnotes":""},"class_list":["post-3536","page","type-page","status-publish","hentry"],"acf":[],"yoast_head":"<!-- This site is optimized with the Yoast SEO plugin v26.8 - https:\/\/yoast.com\/product\/yoast-seo-wordpress\/ -->\n<title>Pla\u0107anje - Edisongold<\/title>\n<meta name=\"description\" content=\"Jednostavno i sigurno pla\u0107anje va\u0161ih ulaganja u zlato. Saznajte vi\u0161e o opcijama pla\u0107anja u Edisongoldu i zapo\u010dnite svoje investicijsko putovanje ve\u0107 danas!\" \/>\n<meta name=\"robots\" content=\"index, follow, max-snippet:-1, max-image-preview:large, max-video-preview:-1\" \/>\n<link rel=\"canonical\" href=\"https:\/\/edisongold.com\/hr\/placanje\/\" \/>\n<meta property=\"og:locale\" content=\"hr_HR\" \/>\n<meta property=\"og:type\" content=\"article\" \/>\n<meta property=\"og:title\" content=\"Pla\u0107anje - Edisongold\" \/>\n<meta property=\"og:description\" content=\"Jednostavno i sigurno pla\u0107anje va\u0161ih ulaganja u zlato. Saznajte vi\u0161e o opcijama pla\u0107anja u Edisongoldu i zapo\u010dnite svoje investicijsko putovanje ve\u0107 danas!\" \/>\n<meta property=\"og:url\" content=\"https:\/\/edisongold.com\/hr\/placanje\/\" \/>\n<meta property=\"og:site_name\" content=\"Edisongold\" \/>\n<meta property=\"article:modified_time\" content=\"2023-08-10T06:59:33+00:00\" \/>\n<meta name=\"twitter:card\" content=\"summary_large_image\" \/>\n<meta name=\"twitter:label1\" content=\"Procijenjeno vrijeme \u010ditanja\" \/>\n\t<meta name=\"twitter:data1\" content=\"5 minuta\" \/>\n<script type=\"application\/ld+json\" class=\"yoast-schema-graph\">{\"@context\":\"https:\/\/schema.org\",\"@graph\":[{\"@type\":\"WebPage\",\"@id\":\"https:\/\/edisongold.com\/hr\/placanje\/\",\"url\":\"https:\/\/edisongold.com\/hr\/placanje\/\",\"name\":\"Pla\u0107anje - Edisongold\",\"isPartOf\":{\"@id\":\"https:\/\/edisongold.com\/#website\"},\"datePublished\":\"2023-02-23T12:13:10+00:00\",\"dateModified\":\"2023-08-10T06:59:33+00:00\",\"description\":\"Jednostavno i sigurno pla\u0107anje va\u0161ih ulaganja u zlato. Saznajte vi\u0161e o opcijama pla\u0107anja u Edisongoldu i zapo\u010dnite svoje investicijsko putovanje ve\u0107 danas!\",\"breadcrumb\":{\"@id\":\"https:\/\/edisongold.com\/hr\/placanje\/#breadcrumb\"},\"inLanguage\":\"hr\",\"potentialAction\":[{\"@type\":\"ReadAction\",\"target\":[\"https:\/\/edisongold.com\/hr\/placanje\/\"]}]},{\"@type\":\"BreadcrumbList\",\"@id\":\"https:\/\/edisongold.com\/hr\/placanje\/#breadcrumb\",\"itemListElement\":[{\"@type\":\"ListItem\",\"position\":1,\"name\":\"Home\",\"item\":\"https:\/\/edisongold.com\/hr\/\"},{\"@type\":\"ListItem\",\"position\":2,\"name\":\"Pla\u0107anje\"}]},{\"@type\":\"WebSite\",\"@id\":\"https:\/\/edisongold.com\/#website\",\"url\":\"https:\/\/edisongold.com\/\",\"name\":\"Edisongold\",\"description\":\"\",\"potentialAction\":[{\"@type\":\"SearchAction\",\"target\":{\"@type\":\"EntryPoint\",\"urlTemplate\":\"https:\/\/edisongold.com\/?s={search_term_string}\"},\"query-input\":{\"@type\":\"PropertyValueSpecification\",\"valueRequired\":true,\"valueName\":\"search_term_string\"}}],\"inLanguage\":\"hr\"}]}<\/script>\n<!-- \/ Yoast SEO plugin. -->","yoast_head_json":{"title":"Pla\u0107anje - Edisongold","description":"Jednostavno i sigurno pla\u0107anje va\u0161ih ulaganja u zlato. Saznajte vi\u0161e o opcijama pla\u0107anja u Edisongoldu i zapo\u010dnite svoje investicijsko putovanje ve\u0107 danas!","robots":{"index":"index","follow":"follow","max-snippet":"max-snippet:-1","max-image-preview":"max-image-preview:large","max-video-preview":"max-video-preview:-1"},"canonical":"https:\/\/edisongold.com\/hr\/placanje\/","og_locale":"hr_HR","og_type":"article","og_title":"Pla\u0107anje - Edisongold","og_description":"Jednostavno i sigurno pla\u0107anje va\u0161ih ulaganja u zlato. Saznajte vi\u0161e o opcijama pla\u0107anja u Edisongoldu i zapo\u010dnite svoje investicijsko putovanje ve\u0107 danas!","og_url":"https:\/\/edisongold.com\/hr\/placanje\/","og_site_name":"Edisongold","article_modified_time":"2023-08-10T06:59:33+00:00","twitter_card":"summary_large_image","twitter_misc":{"Procijenjeno vrijeme \u010ditanja":"5 minuta"},"schema":{"@context":"https:\/\/schema.org","@graph":[{"@type":"WebPage","@id":"https:\/\/edisongold.com\/hr\/placanje\/","url":"https:\/\/edisongold.com\/hr\/placanje\/","name":"Pla\u0107anje - Edisongold","isPartOf":{"@id":"https:\/\/edisongold.com\/#website"},"datePublished":"2023-02-23T12:13:10+00:00","dateModified":"2023-08-10T06:59:33+00:00","description":"Jednostavno i sigurno pla\u0107anje va\u0161ih ulaganja u zlato. Saznajte vi\u0161e o opcijama pla\u0107anja u Edisongoldu i zapo\u010dnite svoje investicijsko putovanje ve\u0107 danas!","breadcrumb":{"@id":"https:\/\/edisongold.com\/hr\/placanje\/#breadcrumb"},"inLanguage":"hr","potentialAction":[{"@type":"ReadAction","target":["https:\/\/edisongold.com\/hr\/placanje\/"]}]},{"@type":"BreadcrumbList","@id":"https:\/\/edisongold.com\/hr\/placanje\/#breadcrumb","itemListElement":[{"@type":"ListItem","position":1,"name":"Home","item":"https:\/\/edisongold.com\/hr\/"},{"@type":"ListItem","position":2,"name":"Pla\u0107anje"}]},{"@type":"WebSite","@id":"https:\/\/edisongold.com\/#website","url":"https:\/\/edisongold.com\/","name":"Edisongold","description":"","potentialAction":[{"@type":"SearchAction","target":{"@type":"EntryPoint","urlTemplate":"https:\/\/edisongold.com\/?s={search_term_string}"},"query-input":{"@type":"PropertyValueSpecification","valueRequired":true,"valueName":"search_term_string"}}],"inLanguage":"hr"}]}},"_links":{"self":[{"href":"https:\/\/edisongold.com\/hr\/wp-json\/wp\/v2\/pages\/3536","targetHints":{"allow":["GET"]}}],"collection":[{"href":"https:\/\/edisongold.com\/hr\/wp-json\/wp\/v2\/pages"}],"about":[{"href":"https:\/\/edisongold.com\/hr\/wp-json\/wp\/v2\/types\/page"}],"author":[{"embeddable":true,"href":"https:\/\/edisongold.com\/hr\/wp-json\/wp\/v2\/users\/1"}],"replies":[{"embeddable":true,"href":"https:\/\/edisongold.com\/hr\/wp-json\/wp\/v2\/comments?post=3536"}],"version-history":[{"count":3,"href":"https:\/\/edisongold.com\/hr\/wp-json\/wp\/v2\/pages\/3536\/revisions"}],"predecessor-version":[{"id":6971,"href":"https:\/\/edisongold.com\/hr\/wp-json\/wp\/v2\/pages\/3536\/revisions\/6971"}],"wp:attachment":[{"href":"https:\/\/edisongold.com\/hr\/wp-json\/wp\/v2\/media?parent=3536"}],"curies":[{"name":"wp","href":"https:\/\/api.w.org\/{rel}","templated":true}]}}