{"id":3524,"date":"2023-02-16T14:30:21","date_gmt":"2023-02-16T14:30:21","guid":{"rendered":"https:\/\/edisongold.com\/pogoji-poslovanja\/"},"modified":"2026-02-16T08:47:05","modified_gmt":"2026-02-16T08:47:05","slug":"uvjeti-poslovanja","status":"publish","type":"page","link":"https:\/\/edisongold.com\/hr\/uvjeti-poslovanja\/","title":{"rendered":"Uvjeti poslovanja"},"content":{"rendered":"<div class=\"fusion-fullwidth fullwidth-box fusion-builder-row-1 fusion-flex-container has-pattern-background has-mask-background nonhundred-percent-fullwidth non-hundred-percent-height-scrolling margin-left-right-auto max-width-1600\" style=\"--awb-border-radius-top-left:0px;--awb-border-radius-top-right:0px;--awb-border-radius-bottom-right:0px;--awb-border-radius-bottom-left:0px;--awb-flex-wrap:wrap;\" ><div class=\"fusion-builder-row fusion-row fusion-flex-align-items-flex-start fusion-flex-content-wrap\" style=\"max-width:1996.8px;margin-left: calc(-4% \/ 2 );margin-right: calc(-4% \/ 2 );\"><div class=\"fusion-layout-column fusion_builder_column fusion-builder-column-0 fusion_builder_column_1_1 1_1 fusion-flex-column\" style=\"--awb-bg-size:cover;--awb-width-large:100%;--awb-margin-top-large:0px;--awb-spacing-right-large:1.92%;--awb-margin-bottom-large:20px;--awb-spacing-left-large:1.92%;--awb-width-medium:100%;--awb-order-medium:0;--awb-spacing-right-medium:1.92%;--awb-spacing-left-medium:1.92%;--awb-width-small:100%;--awb-order-small:0;--awb-spacing-right-small:1.92%;--awb-spacing-left-small:1.92%;\"><div class=\"fusion-column-wrapper fusion-column-has-shadow fusion-flex-justify-content-flex-start fusion-content-layout-column\"><div class=\"fusion-text fusion-text-1\"><h2><strong>Uvjeti trgovanja \u2013 Kupnja<\/strong><\/h2>\n<ol>\n<li>Predaja narud\u017ebe<\/li>\n<\/ol>\n<p>Narud\u017ebu mo\u017eete predati putem sigurne veze u internetskoj trgovini, putem elektroni\u010dke po\u0161te ili osobno u poslovnicama:<\/p>\n<p>Edisongold Koper, Ankaranska cesta 7b ili Edisongold Ljubljana, Savska cesta 9.<\/p>\n<ol start=\"2\">\n<li>Cijene i valjanost narud\u017ebe<\/li>\n<\/ol>\n<p>Cijene su objavljene u internetskom cjeniku koji je izravno povezan sa svjetskom burzom plemenitih metala. Cjenik se a\u017eurira svake tri minute.<\/p>\n<p>Nakon utvr\u0111ivanja cijene odnosno potvrde narud\u017ebe od strane dru\u0161tva Edisontrade d.o.o., narud\u017eba zajedno s uplatom postaje pravno obvezuju\u0107a, \u0161to zna\u010di da niti naru\u010ditelj niti prodavatelj nemaju pravo na jednostrani raskid ugovora.<\/p>\n<p>Radi osiguranja va\u017ee\u0107e cijene, narud\u017ebe je mogu\u0107e predavati radnim danima:<\/p>\n<p>od ponedjeljka do \u010detvrtka: od 9:00 do 16:30, petkom: od 9:00 do 12:30<\/p>\n<p>Narud\u017ebe zaprimljene izvan navedenog radnog vremena bit \u0107e obra\u0111ene sljede\u0107i radni dan prema va\u017ee\u0107em cjeniku u 9:00.<\/p>\n<ol start=\"3\">\n<li>Na\u010dini pla\u0107anja<\/li>\n<\/ol>\n<p>Pla\u0107anje je mogu\u0107e izvr\u0161iti uplatom na transakcijski ra\u010dun dru\u0161tva Edisontrade d.o.o..<\/p>\n<p>Gotovinsko pla\u0107anje mogu\u0107e je u skladu s odredbama ZPPDFT-2. Jednokratna gotovinska kupnja ograni\u010dena je na 5.000,00 \u20ac po osobi dnevno. Cijena za gotovinsku kupnju fiksira se prilikom osobnog posjeta poslovnici.<\/p>\n<p>Uzastopne gotovinske kupnje nisu dopu\u0161tene. Izme\u0111u pojedinih gotovinskih kupnji mora prote\u0107i najmanje 7 dana, a godi\u0161nje ograni\u010denje gotovinskih kupnji iznosi 15.000,00 \u20ac po osobi. Pla\u0107anje je mogu\u0107e i platnim karticama.<\/p>\n<ol start=\"4\">\n<li>Preuzimanje i dostava<\/li>\n<\/ol>\n<p>Naru\u010denu robu mo\u017eete preuzeti odmah nakon zaprimljene uplate ili u unaprijed dogovorenom roku u poslovnicama:<\/p>\n<p>Edisongold Koper ili Edisongold Ljubljana. Za narud\u017ebe do vrijednosti 4.000,00 \u20ac omogu\u0107ujemo i slanje u obliku vrijednosne po\u0161iljke putem po\u0161te.<\/p>\n<ol start=\"5\">\n<li>Preuzimanje od strane tre\u0107e osobe<\/li>\n<\/ol>\n<p>Ako narud\u017ebu preuzima tre\u0107a osoba, prilikom preuzimanja obvezno je predo\u010diti javnobilje\u017eni\u010dki ovjerenu punomo\u0107 ili punomo\u0107 ovjerenu u upravnom uredu.<\/p>\n<\/div><div class=\"fusion-title title fusion-title-1 fusion-sep-none fusion-title-text fusion-title-size-four\" style=\"--awb-text-color:var(--awb-color5);--awb-font-size:20px;\"><h4 class=\"fusion-title-heading title-heading-left\" style=\"font-family:&quot;Playfair Display&quot;;font-style:normal;font-weight:700;margin:0;letter-spacing:var(--awb-typography1-letter-spacing);text-transform:var(--awb-typography1-text-transform);font-size:1em;line-height:var(--awb-typography1-line-height);\"><a href=\"https:\/\/edisongold.com\/hr\/opci-uvjeti-poslovanja\/\">OP\u0106I UVJETI POSLOVANJA<\/a><\/h4><\/div><div class=\"fusion-title title fusion-title-2 fusion-sep-none fusion-title-text fusion-title-size-four\" style=\"--awb-text-color:var(--awb-color5);--awb-font-size:26px;\"><h4 class=\"fusion-title-heading title-heading-left\" style=\"font-family:&quot;Playfair Display&quot;;font-style:normal;font-weight:700;margin:0;letter-spacing:var(--awb-typography1-letter-spacing);text-transform:var(--awb-typography1-text-transform);font-size:1em;line-height:var(--awb-typography1-line-height);\">ISKLJU\u010cENJE ODGOVORNOSTI<\/h4><\/div><div class=\"fusion-text fusion-text-2\"><p>Internet stranice Edisontrade d.o.o. postavlja i odr\u017eava s bri\u017enom pa\u017enjom. Unato\u010d tome, Edisontrade d.o.o. ne jam\u010di to\u010dnost i pouzdanost svih informacija na Internet stranici Edisontrade d.o.o. Internet stranice Edisontrade d.o.o. su podlo\u017ene promjenama bez prethodne najave i slu\u017ee za informiranje.<\/p>\n<\/div><div class=\"fusion-title title fusion-title-3 fusion-sep-none fusion-title-text fusion-title-size-four\" style=\"--awb-text-color:var(--awb-color5);--awb-font-size:26px;\"><h4 class=\"fusion-title-heading title-heading-left\" style=\"font-family:&quot;Playfair Display&quot;;font-style:normal;font-weight:700;margin:0;letter-spacing:var(--awb-typography1-letter-spacing);text-transform:var(--awb-typography1-text-transform);font-size:1em;line-height:var(--awb-typography1-line-height);\">PRIVATNOST<\/h4><\/div><div class=\"fusion-text fusion-text-3\"><p>Edisontrade d.o.o. posluje u skladu sa Zakonom o za\u0161titi osobnih podataka. Na\u0161e osnovno na\u010delo je profesionalnost u poslovanju i diskrecija glede identiteta stranaka i vrsti te koli\u010dine njihovih narud\u017ebi.<\/p>\n<\/div><div class=\"fusion-title title fusion-title-4 fusion-sep-none fusion-title-text fusion-title-size-four\" style=\"--awb-text-color:var(--awb-color5);--awb-font-size:26px;\"><h4 class=\"fusion-title-heading title-heading-left\" style=\"font-family:&quot;Playfair Display&quot;;font-style:normal;font-weight:700;margin:0;letter-spacing:var(--awb-typography1-letter-spacing);text-transform:var(--awb-typography1-text-transform);font-size:1em;line-height:var(--awb-typography1-line-height);\">VODITELJ OBRADE OSOBNIH PODATAKA<\/h4><\/div><div class=\"fusion-text fusion-text-4\"><p>Voditelj obrade osobnih podataka u smislu, kao \u0161to ga navodi Cjelokupna uredba EU o za\u0161titi osobnih podataka i va\u017ee\u0107i zakon, koji ure\u0111uje sigurnost osobnih podataka \u2013 GDPR:<\/p>\n<p>Edisontrade d.o.o.<br \/>\nAnkaranska cesta 7b. 6000 Koper,<br \/>\nSlovenija<br \/>\nTelefon: +386\/(0)590 87 640<br \/>\ne-mail: info@edisongold.com<br \/>\nVi\u0161e informacija mo\u017ee se prona\u0107i na internetskoj stranici tvrtke www.edisongold.com.<\/p>\n<\/div><div class=\"fusion-title title fusion-title-5 fusion-sep-none fusion-title-text fusion-title-size-four\" style=\"--awb-text-color:var(--awb-color5);--awb-font-size:26px;\"><h4 class=\"fusion-title-heading title-heading-left\" style=\"font-family:&quot;Playfair Display&quot;;font-style:normal;font-weight:700;margin:0;letter-spacing:var(--awb-typography1-letter-spacing);text-transform:var(--awb-typography1-text-transform);font-size:1em;line-height:var(--awb-typography1-line-height);\">SUGLASNOST<\/h4><\/div><div class=\"fusion-text fusion-text-5\"><p>Osobni podaci koje ste nam dali kada ste ispunili ili podnijeli prijavu, registraciju ili obrazac za narud\u017ebu, Edisontrade obra\u0111uje va\u0161im jasnim pristankom na temelju \u010dlanka 6. stavka 1. Op\u0107e uredbe o za\u0161titi osobnih podataka (GDPR).<\/p>\n<p>Kako bismo pobolj\u0161ali kvalitetu na\u0161ih proizvoda i usluga i za statisti\u010dke namjene u vezi s elektronskim porukama koje vam \u0161aljemo, obra\u0111ujemo i informacije o pregledima primljenih poruka koje vam \u0161aljemo, a isto tako obra\u0111ujemo i informacije o pregledima primljenih poruka i klikovima na poveznice u istima.<\/p>\n<p>Svoj pristanak mo\u017eete u bilo kojem trenutku povu\u0107i izjavom putem e-maila na info@edisontrade.com. U slu\u010daju povla\u010denja suglasnosti vi\u0161e ne\u0107emo koristiti va\u0161e podatke. Povla\u010denje suglasnosti ne utje\u010de na zakonitost obrade va\u0161ih osobnih podataka u vrijeme dok smo imali va\u0161u suglasnost.<\/p>\n<\/div><div class=\"fusion-title title fusion-title-6 fusion-sep-none fusion-title-text fusion-title-size-four\" style=\"--awb-text-color:var(--awb-color5);--awb-font-size:26px;\"><h4 class=\"fusion-title-heading title-heading-left\" style=\"font-family:&quot;Playfair Display&quot;;font-style:normal;font-weight:700;margin:0;letter-spacing:var(--awb-typography1-letter-spacing);text-transform:var(--awb-typography1-text-transform);font-size:1em;line-height:var(--awb-typography1-line-height);\">VA\u0160A PRAVA<\/h4><\/div><div class=\"fusion-text fusion-text-6\"><p>U skladu s Op\u0107im pdredbama uredbe EU o za\u0161titi osobnih podataka GDPR imate pravo pristupu va\u0161ih osobnih podataka, pravo izmjene podataka, pravo brisanja podataka, pravo prijenosa podataka, pravo ograni\u010denja obrade osobnih podataka i pravo prigovora. Svoje podatke mo\u017eete pregledati i mijenjati u bilo kojem trenutku.<\/p>\n<p>Kod ostvarivanja svih va\u0161ih prava ili dobivanja dodatnih informacija, mo\u017eete nas kontaktirati na info@edisontrade.com. Va\u0161u prijavu \u0107emo obraditi i odgovoriti na nju u skladu sa GDPR.<\/p>\n<p>Ako smatrate da se kr\u0161e va\u0161a prava ili propisi o za\u0161titi osobnih podataka, svoju pritu\u017ebu mo\u017eete mo\u017eete uputiti na adresu Agencije za za\u0161titu osobnih podataka, Marti\u0107eva ulica 14, 10 000 Zagreb (Tel. 00385 (0)1 4609-000, Fax. 00385 (0)1 4609-099, E-mail: azop@azop.hr, Web: www.azop.hr).<\/p>\n<\/div><div class=\"fusion-title title fusion-title-7 fusion-sep-none fusion-title-text fusion-title-size-four\" style=\"--awb-text-color:var(--awb-color5);--awb-font-size:26px;\"><h4 class=\"fusion-title-heading title-heading-left\" style=\"font-family:&quot;Playfair Display&quot;;font-style:normal;font-weight:700;margin:0;letter-spacing:var(--awb-typography1-letter-spacing);text-transform:var(--awb-typography1-text-transform);font-size:1em;line-height:var(--awb-typography1-line-height);\">VRIJEME \u010cUVANJA OSOBNIH PODATAKA<\/h4><\/div><div class=\"fusion-text fusion-text-7\"><p>Edisontrade d.o.o. \u010duva va\u0161e osobne podatke koliko god je potrebno u svrhu slanja informacija za kupnju zlata po burzovnoj cijeni ili za kori\u0161tenje web shopa na kojeg ste se registrirali.<\/p>\n<p>U slu\u010daju da vi\u0161e ne \u017eelite primati obavijesti od tvrtke Edisontrade ili povu\u010dete svoju suglasnost za obradu osobnih podataka u svrhu toga, va\u0161e podatke \u0107emo u sustavu na\u0161e tvrtke blokirati.<\/p>\n<p>Rok \u010duvanja osobnih podataka mo\u017ee se razlikovati prema zakonskim sektorima. Nakon isteka zakonom odre\u0111enog vremena, tvrtka Edisontrade bri\u0161e sve va\u0161e osobne podatke.<\/p>\n<\/div><div class=\"fusion-title title fusion-title-8 fusion-sep-none fusion-title-text fusion-title-size-four\" style=\"--awb-text-color:var(--awb-color5);--awb-font-size:26px;\"><h4 class=\"fusion-title-heading title-heading-left\" style=\"font-family:&quot;Playfair Display&quot;;font-style:normal;font-weight:700;margin:0;letter-spacing:var(--awb-typography1-letter-spacing);text-transform:var(--awb-typography1-text-transform);font-size:1em;line-height:var(--awb-typography1-line-height);\">KOLA\u010cI\u0106I KOJE UPOTREBLJAVA NA\u0160A STRANICA<\/h4><\/div><div class=\"fusion-text fusion-text-8\"><p>Kola\u010di\u0107i omogu\u0107uju jednostavnije kori\u0161tenje web stranice. Interaktivnost izme\u0111u korisnika i web stranice je br\u017ea i jednostavnija uz pomo\u0107 kola\u010di\u0107a. Uz njihovu pomo\u010d, stranica pamti preference i individualne postavke, tako da korisnik automatski vizualizira sadr\u017eaj na na\u010din koji \u017eeli i koji je najbolji za korisnika.<\/p>\n<p>Kola\u010di\u0107i nam omogu\u0107uju prilagodbu web-stranice prema va\u0161im potrebama. Pomo\u0107u kola\u010di\u0107a prepoznajemo ure\u0111aj za prilagodbu prikaza sadr\u017eaja.<\/p>\n<\/div><div class=\"fusion-title title fusion-title-9 fusion-sep-none fusion-title-text fusion-title-size-four\" style=\"--awb-text-color:var(--awb-color5);--awb-font-size:26px;\"><h4 class=\"fusion-title-heading title-heading-left\" style=\"font-family:&quot;Playfair Display&quot;;font-style:normal;font-weight:700;margin:0;letter-spacing:var(--awb-typography1-letter-spacing);text-transform:var(--awb-typography1-text-transform);font-size:1em;line-height:var(--awb-typography1-line-height);\">BRISANJE PODATAKA<\/h4><\/div><div class=\"fusion-text fusion-text-9\"><p>Unesite va\u0161u e-dresu i pru\u017eiti vam \u0107emo sve podatke koji su snimljeni na na\u0161oj web stranici i koji se mogu ukloniti na va\u0161 zahtjev.<\/p>\n<\/div><div class=\"fusion-text fusion-text-10\"><p><a href=\"https:\/\/edisongold.com\/hr\/obradivanje-osobnih-podataka\/\">Obra\u0111ivanje osobnih podataka<\/a><\/p>\n<\/div><\/div><\/div><\/div><\/div>\n","protected":false},"excerpt":{"rendered":"","protected":false},"author":1,"featured_media":0,"parent":0,"menu_order":0,"comment_status":"closed","ping_status":"closed","template":"100-width.php","meta":{"_acf_changed":false,"footnotes":""},"class_list":["post-3524","page","type-page","status-publish","hentry"],"acf":[],"yoast_head":"<!-- This site is optimized with the Yoast SEO plugin v26.8 - https:\/\/yoast.com\/product\/yoast-seo-wordpress\/ -->\n<title>Uvjeti poslovanja - Edisongold<\/title>\n<meta name=\"robots\" content=\"index, follow, max-snippet:-1, max-image-preview:large, max-video-preview:-1\" \/>\n<link rel=\"canonical\" href=\"https:\/\/edisongold.com\/hr\/uvjeti-poslovanja\/\" \/>\n<meta property=\"og:locale\" content=\"hr_HR\" \/>\n<meta property=\"og:type\" content=\"article\" \/>\n<meta property=\"og:title\" content=\"Uvjeti poslovanja - Edisongold\" \/>\n<meta property=\"og:url\" content=\"https:\/\/edisongold.com\/hr\/uvjeti-poslovanja\/\" \/>\n<meta property=\"og:site_name\" content=\"Edisongold\" \/>\n<meta property=\"article:modified_time\" content=\"2026-02-16T08:47:05+00:00\" \/>\n<meta name=\"twitter:card\" content=\"summary_large_image\" \/>\n<meta name=\"twitter:label1\" content=\"Procijenjeno vrijeme \u010ditanja\" \/>\n\t<meta name=\"twitter:data1\" content=\"6 minuta\" \/>\n<script type=\"application\/ld+json\" class=\"yoast-schema-graph\">{\"@context\":\"https:\/\/schema.org\",\"@graph\":[{\"@type\":\"WebPage\",\"@id\":\"https:\/\/edisongold.com\/hr\/uvjeti-poslovanja\/\",\"url\":\"https:\/\/edisongold.com\/hr\/uvjeti-poslovanja\/\",\"name\":\"Uvjeti poslovanja - Edisongold\",\"isPartOf\":{\"@id\":\"https:\/\/edisongold.com\/#website\"},\"datePublished\":\"2023-02-16T14:30:21+00:00\",\"dateModified\":\"2026-02-16T08:47:05+00:00\",\"breadcrumb\":{\"@id\":\"https:\/\/edisongold.com\/hr\/uvjeti-poslovanja\/#breadcrumb\"},\"inLanguage\":\"hr\",\"potentialAction\":[{\"@type\":\"ReadAction\",\"target\":[\"https:\/\/edisongold.com\/hr\/uvjeti-poslovanja\/\"]}]},{\"@type\":\"BreadcrumbList\",\"@id\":\"https:\/\/edisongold.com\/hr\/uvjeti-poslovanja\/#breadcrumb\",\"itemListElement\":[{\"@type\":\"ListItem\",\"position\":1,\"name\":\"Home\",\"item\":\"https:\/\/edisongold.com\/hr\/\"},{\"@type\":\"ListItem\",\"position\":2,\"name\":\"Uvjeti poslovanja\"}]},{\"@type\":\"WebSite\",\"@id\":\"https:\/\/edisongold.com\/#website\",\"url\":\"https:\/\/edisongold.com\/\",\"name\":\"Edisongold\",\"description\":\"\",\"potentialAction\":[{\"@type\":\"SearchAction\",\"target\":{\"@type\":\"EntryPoint\",\"urlTemplate\":\"https:\/\/edisongold.com\/?s={search_term_string}\"},\"query-input\":{\"@type\":\"PropertyValueSpecification\",\"valueRequired\":true,\"valueName\":\"search_term_string\"}}],\"inLanguage\":\"hr\"}]}<\/script>\n<!-- \/ Yoast SEO plugin. -->","yoast_head_json":{"title":"Uvjeti poslovanja - Edisongold","robots":{"index":"index","follow":"follow","max-snippet":"max-snippet:-1","max-image-preview":"max-image-preview:large","max-video-preview":"max-video-preview:-1"},"canonical":"https:\/\/edisongold.com\/hr\/uvjeti-poslovanja\/","og_locale":"hr_HR","og_type":"article","og_title":"Uvjeti poslovanja - Edisongold","og_url":"https:\/\/edisongold.com\/hr\/uvjeti-poslovanja\/","og_site_name":"Edisongold","article_modified_time":"2026-02-16T08:47:05+00:00","twitter_card":"summary_large_image","twitter_misc":{"Procijenjeno vrijeme \u010ditanja":"6 minuta"},"schema":{"@context":"https:\/\/schema.org","@graph":[{"@type":"WebPage","@id":"https:\/\/edisongold.com\/hr\/uvjeti-poslovanja\/","url":"https:\/\/edisongold.com\/hr\/uvjeti-poslovanja\/","name":"Uvjeti poslovanja - Edisongold","isPartOf":{"@id":"https:\/\/edisongold.com\/#website"},"datePublished":"2023-02-16T14:30:21+00:00","dateModified":"2026-02-16T08:47:05+00:00","breadcrumb":{"@id":"https:\/\/edisongold.com\/hr\/uvjeti-poslovanja\/#breadcrumb"},"inLanguage":"hr","potentialAction":[{"@type":"ReadAction","target":["https:\/\/edisongold.com\/hr\/uvjeti-poslovanja\/"]}]},{"@type":"BreadcrumbList","@id":"https:\/\/edisongold.com\/hr\/uvjeti-poslovanja\/#breadcrumb","itemListElement":[{"@type":"ListItem","position":1,"name":"Home","item":"https:\/\/edisongold.com\/hr\/"},{"@type":"ListItem","position":2,"name":"Uvjeti poslovanja"}]},{"@type":"WebSite","@id":"https:\/\/edisongold.com\/#website","url":"https:\/\/edisongold.com\/","name":"Edisongold","description":"","potentialAction":[{"@type":"SearchAction","target":{"@type":"EntryPoint","urlTemplate":"https:\/\/edisongold.com\/?s={search_term_string}"},"query-input":{"@type":"PropertyValueSpecification","valueRequired":true,"valueName":"search_term_string"}}],"inLanguage":"hr"}]}},"_links":{"self":[{"href":"https:\/\/edisongold.com\/hr\/wp-json\/wp\/v2\/pages\/3524","targetHints":{"allow":["GET"]}}],"collection":[{"href":"https:\/\/edisongold.com\/hr\/wp-json\/wp\/v2\/pages"}],"about":[{"href":"https:\/\/edisongold.com\/hr\/wp-json\/wp\/v2\/types\/page"}],"author":[{"embeddable":true,"href":"https:\/\/edisongold.com\/hr\/wp-json\/wp\/v2\/users\/1"}],"replies":[{"embeddable":true,"href":"https:\/\/edisongold.com\/hr\/wp-json\/wp\/v2\/comments?post=3524"}],"version-history":[{"count":13,"href":"https:\/\/edisongold.com\/hr\/wp-json\/wp\/v2\/pages\/3524\/revisions"}],"predecessor-version":[{"id":10756,"href":"https:\/\/edisongold.com\/hr\/wp-json\/wp\/v2\/pages\/3524\/revisions\/10756"}],"wp:attachment":[{"href":"https:\/\/edisongold.com\/hr\/wp-json\/wp\/v2\/media?parent=3524"}],"curies":[{"name":"wp","href":"https:\/\/api.w.org\/{rel}","templated":true}]}}