{"id":10708,"date":"2026-02-06T07:50:41","date_gmt":"2026-02-06T07:50:41","guid":{"rendered":"https:\/\/edisongold.com\/splosni-pogoji-poslovanja\/"},"modified":"2026-02-06T08:07:56","modified_gmt":"2026-02-06T08:07:56","slug":"opci-uvjeti-poslovanja","status":"publish","type":"page","link":"https:\/\/edisongold.com\/hr\/opci-uvjeti-poslovanja\/","title":{"rendered":"OP\u0106I UVJETI POSLOVANJA"},"content":{"rendered":"<div class=\"fusion-fullwidth fullwidth-box fusion-builder-row-1 fusion-flex-container has-pattern-background has-mask-background nonhundred-percent-fullwidth non-hundred-percent-height-scrolling margin-left-right-auto max-width-1600\" style=\"--awb-border-radius-top-left:0px;--awb-border-radius-top-right:0px;--awb-border-radius-bottom-right:0px;--awb-border-radius-bottom-left:0px;--awb-flex-wrap:wrap;\" ><div class=\"fusion-builder-row fusion-row fusion-flex-align-items-flex-start fusion-flex-content-wrap\" style=\"max-width:1996.8px;margin-left: calc(-4% \/ 2 );margin-right: calc(-4% \/ 2 );\"><div class=\"fusion-layout-column fusion_builder_column fusion-builder-column-0 fusion_builder_column_1_1 1_1 fusion-flex-column\" style=\"--awb-bg-size:cover;--awb-width-large:100%;--awb-margin-top-large:0px;--awb-spacing-right-large:1.92%;--awb-margin-bottom-large:20px;--awb-spacing-left-large:1.92%;--awb-width-medium:100%;--awb-order-medium:0;--awb-spacing-right-medium:1.92%;--awb-spacing-left-medium:1.92%;--awb-width-small:100%;--awb-order-small:0;--awb-spacing-right-small:1.92%;--awb-spacing-left-small:1.92%;\"><div class=\"fusion-column-wrapper fusion-column-has-shadow fusion-flex-justify-content-flex-start fusion-content-layout-column\"><div class=\"fusion-title title fusion-title-1 fusion-sep-none fusion-title-text fusion-title-size-four\" style=\"--awb-text-color:var(--awb-color5);--awb-font-size:26px;\"><h4 class=\"fusion-title-heading title-heading-left\" style=\"font-family:&quot;Playfair Display&quot;;font-style:normal;font-weight:700;margin:0;letter-spacing:var(--awb-typography1-letter-spacing);text-transform:var(--awb-typography1-text-transform);font-size:1em;line-height:var(--awb-typography1-line-height);\"><p>OP\u0106I UVJETI POSLOVANJA<br \/>\nza trgovanje plemenitim metalima trgova\u010dkog dru\u0161tva Edisontrade d.o.o.<\/p><\/h4><\/div><div class=\"fusion-text fusion-text-1\"><p><strong>1. Op\u0107e odredbe<\/strong><\/p>\n<p>Ovi Op\u0107i uvjeti poslovanja (u daljnjem tekstu: Op\u0107i uvjeti) ure\u0111uju odnos izme\u0111u trgova\u010dkog dru\u0161tva Edisontrade d.o.o. (u daljnjem tekstu: ponuditelj) i kupaca odnosno korisnika internetske stranice ponuditelja (u daljnjem tekstu: kupac).<\/p>\n<p>Op\u0107i uvjeti su strankama u svakom trenutku dostupni:<\/p>\n<p>u pisanom obliku u poslovnim prostorima trgova\u010dkog dru\u0161tva Edisontrade d.o.o., i<\/p>\n<p>24 sata dnevno na slu\u017ebenoj internetskoj stranici dru\u0161tva www.edisongold.com.<\/p>\n<p>Primjenjuju se oni Op\u0107i uvjeti koji su bili na snazi u trenutku kada je trgova\u010dko dru\u0161tvo Edisontrade d.o.o. prihvatilo narud\u017ebu kupca.<\/p>\n<p><strong>2. Podaci o ponuditelju<\/strong><\/p>\n<p>Edisontrade d.o.o.<br \/>\nSjedi\u0161te: Ankaranska cesta 7B, 6000 Koper \u2013 Capodistria<br \/>\nMati\u010dni broj: 5431328000<br \/>\nPDV broj: SI63332191<br \/>\nE-mail: info@edisongold.com<br \/>\nInternetska stranica: www.edisongold.com<\/p>\n<p><strong>3. Podru\u010dje primjene<\/strong><\/p>\n<p>Op\u0107i uvjeti primjenjuju se na:<\/p>\n<p>prodaju investicijskog zlata i drugih plemenitih metala (investicijsko zlato, srebro, platina, paladij),<\/p>\n<p>otkup plemenitih metala,<\/p>\n<p>internetske narud\u017ebe,<\/p>\n<p>pla\u0107anja, dostavu i preuzimanje robe.<\/p>\n<p>Za pitanja koja nisu izri\u010dito ure\u0111ena ovim Op\u0107im uvjetima primjenjuju se propisi Republike Slovenije i Europske unije, osobito Obligacijski zakonik, Zakon o za\u0161titi potro\u0161a\u010da (ZVPot-1), Zakon o za\u0161titi osobnih podataka (ZVOP-2), Op\u0107a uredba o za\u0161titi podataka \u2013 GDPR te ostali va\u017ee\u0107i propisi.<\/p>\n<p><strong>4. Podno\u0161enje narud\u017ebe<\/strong><\/p>\n<p>Radi preglednosti, provjerljivosti i sljedivosti, kupac narud\u017ebu za kupnju ili prodaju plemenitih metala podnosi isklju\u010divo u pisanom obliku, i to:<\/p>\n<p>osobno u poslovnici Edisongold Koper, Ankaranska cesta 7b, 6000 Koper (uz potpis narud\u017ebe),<\/p>\n<p>osobno u poslovnici Edisongold Ljubljana, Savska cesta 9, 1000 Ljubljana (uz potpis narud\u017ebe),<\/p>\n<p>putem elektroni\u010dke po\u0161te,<\/p>\n<p>putem sigurne internetske veze (internetske narud\u017ebe) na slu\u017ebenoj internetskoj stranici trgova\u010dkog dru\u0161tva Edisontrade \u2013 www.edisongold.com<\/p>\n<p>, tijekom radnog vremena.<\/p>\n<p>Podno\u0161enjem narud\u017ebe kupac potvr\u0111uje da je upoznat s Op\u0107im uvjetima, da ih razumije i da se s njima u cijelosti sla\u017ee.<\/p>\n<p><strong>5. Sklapanje ugovora o prodaji<\/strong><\/p>\n<p>5.1<\/p>\n<p>Ugovor se smatra sklopljenim u trenutku kada trgova\u010dko dru\u0161tvo Edisontrade d.o.o. potvrdi narud\u017ebu kupca izdavanjem predra\u010duna na temelju internetske narud\u017ebe s cijenama proizvoda tijekom radnog vremena poslovnice:<\/p>\n<p>pon \u2013 \u010det 09.00 \u2013 17.00<\/p>\n<p>pet 09.00 \u2013 13.00<\/p>\n<p>5.2<\/p>\n<p>Dogovorenom cijenom smatra se cijena koja vrijedi u trenutku prihvata narud\u017ebe od strane trgova\u010dkog dru\u0161tva Edisontrade d.o.o.<\/p>\n<p>Kupac je upoznat da se cijena mo\u017ee promijeniti izme\u0111u podno\u0161enja narud\u017ebe i njezine potvrde zbog promjena cijena na burzi plemenitih metala.<\/p>\n<p>5.3<\/p>\n<p>Nakon prihvata narud\u017ebe, trgova\u010dko dru\u0161tvo Edisontrade d.o.o. bez odgode provodi fiksiranje cijene i naru\u010duje robu kod dobavlja\u010da odnosno kovnice.<\/p>\n<p>5.4<\/p>\n<p>Kupac je izri\u010dito upoznat da su cijene plemenitih metala izravno vezane uz burzovna tr\u017ei\u0161ta na koja trgova\u010dko dru\u0161tvo Edisontrade d.o.o. nema utjecaj. Kod ugovora sklopljenih na daljinu, nakon prihvata narud\u017ebe kupac nema pravo na jednostrani raskid ugovora sukladno odredbama Zakona o za\u0161titi potro\u0161a\u010da (ZVPot-1).<\/p>\n<p>5.5<\/p>\n<p>U slu\u010daju neopravdanog odustajanja od narud\u017ebe, davanja neto\u010dnih podataka ili neispunjenja obveza od strane kupca, kupac je du\u017ean trgova\u010dkom dru\u0161tvu Edisontrade d.o.o. platiti ugovornu kaznu u visini od 10 % vrijednosti narud\u017ebe, osim ako zakon ne propisuje druga\u010dije.<\/p>\n<p><strong>6. Kupnja putem internetske trgovine<\/strong><\/p>\n<p>6.1<\/p>\n<p>Za narud\u017ebe putem internetske stranice (www.edisongold.com<\/p>\n<p>) trgova\u010dkog dru\u0161tva Edisontrade d.o.o. primjenjuju se ovi Op\u0107i uvjeti, osim ako je za pojedini slu\u010daj izri\u010dito odre\u0111eno druga\u010dije.<\/p>\n<p>6.2<\/p>\n<p>Kupac je prije potvrde narud\u017ebe du\u017ean potvrditi da prihva\u0107a Op\u0107e uvjete. Va\u017ee\u0107a je cijena objavljena u trenutku potvrde narud\u017ebe.<\/p>\n<p>6.3<\/p>\n<p>Do potvrde narud\u017ebe kupac mo\u017ee slobodno dodavati ili uklanjati proizvode iz ko\u0161arice.<\/p>\n<p>6.4<\/p>\n<p>Potvrdom narud\u017ebe ugovor izme\u0111u kupca i trgova\u010dkog dru\u0161tva Edisontrade d.o.o. smatra se sklopljenim, pri \u010demu se smatra da kupac prihva\u0107a Op\u0107e uvjete.<\/p>\n<p><strong>7. LBMA FIXING \u2013 poseban re\u017eim trgovanja<\/strong><\/p>\n<p>7.1<\/p>\n<p>U slu\u010daju izvanrednih okolnosti na tr\u017ei\u0161tu plemenitih metala, trgova\u010dko dru\u0161tvo Edisontrade d.o.o. mo\u017ee odrediti poseban re\u017eim trgovanja, pri kojem su kupnje mogu\u0107e isklju\u010divo putem LBMA fixinga (AM i PM).<\/p>\n<p>7.2<\/p>\n<p>U tom slu\u010daju kupac mora podnijeti obvezuju\u0107u narud\u017ebu najkasnije:<\/p>\n<p>do 10.00 sati za AM fixing,<\/p>\n<p>do 14.30 sati za PM fixing.<\/p>\n<p>7.3<\/p>\n<p>Kona\u010dna cijena naru\u010dene robe odre\u0111uje se:<\/p>\n<p>u 11.30 sati (AM fixing),<\/p>\n<p>u 16.00 sati (PM fixing).<\/p>\n<p>7.4<\/p>\n<p>Nakon odre\u0111ivanja cijene putem LBMA fixinga, narud\u017ebu nije mogu\u0107e opozvati niti mijenjati, s \u010dime je kupac izri\u010dito upoznat i s navedenim se sla\u017ee.<\/p>\n<p><strong>8. Isporuka i dostupnost robe<\/strong><\/p>\n<p>U slu\u010daju da naru\u010dena roba nije na zalihi, predvi\u0111eni rok isporuke iznosi pribli\u017eno jedan (1) mjesec, ovisno o dobavlja\u010du i stanju na tr\u017ei\u0161tu plemenitih metala.<\/p>\n<p>Kupac \u0107e o dostupnosti robe i terminu preuzimanja biti naknadno obavije\u0161ten.<\/p>\n<p><strong>9. Transport i preuzimanje<\/strong><\/p>\n<p>Tro\u0161kovi osiguranog transporta i osiguranja do poslovnih prostora trgova\u010dkog dru\u0161tva Edisontrade d.o.o. uklju\u010deni su u cijenu, osim ako nije druga\u010dije pisano dogovoreno.<\/p>\n<p>Preuzimanje robe mogu\u0107e je u poslovnicama trgova\u010dkog dru\u0161tva Edisontrade d.o.o. ili, po dogovoru, putem osigurane po\u0161iljke Po\u0161te Slovenije na adresu koju kupac navede prilikom narud\u017ebe.<\/p>\n<p><strong>10. Pla\u0107anje kupoprodajne cijene<\/strong><\/p>\n<p>Kupac je du\u017ean podmiriti cjelokupnu kupoprodajnu cijenu isti dan nakon primitka predra\u010duna, osim ako nije druga\u010dije pisano dogovoreno.<\/p>\n<p>Mogu\u0107i na\u010dini pla\u0107anja:<\/p>\n<p>bankovni prijenos,<\/p>\n<p>gotovina (ako je dopu\u0161teno va\u017ee\u0107im propisima).<\/p>\n<p>U slu\u010daju ka\u0161njenja s pla\u0107anjem, ponuditelj zadr\u017eava pravo raskida ugovora ili obra\u010duna ugovorne kazne iz to\u010dke 5.5 ovih Op\u0107ih uvjeta.<\/p>\n<p><strong>11. Reklamacije i prigovori<\/strong><\/p>\n<p>Kupac mo\u017ee podnijeti reklamaciju u pisanom obliku na elektroni\u010dku adresu ponuditelja. Ponuditelj \u0107e reklamaciju razmotriti u najkra\u0107em mogu\u0107em roku.<\/p>\n<p><strong>12. Za\u0161tita osobnih podataka<\/strong><\/p>\n<p>Ponuditelj obra\u0111uje osobne podatke u skladu s GDPR-om i va\u017ee\u0107im zakonodavstvom. Detalji su navedeni u Politici privatnosti objavljenoj na internetskoj stranici ponuditelja.<\/p>\n<p><strong>13. Rje\u0161avanje sporova<\/strong><\/p>\n<p>Za sve sporove primjenjuje se pravo Republike Slovenije. Nadle\u017ean je stvarno nadle\u017ean sud u Republici Sloveniji.<\/p>\n<p><strong>15. Zavr\u0161ne odredbe<\/strong><\/p>\n<p>Ponuditelj zadr\u017eava pravo izmjene Op\u0107ih uvjeta. Va\u017ee\u0107i su oni Op\u0107i uvjeti koji su objavljeni na internetskoj stranici u trenutku podno\u0161enja narud\u017ebe.<\/p>\n<\/div><\/div><\/div><\/div><\/div>\n","protected":false},"excerpt":{"rendered":"","protected":false},"author":1,"featured_media":0,"parent":0,"menu_order":0,"comment_status":"closed","ping_status":"closed","template":"100-width.php","meta":{"_acf_changed":false,"footnotes":""},"class_list":["post-10708","page","type-page","status-publish","hentry"],"acf":[],"yoast_head":"<!-- This site is optimized with the Yoast SEO plugin v26.8 - https:\/\/yoast.com\/product\/yoast-seo-wordpress\/ -->\n<title>OP\u0106I UVJETI POSLOVANJA - Edisongold<\/title>\n<meta name=\"description\" content=\"Preberite na\u0161e pogoje poslovanja za jasno in pregledno izku\u0161njo pri vlaganju v plemenite kovine. Edisongold - va\u0161 zanesljiv vir za varne in transparentne nalo\u017ebe.\" \/>\n<meta name=\"robots\" content=\"index, follow, max-snippet:-1, max-image-preview:large, max-video-preview:-1\" \/>\n<link rel=\"canonical\" href=\"https:\/\/edisongold.com\/hr\/opci-uvjeti-poslovanja\/\" \/>\n<meta property=\"og:locale\" content=\"hr_HR\" \/>\n<meta property=\"og:type\" content=\"article\" \/>\n<meta property=\"og:title\" content=\"OP\u0106I UVJETI POSLOVANJA - Edisongold\" \/>\n<meta property=\"og:description\" content=\"Preberite na\u0161e pogoje poslovanja za jasno in pregledno izku\u0161njo pri vlaganju v plemenite kovine. Edisongold - va\u0161 zanesljiv vir za varne in transparentne nalo\u017ebe.\" \/>\n<meta property=\"og:url\" content=\"https:\/\/edisongold.com\/hr\/opci-uvjeti-poslovanja\/\" \/>\n<meta property=\"og:site_name\" content=\"Edisongold\" \/>\n<meta property=\"article:modified_time\" content=\"2026-02-06T08:07:56+00:00\" \/>\n<meta name=\"twitter:card\" content=\"summary_large_image\" \/>\n<meta name=\"twitter:label1\" content=\"Procijenjeno vrijeme \u010ditanja\" \/>\n\t<meta name=\"twitter:data1\" content=\"5 minuta\" \/>\n<script type=\"application\/ld+json\" class=\"yoast-schema-graph\">{\"@context\":\"https:\/\/schema.org\",\"@graph\":[{\"@type\":\"WebPage\",\"@id\":\"https:\/\/edisongold.com\/hr\/opci-uvjeti-poslovanja\/\",\"url\":\"https:\/\/edisongold.com\/hr\/opci-uvjeti-poslovanja\/\",\"name\":\"OP\u0106I UVJETI POSLOVANJA - Edisongold\",\"isPartOf\":{\"@id\":\"https:\/\/edisongold.com\/#website\"},\"datePublished\":\"2026-02-06T07:50:41+00:00\",\"dateModified\":\"2026-02-06T08:07:56+00:00\",\"description\":\"Preberite na\u0161e pogoje poslovanja za jasno in pregledno izku\u0161njo pri vlaganju v plemenite kovine. Edisongold - va\u0161 zanesljiv vir za varne in transparentne nalo\u017ebe.\",\"breadcrumb\":{\"@id\":\"https:\/\/edisongold.com\/hr\/opci-uvjeti-poslovanja\/#breadcrumb\"},\"inLanguage\":\"hr\",\"potentialAction\":[{\"@type\":\"ReadAction\",\"target\":[\"https:\/\/edisongold.com\/hr\/opci-uvjeti-poslovanja\/\"]}]},{\"@type\":\"BreadcrumbList\",\"@id\":\"https:\/\/edisongold.com\/hr\/opci-uvjeti-poslovanja\/#breadcrumb\",\"itemListElement\":[{\"@type\":\"ListItem\",\"position\":1,\"name\":\"Home\",\"item\":\"https:\/\/edisongold.com\/hr\/\"},{\"@type\":\"ListItem\",\"position\":2,\"name\":\"OP\u0106I UVJETI POSLOVANJA\"}]},{\"@type\":\"WebSite\",\"@id\":\"https:\/\/edisongold.com\/#website\",\"url\":\"https:\/\/edisongold.com\/\",\"name\":\"Edisongold\",\"description\":\"\",\"potentialAction\":[{\"@type\":\"SearchAction\",\"target\":{\"@type\":\"EntryPoint\",\"urlTemplate\":\"https:\/\/edisongold.com\/?s={search_term_string}\"},\"query-input\":{\"@type\":\"PropertyValueSpecification\",\"valueRequired\":true,\"valueName\":\"search_term_string\"}}],\"inLanguage\":\"hr\"}]}<\/script>\n<!-- \/ Yoast SEO plugin. -->","yoast_head_json":{"title":"OP\u0106I UVJETI POSLOVANJA - Edisongold","description":"Preberite na\u0161e pogoje poslovanja za jasno in pregledno izku\u0161njo pri vlaganju v plemenite kovine. Edisongold - va\u0161 zanesljiv vir za varne in transparentne nalo\u017ebe.","robots":{"index":"index","follow":"follow","max-snippet":"max-snippet:-1","max-image-preview":"max-image-preview:large","max-video-preview":"max-video-preview:-1"},"canonical":"https:\/\/edisongold.com\/hr\/opci-uvjeti-poslovanja\/","og_locale":"hr_HR","og_type":"article","og_title":"OP\u0106I UVJETI POSLOVANJA - Edisongold","og_description":"Preberite na\u0161e pogoje poslovanja za jasno in pregledno izku\u0161njo pri vlaganju v plemenite kovine. Edisongold - va\u0161 zanesljiv vir za varne in transparentne nalo\u017ebe.","og_url":"https:\/\/edisongold.com\/hr\/opci-uvjeti-poslovanja\/","og_site_name":"Edisongold","article_modified_time":"2026-02-06T08:07:56+00:00","twitter_card":"summary_large_image","twitter_misc":{"Procijenjeno vrijeme \u010ditanja":"5 minuta"},"schema":{"@context":"https:\/\/schema.org","@graph":[{"@type":"WebPage","@id":"https:\/\/edisongold.com\/hr\/opci-uvjeti-poslovanja\/","url":"https:\/\/edisongold.com\/hr\/opci-uvjeti-poslovanja\/","name":"OP\u0106I UVJETI POSLOVANJA - Edisongold","isPartOf":{"@id":"https:\/\/edisongold.com\/#website"},"datePublished":"2026-02-06T07:50:41+00:00","dateModified":"2026-02-06T08:07:56+00:00","description":"Preberite na\u0161e pogoje poslovanja za jasno in pregledno izku\u0161njo pri vlaganju v plemenite kovine. Edisongold - va\u0161 zanesljiv vir za varne in transparentne nalo\u017ebe.","breadcrumb":{"@id":"https:\/\/edisongold.com\/hr\/opci-uvjeti-poslovanja\/#breadcrumb"},"inLanguage":"hr","potentialAction":[{"@type":"ReadAction","target":["https:\/\/edisongold.com\/hr\/opci-uvjeti-poslovanja\/"]}]},{"@type":"BreadcrumbList","@id":"https:\/\/edisongold.com\/hr\/opci-uvjeti-poslovanja\/#breadcrumb","itemListElement":[{"@type":"ListItem","position":1,"name":"Home","item":"https:\/\/edisongold.com\/hr\/"},{"@type":"ListItem","position":2,"name":"OP\u0106I UVJETI POSLOVANJA"}]},{"@type":"WebSite","@id":"https:\/\/edisongold.com\/#website","url":"https:\/\/edisongold.com\/","name":"Edisongold","description":"","potentialAction":[{"@type":"SearchAction","target":{"@type":"EntryPoint","urlTemplate":"https:\/\/edisongold.com\/?s={search_term_string}"},"query-input":{"@type":"PropertyValueSpecification","valueRequired":true,"valueName":"search_term_string"}}],"inLanguage":"hr"}]}},"_links":{"self":[{"href":"https:\/\/edisongold.com\/hr\/wp-json\/wp\/v2\/pages\/10708","targetHints":{"allow":["GET"]}}],"collection":[{"href":"https:\/\/edisongold.com\/hr\/wp-json\/wp\/v2\/pages"}],"about":[{"href":"https:\/\/edisongold.com\/hr\/wp-json\/wp\/v2\/types\/page"}],"author":[{"embeddable":true,"href":"https:\/\/edisongold.com\/hr\/wp-json\/wp\/v2\/users\/1"}],"replies":[{"embeddable":true,"href":"https:\/\/edisongold.com\/hr\/wp-json\/wp\/v2\/comments?post=10708"}],"version-history":[{"count":1,"href":"https:\/\/edisongold.com\/hr\/wp-json\/wp\/v2\/pages\/10708\/revisions"}],"predecessor-version":[{"id":10711,"href":"https:\/\/edisongold.com\/hr\/wp-json\/wp\/v2\/pages\/10708\/revisions\/10711"}],"wp:attachment":[{"href":"https:\/\/edisongold.com\/hr\/wp-json\/wp\/v2\/media?parent=10708"}],"curies":[{"name":"wp","href":"https:\/\/api.w.org\/{rel}","templated":true}]}}